{"id":18846,"date":"2026-01-28T08:08:11","date_gmt":"2026-01-28T08:08:11","guid":{"rendered":"https:\/\/beautysba.co.uk\/product\/%d0%ba%d0%b0%d1%80%d1%81%d0%b8%d0%bb-%d1%82%d0%b0%d0%b1%d0%bb%d0%b5%d1%82%d0%ba%d0%b8-%d0%bf%d0%be-22-5-%d0%bc%d0%b3-%e2%84%9680\/"},"modified":"2026-01-28T08:37:29","modified_gmt":"2026-01-28T08:37:29","slug":"%d0%ba%d0%b0%d1%80%d1%81%d0%b8%d0%bb-%d1%82%d0%b0%d0%b1%d0%bb%d0%b5%d1%82%d0%ba%d0%b8-%d0%bf%d0%be-22-5-%d0%bc%d0%b3-%e2%84%9680","status":"publish","type":"product","link":"https:\/\/beautysba.co.uk\/lt\/produktas\/%d0%ba%d0%b0%d1%80%d1%81%d0%b8%d0%bb-%d1%82%d0%b0%d0%b1%d0%bb%d0%b5%d1%82%d0%ba%d0%b8-%d0%bf%d0%be-22-5-%d0%bc%d0%b3-%e2%84%9680\/","title":{"rendered":"Carsil tablet\u0117s 22,5 mg tablet\u0117s #80"},"content":{"rendered":"<p>&#8220;Karsil&#8221; yra augalinis hepatoprotektorius, kurio pagrind\u0105 sudaro pienini\u0173 er\u0161k\u0117tuogi\u0173 vaisi\u0173 ekstraktas, skirtas kepen\u0173 l\u0105stel\u0117ms gydyti ir atkurti. Vaistas veiksmingas esant toksiniams pa\u017eeidimams, l\u0117tiniam hepatitui (ne virusiniam), kepen\u0173 cirozei ir steatozei (kepen\u0173 surieb\u0117jimui). Jis taip pat vartojamas kepen\u0173 pa\u017eeidim\u0173 profilaktikai.<br \/>\nPagrindin\u0117s vartojimo indikacijos:<br \/>\nToksinis kepen\u0173 pa\u017eeidimas: Apsinuodijimas alkoholiu, vaist\u0173 poveikis, profesinis apsinuodijimas.<br \/>\nL\u0117tin\u0117s ligos: Nevirusin\u0117s etiologijos hepatitas, kepen\u0173 ciroz\u0117.<br \/>\nRiebalin\u0117 kepen\u0173 liga (steatoz\u0117): Alkoholin\u0117 ir nealkoholin\u0117.<br \/>\nProfilaktika: Ilg\u0105 laik\u0105 vartojant vaistus ar alkohol\u012f, siekiant apsaugoti kepenis.    <\/p>\n","protected":false},"excerpt":{"rendered":"<p>&#8220;Karsil&#8221; yra augalinis hepatoprotektorius, kurio pagrind\u0105 sudaro pienini\u0173 er\u0161k\u0117tuogi\u0173 vaisi\u0173 ekstraktas, skirtas kepen\u0173 l\u0105stel\u0117ms gydyti ir atkurti. Vaistas veiksmingas esant toksiniams pa\u017eeidimams, l\u0117tiniam hepatitui (ne virusiniam), kepen\u0173 cirozei ir steatozei (kepen\u0173 surieb\u0117jimui). Jis taip pat vartojamas kepen\u0173 pa\u017eeidim\u0173 profilaktikai. Pagrindin\u0117s vartojimo indikacijos: Toksinis kepen\u0173 pa\u017eeidimas: Apsinuodijimas alkoholiu, vaist\u0173 poveikis, profesinis apsinuodijimas. L\u0117tin\u0117s ligos: Nevirusin\u0117s etiologijos [&hellip;]<\/p>\n","protected":false},"featured_media":18844,"comment_status":"open","ping_status":"closed","template":"","meta":[],"product_brand":[],"product_cat":[217,220],"product_tag":[],"class_list":{"0":"post-18846","1":"product","2":"type-product","3":"status-publish","4":"has-post-thumbnail","6":"product_cat-sveikatos-prieziura","7":"product_cat-zarnyno-sveikata","9":"first","10":"instock","11":"shipping-taxable","12":"purchasable","13":"product-type-simple"},"_links":{"self":[{"href":"https:\/\/beautysba.co.uk\/lt\/wp-json\/wp\/v2\/product\/18846","targetHints":{"allow":["GET"]}}],"collection":[{"href":"https:\/\/beautysba.co.uk\/lt\/wp-json\/wp\/v2\/product"}],"about":[{"href":"https:\/\/beautysba.co.uk\/lt\/wp-json\/wp\/v2\/types\/product"}],"replies":[{"embeddable":true,"href":"https:\/\/beautysba.co.uk\/lt\/wp-json\/wp\/v2\/comments?post=18846"}],"wp:featuredmedia":[{"embeddable":true,"href":"https:\/\/beautysba.co.uk\/lt\/wp-json\/wp\/v2\/media\/18844"}],"wp:attachment":[{"href":"https:\/\/beautysba.co.uk\/lt\/wp-json\/wp\/v2\/media?parent=18846"}],"wp:term":[{"taxonomy":"product_brand","embeddable":true,"href":"https:\/\/beautysba.co.uk\/lt\/wp-json\/wp\/v2\/product_brand?post=18846"},{"taxonomy":"product_cat","embeddable":true,"href":"https:\/\/beautysba.co.uk\/lt\/wp-json\/wp\/v2\/product_cat?post=18846"},{"taxonomy":"product_tag","embeddable":true,"href":"https:\/\/beautysba.co.uk\/lt\/wp-json\/wp\/v2\/product_tag?post=18846"}],"curies":[{"name":"wp","href":"https:\/\/api.w.org\/{rel}","templated":true}]}}