{"id":18858,"date":"2026-01-28T08:13:38","date_gmt":"2026-01-28T08:13:38","guid":{"rendered":"https:\/\/beautysba.co.uk\/product\/%d1%83%d1%80%d0%be%d0%bb%d0%b5%d1%81%d0%b0%d0%bd-%d0%ba%d0%b0%d0%bf%d0%bb%d0%b8-25-%d0%bc%d0%bb\/"},"modified":"2026-02-10T07:19:14","modified_gmt":"2026-02-10T07:19:14","slug":"%d1%83%d1%80%d0%be%d0%bb%d0%b5%d1%81%d0%b0%d0%bd-%d0%ba%d0%b0%d0%bf%d0%bb%d0%b8-25-%d0%bc%d0%bb","status":"publish","type":"product","link":"https:\/\/beautysba.co.uk\/lt\/produktas\/%d1%83%d1%80%d0%be%d0%bb%d0%b5%d1%81%d0%b0%d0%bd-%d0%ba%d0%b0%d0%bf%d0%bb%d0%b8-25-%d0%bc%d0%bb\/","title":{"rendered":"Urolesan la\u0161ai 25 ml"},"content":{"rendered":"<p>Urolesan yra kombinuotas augalinis preparatas, vartojamas kompleksi\u0161kai gydant \u0161lapimo tak\u0173 infekcijas (cistit\u0105, pielonefrit\u0105), akmenlig\u0119, tul\u017eies akmenlig\u0119 ir tul\u017eies diskinezij\u0105. Jis pasi\u017eymi antispazminiu, prie\u0161u\u017edegiminiu, antiseptiniu ir diuretiniu poveikiu, skatina sm\u0117lio ir smulki\u0173 akmen\u0173 (iki 3 mm) \u0161alinim\u0105.<br \/>\nPagrindin\u0117s vartojimo indikacijos:<br \/>\nUrologija: \u016amin\u0117s ir l\u0117tin\u0117s infekcijos (cistitas, pielonefritas), akmenlig\u0117, akmenlig\u0117.<br \/>\nGastroenterologija: L\u0117tinis cholecistitas (\u012fskaitant akmenlig\u0119), cholelitiaz\u0117, tul\u017eies diskinezija (hiperkinezinis tipas).<br \/>\nProfilaktika: Akmen\u0173 susidarymo prevencija po j\u0173 pa\u0161alinimo ir sergant akmenlige.<br \/>\nLeidimo formos ir savyb\u0117s:<br \/>\nGalima vartoti la\u0161\u0173, kapsuli\u0173 ir sirupo pavidalu. Vaisto sud\u0117tyje yra augalini\u0173 ekstrakt\u0173 ir eterini\u0173 aliej\u0173. Veikimas prasideda pra\u0117jus 20-30 minu\u010di\u0173 po jo pavartojimo.     <\/p>\n","protected":false},"excerpt":{"rendered":"<p>Urolesan yra kombinuotas augalinis preparatas, vartojamas kompleksi\u0161kai gydant \u0161lapimo tak\u0173 infekcijas (cistit\u0105, pielonefrit\u0105), akmenlig\u0119, tul\u017eies akmenlig\u0119 ir tul\u017eies diskinezij\u0105. Jis pasi\u017eymi antispazminiu, prie\u0161u\u017edegiminiu, antiseptiniu ir diuretiniu poveikiu, skatina sm\u0117lio ir smulki\u0173 akmen\u0173 (iki 3 mm) \u0161alinim\u0105. Pagrindin\u0117s vartojimo indikacijos: Urologija: \u016amin\u0117s ir l\u0117tin\u0117s infekcijos (cistitas, pielonefritas), akmenlig\u0117, akmenlig\u0117. Gastroenterologija: L\u0117tinis cholecistitas (\u012fskaitant akmenlig\u0119), cholelitiaz\u0117, tul\u017eies [&hellip;]<\/p>\n","protected":false},"featured_media":18856,"comment_status":"open","ping_status":"closed","template":"","meta":[],"product_brand":[],"product_cat":[328,217,220],"product_tag":[],"class_list":{"0":"post-18858","1":"product","2":"type-product","3":"status-publish","4":"has-post-thumbnail","6":"product_cat-moteru-sveikata","7":"product_cat-sveikatos-prieziura","8":"product_cat-zarnyno-sveikata","10":"first","11":"instock","12":"shipping-taxable","13":"purchasable","14":"product-type-simple"},"_links":{"self":[{"href":"https:\/\/beautysba.co.uk\/lt\/wp-json\/wp\/v2\/product\/18858","targetHints":{"allow":["GET"]}}],"collection":[{"href":"https:\/\/beautysba.co.uk\/lt\/wp-json\/wp\/v2\/product"}],"about":[{"href":"https:\/\/beautysba.co.uk\/lt\/wp-json\/wp\/v2\/types\/product"}],"replies":[{"embeddable":true,"href":"https:\/\/beautysba.co.uk\/lt\/wp-json\/wp\/v2\/comments?post=18858"}],"wp:featuredmedia":[{"embeddable":true,"href":"https:\/\/beautysba.co.uk\/lt\/wp-json\/wp\/v2\/media\/18856"}],"wp:attachment":[{"href":"https:\/\/beautysba.co.uk\/lt\/wp-json\/wp\/v2\/media?parent=18858"}],"wp:term":[{"taxonomy":"product_brand","embeddable":true,"href":"https:\/\/beautysba.co.uk\/lt\/wp-json\/wp\/v2\/product_brand?post=18858"},{"taxonomy":"product_cat","embeddable":true,"href":"https:\/\/beautysba.co.uk\/lt\/wp-json\/wp\/v2\/product_cat?post=18858"},{"taxonomy":"product_tag","embeddable":true,"href":"https:\/\/beautysba.co.uk\/lt\/wp-json\/wp\/v2\/product_tag?post=18858"}],"curies":[{"name":"wp","href":"https:\/\/api.w.org\/{rel}","templated":true}]}}