{"id":18870,"date":"2026-01-28T08:19:51","date_gmt":"2026-01-28T08:19:51","guid":{"rendered":"https:\/\/beautysba.co.uk\/product\/%d0%bf%d1%80%d0%b8%d0%bc%d0%be%d0%bb%d1%8e%d1%82-%d0%bd%d0%be%d1%80-primolut-n-5mg-n30\/"},"modified":"2026-02-10T07:19:13","modified_gmt":"2026-02-10T07:19:13","slug":"%d0%bf%d1%80%d0%b8%d0%bc%d0%be%d0%bb%d1%8e%d1%82-%d0%bd%d0%be%d1%80-primolut-n-5mg-n30","status":"publish","type":"product","link":"https:\/\/beautysba.co.uk\/lt\/produktas\/%d0%bf%d1%80%d0%b8%d0%bc%d0%be%d0%bb%d1%8e%d1%82-%d0%bd%d0%be%d1%80-primolut-n-5mg-n30\/","title":{"rendered":"Primolut-N Primolut-N 5mg N30"},"content":{"rendered":"<p>Primolut-Nor (veiklioji med\u017eiaga &#8211; noretisteronas) yra hormoninis vaistas (gestagenas), vartojamas ginekologin\u0117ms ligoms, susijusioms su progesterono tr\u016bkumu arba poreikiu slopinti ovuliacij\u0105, gydyti. Jis skiriamas endometriozei, prie\u0161menstruaciniam sindromui (PMS), disfunkciniam kraujavimui i\u0161 gimdos, amenor\u0117jai gydyti, taip pat menstruacijoms atitolinti.<br \/>\nPagrindin\u0117s vartojimo indikacijos:<br \/>\nEndometrioz\u0117: endometrioz\u0117s \u017eidiniams ma\u017einti.<br \/>\nCiklo sutrikimai ir kraujavimas: disfunkciniam kraujavimui i\u0161 gimdos stabdyti ir m\u0117nesini\u0173 ciklui reguliuoti.<br \/>\nPrie\u0161menstruacinis sindromas (PMS): esant sunkiems simptomams.<br \/>\nAmenor\u0117ja: esant pirminei ir antrinei amenor\u0117jai.<br \/>\nM\u0117nesini\u0173 atid\u0117jimas: siekiant laikinai atid\u0117ti m\u0117nesini\u0173 prad\u017eios dat\u0105.<br \/>\nMastopatija: esant su ciklu susijusiems sutrikimams.   <\/p>\n","protected":false},"excerpt":{"rendered":"<p>Primolut-Nor (veiklioji med\u017eiaga &#8211; noretisteronas) yra hormoninis vaistas (gestagenas), vartojamas ginekologin\u0117ms ligoms, susijusioms su progesterono tr\u016bkumu arba poreikiu slopinti ovuliacij\u0105, gydyti. Jis skiriamas endometriozei, prie\u0161menstruaciniam sindromui (PMS), disfunkciniam kraujavimui i\u0161 gimdos, amenor\u0117jai gydyti, taip pat menstruacijoms atitolinti. Pagrindin\u0117s vartojimo indikacijos: Endometrioz\u0117: endometrioz\u0117s \u017eidiniams ma\u017einti. Ciklo sutrikimai ir kraujavimas: disfunkciniam kraujavimui i\u0161 gimdos stabdyti ir m\u0117nesini\u0173 [&hellip;]<\/p>\n","protected":false},"featured_media":18868,"comment_status":"open","ping_status":"closed","template":"","meta":[],"product_brand":[],"product_cat":[328,217,220],"product_tag":[],"class_list":{"0":"post-18870","1":"product","2":"type-product","3":"status-publish","4":"has-post-thumbnail","6":"product_cat-moteru-sveikata","7":"product_cat-sveikatos-prieziura","8":"product_cat-zarnyno-sveikata","10":"first","11":"instock","12":"shipping-taxable","13":"purchasable","14":"product-type-simple"},"_links":{"self":[{"href":"https:\/\/beautysba.co.uk\/lt\/wp-json\/wp\/v2\/product\/18870","targetHints":{"allow":["GET"]}}],"collection":[{"href":"https:\/\/beautysba.co.uk\/lt\/wp-json\/wp\/v2\/product"}],"about":[{"href":"https:\/\/beautysba.co.uk\/lt\/wp-json\/wp\/v2\/types\/product"}],"replies":[{"embeddable":true,"href":"https:\/\/beautysba.co.uk\/lt\/wp-json\/wp\/v2\/comments?post=18870"}],"wp:featuredmedia":[{"embeddable":true,"href":"https:\/\/beautysba.co.uk\/lt\/wp-json\/wp\/v2\/media\/18868"}],"wp:attachment":[{"href":"https:\/\/beautysba.co.uk\/lt\/wp-json\/wp\/v2\/media?parent=18870"}],"wp:term":[{"taxonomy":"product_brand","embeddable":true,"href":"https:\/\/beautysba.co.uk\/lt\/wp-json\/wp\/v2\/product_brand?post=18870"},{"taxonomy":"product_cat","embeddable":true,"href":"https:\/\/beautysba.co.uk\/lt\/wp-json\/wp\/v2\/product_cat?post=18870"},{"taxonomy":"product_tag","embeddable":true,"href":"https:\/\/beautysba.co.uk\/lt\/wp-json\/wp\/v2\/product_tag?post=18870"}],"curies":[{"name":"wp","href":"https:\/\/api.w.org\/{rel}","templated":true}]}}