{"id":18876,"date":"2026-01-28T08:26:40","date_gmt":"2026-01-28T08:26:40","guid":{"rendered":"https:\/\/beautysba.co.uk\/product\/hhs-a1-l-carnitine-lepidium-n30\/"},"modified":"2026-02-10T07:19:14","modified_gmt":"2026-02-10T07:19:14","slug":"hhs-a1-l-carnitine-lepidium-n30","status":"publish","type":"product","link":"https:\/\/beautysba.co.uk\/lt\/produktas\/hhs-a1-l-carnitine-lepidium-n30\/","title":{"rendered":"HHS A1 L-karnitinas Lepidium N30"},"content":{"rendered":"<p>L-karnitinas yra vienas populiariausi\u0173 svorio netekimo produkt\u0173 ingredient\u0173. Jis atlieka pagrindin\u012f vaidmen\u012f deginant riebalus ir didinant energijos kiek\u012f organizme. Daugelis tyrim\u0173 patvirtina jo veiksmingum\u0105 kovojant su vir\u0161svoriu. Ap\u017evelkime, kaip veikia L-karnitinas ir kaip jis gali pad\u0117ti pasiekti norim\u0173 rezultat\u0173.   <\/p>\n<p>Nat\u016brali sud\u0117tis \u012evadas<br \/>\nA1 liekn\u0117jimo kapsul\u0117s praturtintos daugybe nat\u016brali\u0173 ingredient\u0173, \u012fskaitant: L &#8211; karnitinas, \u017eiev\u0117s milteliai, kardamonas, imbieras, garcinija, lapidus, galangalas, pankolis, cinamonas, gvazdik\u0117liai, krap\u0173 s\u0117klos, kurie padeda pagreitinti med\u017eiag\u0173 apykait\u0105 ir pa\u0161alinti toksinus i\u0161 organizmo. \u0160is derinys leid\u017eia efektyviai deginti riebalus ir gerinti organizmo sveikat\u0105. <\/p>\n<p>Vartojimo instrukcijos<br \/>\nKad A1 kapsuli\u0173 su L-karnitinu poveikis b\u016bt\u0173 kuo didesnis, rekomenduojama gerti po 1 kapsul\u0119 likus pusvaland\u017eiui iki pusry\u010di\u0173. Taip pat svarbu steb\u0117ti savo mityb\u0105 ir vis\u0105 dien\u0105 vartoti pakankamai vandens. Vartojimo reguliarumas atlieka svarb\u0173 vaidmen\u012f siekiant norim\u0173 rezultat\u0173.  <\/p>\n","protected":false},"excerpt":{"rendered":"<p>L-karnitinas yra vienas populiariausi\u0173 svorio netekimo produkt\u0173 ingredient\u0173. Jis atlieka pagrindin\u012f vaidmen\u012f deginant riebalus ir didinant energijos kiek\u012f organizme. Daugelis tyrim\u0173 patvirtina jo veiksmingum\u0105 kovojant su vir\u0161svoriu. Ap\u017evelkime, kaip veikia L-karnitinas ir kaip jis gali pad\u0117ti pasiekti norim\u0173 rezultat\u0173. Nat\u016brali sud\u0117tis \u012evadas A1 liekn\u0117jimo kapsul\u0117s praturtintos daugybe nat\u016brali\u0173 ingredient\u0173, \u012fskaitant: L &#8211; karnitinas, \u017eiev\u0117s milteliai, [&hellip;]<\/p>\n","protected":false},"featured_media":18874,"comment_status":"open","ping_status":"closed","template":"","meta":[],"product_brand":[],"product_cat":[328,217,329,220],"product_tag":[],"class_list":{"0":"post-18876","1":"product","2":"type-product","3":"status-publish","4":"has-post-thumbnail","6":"product_cat-moteru-sveikata","7":"product_cat-sveikatos-prieziura","8":"product_cat-svorio-metimui","9":"product_cat-zarnyno-sveikata","11":"first","12":"outofstock","13":"shipping-taxable","14":"purchasable","15":"product-type-simple"},"_links":{"self":[{"href":"https:\/\/beautysba.co.uk\/lt\/wp-json\/wp\/v2\/product\/18876","targetHints":{"allow":["GET"]}}],"collection":[{"href":"https:\/\/beautysba.co.uk\/lt\/wp-json\/wp\/v2\/product"}],"about":[{"href":"https:\/\/beautysba.co.uk\/lt\/wp-json\/wp\/v2\/types\/product"}],"replies":[{"embeddable":true,"href":"https:\/\/beautysba.co.uk\/lt\/wp-json\/wp\/v2\/comments?post=18876"}],"wp:featuredmedia":[{"embeddable":true,"href":"https:\/\/beautysba.co.uk\/lt\/wp-json\/wp\/v2\/media\/18874"}],"wp:attachment":[{"href":"https:\/\/beautysba.co.uk\/lt\/wp-json\/wp\/v2\/media?parent=18876"}],"wp:term":[{"taxonomy":"product_brand","embeddable":true,"href":"https:\/\/beautysba.co.uk\/lt\/wp-json\/wp\/v2\/product_brand?post=18876"},{"taxonomy":"product_cat","embeddable":true,"href":"https:\/\/beautysba.co.uk\/lt\/wp-json\/wp\/v2\/product_cat?post=18876"},{"taxonomy":"product_tag","embeddable":true,"href":"https:\/\/beautysba.co.uk\/lt\/wp-json\/wp\/v2\/product_tag?post=18876"}],"curies":[{"name":"wp","href":"https:\/\/api.w.org\/{rel}","templated":true}]}}