{"id":18888,"date":"2026-01-28T08:34:18","date_gmt":"2026-01-28T08:34:18","guid":{"rendered":"https:\/\/beautysba.co.uk\/product\/xpecia-%d0%bf%d0%b8%d1%89%d0%b5%d0%b2%d0%b0%d1%8f-%d0%b4%d0%be%d0%b1%d0%b0%d0%b2%d0%ba%d0%b0-%d0%b4%d0%bb%d1%8f-%d1%83%d0%ba%d1%80%d0%b5%d0%bf%d0%bb%d0%b5%d0%bd%d0%b8%d1%8f-%d0%b2%d0%be%d0%bb%d0%be\/"},"modified":"2026-02-10T07:19:15","modified_gmt":"2026-02-10T07:19:15","slug":"xpecia-%d0%bf%d0%b8%d1%89%d0%b5%d0%b2%d0%b0%d1%8f-%d0%b4%d0%be%d0%b1%d0%b0%d0%b2%d0%ba%d0%b0-%d0%b4%d0%bb%d1%8f-%d1%83%d0%ba%d1%80%d0%b5%d0%bf%d0%bb%d0%b5%d0%bd%d0%b8%d1%8f-%d0%b2%d0%be%d0%bb%d0%be","status":"publish","type":"product","link":"https:\/\/beautysba.co.uk\/lt\/produktas\/xpecia-%d0%bf%d0%b8%d1%89%d0%b5%d0%b2%d0%b0%d1%8f-%d0%b4%d0%be%d0%b1%d0%b0%d0%b2%d0%ba%d0%b0-%d0%b4%d0%bb%d1%8f-%d1%83%d0%ba%d1%80%d0%b5%d0%bf%d0%bb%d0%b5%d0%bd%d0%b8%d1%8f-%d0%b2%d0%be%d0%bb%d0%be\/","title":{"rendered":"Xpecia Maistinis plauk\u0173 stiprinimo papildas moterims, 60 table\u010di\u0173."},"content":{"rendered":"<p>&#8220;Xpecia&#8221; yra vitamin\u0173 kompleksas ir maisto papildas, skirtas kovoti su plauk\u0173 slinkimu, stiprinti plauk\u0173 strukt\u016br\u0105, skatinti augim\u0105 ir ma\u017einti dihidrotestosterono (DHT) kiek\u012f galvos odoje. Vaisto yra versij\u0173, skirt\u0173 vyrams (su DHT blokatoriais) ir moterims.<br \/>\nPagrindin\u0117s Xpecia funkcijos ir savyb\u0117s:<br \/>\nPlauk\u0173 slinkimo stabdymas: Veiksmingas sergant androgenine alopecija (vyr\u0173 plikimu).<br \/>\nSud\u0117tis: Sud\u0117tyje yra pj\u016bklo palmeto (serenoa palm), biotino, pantoteno r\u016bg\u0161ties, folio r\u016bg\u0161ties, cinko, gele\u017eies ir kit\u0173 komponent\u0173, maitinan\u010di\u0173 folikulus.<br \/>\nVartojimas: Paprastai vartojama po 1-2 tabletes per dien\u0105, da\u017eniausiai kaip gydymo kurso dalis. <\/p>\n","protected":false},"excerpt":{"rendered":"<p>&#8220;Xpecia&#8221; yra vitamin\u0173 kompleksas ir maisto papildas, skirtas kovoti su plauk\u0173 slinkimu, stiprinti plauk\u0173 strukt\u016br\u0105, skatinti augim\u0105 ir ma\u017einti dihidrotestosterono (DHT) kiek\u012f galvos odoje. Vaisto yra versij\u0173, skirt\u0173 vyrams (su DHT blokatoriais) ir moterims. Pagrindin\u0117s Xpecia funkcijos ir savyb\u0117s: Plauk\u0173 slinkimo stabdymas: Veiksmingas sergant androgenine alopecija (vyr\u0173 plikimu). Sud\u0117tis: Sud\u0117tyje yra pj\u016bklo palmeto (serenoa palm), [&hellip;]<\/p>\n","protected":false},"featured_media":18880,"comment_status":"open","ping_status":"closed","template":"","meta":[],"product_brand":[],"product_cat":[328,217,220],"product_tag":[],"class_list":{"0":"post-18888","1":"product","2":"type-product","3":"status-publish","4":"has-post-thumbnail","6":"product_cat-moteru-sveikata","7":"product_cat-sveikatos-prieziura","8":"product_cat-zarnyno-sveikata","10":"first","11":"instock","12":"shipping-taxable","13":"purchasable","14":"product-type-simple"},"_links":{"self":[{"href":"https:\/\/beautysba.co.uk\/lt\/wp-json\/wp\/v2\/product\/18888","targetHints":{"allow":["GET"]}}],"collection":[{"href":"https:\/\/beautysba.co.uk\/lt\/wp-json\/wp\/v2\/product"}],"about":[{"href":"https:\/\/beautysba.co.uk\/lt\/wp-json\/wp\/v2\/types\/product"}],"replies":[{"embeddable":true,"href":"https:\/\/beautysba.co.uk\/lt\/wp-json\/wp\/v2\/comments?post=18888"}],"wp:featuredmedia":[{"embeddable":true,"href":"https:\/\/beautysba.co.uk\/lt\/wp-json\/wp\/v2\/media\/18880"}],"wp:attachment":[{"href":"https:\/\/beautysba.co.uk\/lt\/wp-json\/wp\/v2\/media?parent=18888"}],"wp:term":[{"taxonomy":"product_brand","embeddable":true,"href":"https:\/\/beautysba.co.uk\/lt\/wp-json\/wp\/v2\/product_brand?post=18888"},{"taxonomy":"product_cat","embeddable":true,"href":"https:\/\/beautysba.co.uk\/lt\/wp-json\/wp\/v2\/product_cat?post=18888"},{"taxonomy":"product_tag","embeddable":true,"href":"https:\/\/beautysba.co.uk\/lt\/wp-json\/wp\/v2\/product_tag?post=18888"}],"curies":[{"name":"wp","href":"https:\/\/api.w.org\/{rel}","templated":true}]}}