{"id":18927,"date":"2026-03-02T08:37:23","date_gmt":"2026-03-02T08:37:23","guid":{"rendered":"https:\/\/beautysba.co.uk\/product\/%d0%b4%d0%b5%d1%82%d1%81%d0%ba%d0%b8%d0%b9-%d0%ba%d1%80%d0%b5%d0%bc-%d0%ba%d1%80%d0%b0%d1%81%d0%bd%d0%b0%d1%8f-%d1%88%d0%b0%d0%bf%d0%be%d1%87%d0%ba%d0%b0-%d0%bf%d1%80%d0%be%d1%82%d0%b8%d0%b2\/"},"modified":"2026-05-12T12:15:49","modified_gmt":"2026-05-12T12:15:49","slug":"%d0%b4%d0%b5%d1%82%d1%81%d0%ba%d0%b8%d0%b9-%d0%ba%d1%80%d0%b5%d0%bc-%d0%ba%d1%80%d0%b0%d1%81%d0%bd%d0%b0%d1%8f-%d1%88%d0%b0%d0%bf%d0%be%d1%87%d0%ba%d0%b0-%d0%bf%d1%80%d0%be%d1%82%d0%b8%d0%b2","status":"publish","type":"product","link":"https:\/\/beautysba.co.uk\/lt\/produktas\/%d0%b4%d0%b5%d1%82%d1%81%d0%ba%d0%b8%d0%b9-%d0%ba%d1%80%d0%b5%d0%bc-%d0%ba%d1%80%d0%b0%d1%81%d0%bd%d0%b0%d1%8f-%d1%88%d0%b0%d0%bf%d0%be%d1%87%d0%ba%d0%b0-%d0%bf%d1%80%d0%be%d1%82%d0%b8%d0%b2\/","title":{"rendered":"Raudonkepurait\u0117s k\u016bdiki\u0173 kremas, prie\u0161u\u017edegiminis 75g"},"content":{"rendered":"<p>Apie jona\u017eol\u0117s gydom\u0105sias savybes visi \u017eino nuo neatmenam\u0173 laik\u0173. Legenda apie \u0161\u012f ne\u012fprast\u0105 augal\u0105 byloja: jona\u017eol\u0119 i\u0161 dangaus atne\u0161\u0117 stebuklingas pauk\u0161tis. Senov\u0117je \u0161iam augalui da\u017enai buvo priskiriamos stebuklingos savyb\u0117s ir galimyb\u0117s. I\u0161 ties\u0173 jona\u017eol\u0117 yra unikali, ji padeda gydyti daugel\u012f sunki\u0173 lig\u0173. Kosmetologijoje ji tokia pat nepakei\u010diama kaip ir medicinoje.<br \/>\nK\u016bdiki\u0173 kremas &#8220;Raudonoji kepur\u0117l\u0117&#8221;, kurio pagrind\u0105 sudaro jona\u017eol\u0117s ekstraktas, pasi\u017eymi prie\u0161u\u017edegiminiu poveikiu. Jis ma\u017eina paraudim\u0105 ir ramina sudirgusi\u0105 od\u0105, saugo j\u0105 nuo \u017ealingo aplinkos poveikio. D-pantenolis, provitaminas B5, padeda atkurti odos strukt\u016br\u0105, j\u0105 mink\u0161tina. Krem\u0105 rekomenduojama naudoti kaip dr\u0117kinam\u0105j\u0105 ir prie\u0161u\u017edegimin\u0119 priemon\u0119 po maudyni\u0173.   <\/p>\n<p>Vanduo, Helianthus Annuus aliejus, stearino r\u016bg\u0161tis, glicerino stearatas, glicerinas, cetearilo alkoholis, fenoksietanolis, metilparabenas, etilparabenas, kaprilo glikolis, pantenolis, parfumas, natrio hidroksidas, Hypericum Perforatum ekstrakto aliejus-SC-[CO2], BHA, BHT, linalolis, limonenas, benzilo salicilatas.<\/p>\n","protected":false},"excerpt":{"rendered":"<p>Apie jona\u017eol\u0117s gydom\u0105sias savybes visi \u017eino nuo neatmenam\u0173 laik\u0173. Legenda apie \u0161\u012f ne\u012fprast\u0105 augal\u0105 byloja: jona\u017eol\u0119 i\u0161 dangaus atne\u0161\u0117 stebuklingas pauk\u0161tis. Senov\u0117je \u0161iam augalui da\u017enai buvo priskiriamos stebuklingos savyb\u0117s ir galimyb\u0117s. I\u0161 ties\u0173 jona\u017eol\u0117 yra unikali, ji padeda gydyti daugel\u012f sunki\u0173 lig\u0173. Kosmetologijoje ji tokia pat nepakei\u010diama kaip ir medicinoje. K\u016bdiki\u0173 kremas &#8220;Raudonoji kepur\u0117l\u0117&#8221;, kurio [&hellip;]<\/p>\n","protected":false},"featured_media":18925,"comment_status":"open","ping_status":"closed","template":"","meta":[],"product_brand":[],"product_cat":[118,114],"product_tag":[],"class_list":{"0":"post-18927","1":"product","2":"type-product","3":"status-publish","4":"has-post-thumbnail","6":"product_cat-oda","7":"product_cat-vaikiska-kosmetika","9":"first","10":"instock","11":"shipping-taxable","12":"purchasable","13":"product-type-simple"},"_links":{"self":[{"href":"https:\/\/beautysba.co.uk\/lt\/wp-json\/wp\/v2\/product\/18927","targetHints":{"allow":["GET"]}}],"collection":[{"href":"https:\/\/beautysba.co.uk\/lt\/wp-json\/wp\/v2\/product"}],"about":[{"href":"https:\/\/beautysba.co.uk\/lt\/wp-json\/wp\/v2\/types\/product"}],"replies":[{"embeddable":true,"href":"https:\/\/beautysba.co.uk\/lt\/wp-json\/wp\/v2\/comments?post=18927"}],"wp:featuredmedia":[{"embeddable":true,"href":"https:\/\/beautysba.co.uk\/lt\/wp-json\/wp\/v2\/media\/18925"}],"wp:attachment":[{"href":"https:\/\/beautysba.co.uk\/lt\/wp-json\/wp\/v2\/media?parent=18927"}],"wp:term":[{"taxonomy":"product_brand","embeddable":true,"href":"https:\/\/beautysba.co.uk\/lt\/wp-json\/wp\/v2\/product_brand?post=18927"},{"taxonomy":"product_cat","embeddable":true,"href":"https:\/\/beautysba.co.uk\/lt\/wp-json\/wp\/v2\/product_cat?post=18927"},{"taxonomy":"product_tag","embeddable":true,"href":"https:\/\/beautysba.co.uk\/lt\/wp-json\/wp\/v2\/product_tag?post=18927"}],"curies":[{"name":"wp","href":"https:\/\/api.w.org\/{rel}","templated":true}]}}