{"id":19041,"date":"2026-04-24T08:27:54","date_gmt":"2026-04-24T08:27:54","guid":{"rendered":"https:\/\/beautysba.co.uk\/product\/sampunas-su-alyvuogiu-aliejumi-ir-silko-proteinais-kallos-silk-1000ml\/"},"modified":"2026-04-24T08:31:55","modified_gmt":"2026-04-24T08:31:55","slug":"sampunas-su-alyvuogiu-aliejumi-ir-silko-proteinais-kallos-silk-1000ml","status":"publish","type":"product","link":"https:\/\/beautysba.co.uk\/lt\/produktas\/sampunas-su-alyvuogiu-aliejumi-ir-silko-proteinais-kallos-silk-1000ml\/","title":{"rendered":"\u0160amp\u016bnas su alyvuogi\u0173 aliejumi ir \u0161ilko proteinais Kallos SILK 1000ml"},"content":{"rendered":"<p>&#8220;Kallos Silk Shampoo&#8221; \u0161amp\u016bnas su alyvuogi\u0173 aliejumi ir \u0161ilko proteinais yra gaminamas vengr\u0173 prek\u0117s \u017eenklo &#8220;Kallos Cosmetics&#8221;. Produktas patiks pa\u017eeist\u0173 plauk\u0173 savininkams d\u0117l savo momentinio poveikio ir neprilygstamos kokyb\u0117s. Ilgai trukusi\u0173 kvalifikuot\u0173 specialist\u0173 ir pirmaujan\u010di\u0173 kosmetolog\u0173-dermatolog\u0173 tyrim\u0173 ir tobulinimo rezultatas &#8211; sukurtas \u0161is novatori\u0161kas produktas. Gerai \u017einoma, kad nusilpusius plaukus reikia papildomai maitinti. \u0160ilko baltymai geba \u012fsiskverbti \u012f kiekvieno plauko strukt\u016br\u0105 ir prisotinti juos vitaminais bei mikroelementais, o alyvuogi\u0173 aliejus puikiai dr\u0117kina j\u016bs\u0173 sruogas.    <\/p>\n<p>Po proced\u016br\u0173 su &#8220;Kallos&#8221; \u0161ilko \u0161amp\u016bnu su alyvuogi\u0173 aliejumi j\u016bs\u0173 plaukai atsinaujins. Jie taps gra\u017e\u016bs, sveiki ir gerai pri\u017ei\u016brimi, o j\u0173 galiukai neskilin\u0117s ir nel\u016b\u017ein\u0117s. <\/p>\n<p>Vanduo, natrio laureto sulfatas, natrio chloridas, kokamido DEA, kokamidopropil betainas, kokoso gliukozidas, parfumas, PEG-4 distearilo eteris, glicerinas, distearilo eteris, Olea Europaea aliejus, citrinos r\u016bg\u0161tis, propilenglikolis, dikaprilio eteris, sericinas, amodimetikonas, cetrimonio chloridas, tride\u0161etas-12, benzilo alkoholis, metilchlorizotiazolinonas, metilizotiazolinonas, natrio benzoatas.<\/p>\n","protected":false},"excerpt":{"rendered":"<p>&#8220;Kallos Silk Shampoo&#8221; \u0161amp\u016bnas su alyvuogi\u0173 aliejumi ir \u0161ilko proteinais yra gaminamas vengr\u0173 prek\u0117s \u017eenklo &#8220;Kallos Cosmetics&#8221;. Produktas patiks pa\u017eeist\u0173 plauk\u0173 savininkams d\u0117l savo momentinio poveikio ir neprilygstamos kokyb\u0117s. Ilgai trukusi\u0173 kvalifikuot\u0173 specialist\u0173 ir pirmaujan\u010di\u0173 kosmetolog\u0173-dermatolog\u0173 tyrim\u0173 ir tobulinimo rezultatas &#8211; sukurtas \u0161is novatori\u0161kas produktas. Gerai \u017einoma, kad nusilpusius plaukus reikia papildomai maitinti. \u0160ilko baltymai [&hellip;]<\/p>\n","protected":false},"featured_media":19038,"comment_status":"open","ping_status":"closed","template":"","meta":[],"product_brand":[],"product_cat":[211,192,216],"product_tag":[],"class_list":{"0":"post-19041","1":"product","2":"type-product","3":"status-publish","4":"has-post-thumbnail","6":"product_cat-hair-lt","7":"product_cat-naujienos","8":"product_cat-sampunai","10":"first","11":"instock","12":"shipping-taxable","13":"purchasable","14":"product-type-simple"},"_links":{"self":[{"href":"https:\/\/beautysba.co.uk\/lt\/wp-json\/wp\/v2\/product\/19041","targetHints":{"allow":["GET"]}}],"collection":[{"href":"https:\/\/beautysba.co.uk\/lt\/wp-json\/wp\/v2\/product"}],"about":[{"href":"https:\/\/beautysba.co.uk\/lt\/wp-json\/wp\/v2\/types\/product"}],"replies":[{"embeddable":true,"href":"https:\/\/beautysba.co.uk\/lt\/wp-json\/wp\/v2\/comments?post=19041"}],"wp:featuredmedia":[{"embeddable":true,"href":"https:\/\/beautysba.co.uk\/lt\/wp-json\/wp\/v2\/media\/19038"}],"wp:attachment":[{"href":"https:\/\/beautysba.co.uk\/lt\/wp-json\/wp\/v2\/media?parent=19041"}],"wp:term":[{"taxonomy":"product_brand","embeddable":true,"href":"https:\/\/beautysba.co.uk\/lt\/wp-json\/wp\/v2\/product_brand?post=19041"},{"taxonomy":"product_cat","embeddable":true,"href":"https:\/\/beautysba.co.uk\/lt\/wp-json\/wp\/v2\/product_cat?post=19041"},{"taxonomy":"product_tag","embeddable":true,"href":"https:\/\/beautysba.co.uk\/lt\/wp-json\/wp\/v2\/product_tag?post=19041"}],"curies":[{"name":"wp","href":"https:\/\/api.w.org\/{rel}","templated":true}]}}