{"id":19047,"date":"2026-04-24T08:32:33","date_gmt":"2026-04-24T08:32:33","guid":{"rendered":"https:\/\/beautysba.co.uk\/product\/maitinamoji-plauku-kauke-kallos-silk-1000ml\/"},"modified":"2026-04-24T08:32:49","modified_gmt":"2026-04-24T08:32:49","slug":"maitinamoji-plauku-kauke-kallos-silk-1000ml","status":"publish","type":"product","link":"https:\/\/beautysba.co.uk\/lt\/produktas\/maitinamoji-plauku-kauke-kallos-silk-1000ml\/","title":{"rendered":"Maitinamoji plauk\u0173 kauk\u0117 Kallos SILK 1000ml"},"content":{"rendered":"<p>Garbingo vengr\u0173 prek\u0117s \u017eenklo &#8220;Kallos Cosmetics&#8221; kauk\u0117 &#8220;Kallos Silk Hair Mask&#8221; tinka vis\u0173 tip\u0173 plaukams ir yra dviej\u0173 format\u0173 &#8211; 275 ml ir 1000 ml. J\u0105 lengva tepti, tod\u0117l \u0161\u012f profesional\u0173 produkt\u0105 galite naudoti net namuose. <\/p>\n<p>Prad\u0117jusiems slinkti, i\u0161blukusiems ir praradusiems buvus\u012f \u017evilges\u012f plaukams \u0161ilko baltymai yra tiesiog b\u016btini atgaivinti. Pa\u017eeidus plauko strukt\u016br\u0105, sruogos paprastai tampa sausos ir negyvos, o galiukai skilin\u0117ja. Alyvuogi\u0173 aliejus, kuris taip pat \u012feina \u012f produkto sud\u0117t\u012f, giliai sudr\u0117kina kiekvien\u0105 plauk\u0105 ir suteikia jiems b\u016btino maitinimo.  <\/p>\n<p>Vitaminai A ir E, kurie tiesiogiai veikia plauk\u0173 sveikat\u0105, stiprina j\u0173 strukt\u016br\u0105, skatina plauk\u0173 folikul\u0173 augim\u0105 ir atsinaujinim\u0105 bei apr\u016bpina sruogas deguonimi. &#8220;Kallos Silk Hair Mask&#8221; laikoma greitai veikian\u010diu produktu. Kad produktas prad\u0117t\u0173 teikti reikiam\u0105 teigiam\u0105 poveik\u012f plaukams, kauk\u0119 reikia tepti ant i\u0161plaut\u0173 plauk\u0173 tik 5 minutes, o tada nuplauti \u0161iltu vandeniu. Tada plaukai \u012fgaus sveik\u0105 ir pri\u017ei\u016br\u0117t\u0105 i\u0161vaizd\u0105.   <\/p>\n<p>Vanduo, cetearilo alkoholis, cetrimonio chloridas, Olea Europaea aliejus, citrinos r\u016bg\u0161tis, ciklopentachloridas, metilchlorizotiazolinonas, metilizotiazolinonas, metilizotiazolinonas, metilizotiazolinonas.<\/p>\n","protected":false},"excerpt":{"rendered":"<p>Garbingo vengr\u0173 prek\u0117s \u017eenklo &#8220;Kallos Cosmetics&#8221; kauk\u0117 &#8220;Kallos Silk Hair Mask&#8221; tinka vis\u0173 tip\u0173 plaukams ir yra dviej\u0173 format\u0173 &#8211; 275 ml ir 1000 ml. J\u0105 lengva tepti, tod\u0117l \u0161\u012f profesional\u0173 produkt\u0105 galite naudoti net namuose. Prad\u0117jusiems slinkti, i\u0161blukusiems ir praradusiems buvus\u012f \u017evilges\u012f plaukams \u0161ilko baltymai yra tiesiog b\u016btini atgaivinti. Pa\u017eeidus plauko strukt\u016br\u0105, sruogos paprastai [&hellip;]<\/p>\n","protected":false},"featured_media":19044,"comment_status":"open","ping_status":"closed","template":"","meta":[],"product_brand":[],"product_cat":[211,192,214],"product_tag":[],"class_list":{"0":"post-19047","1":"product","2":"type-product","3":"status-publish","4":"has-post-thumbnail","6":"product_cat-hair-lt","7":"product_cat-naujienos","8":"product_cat-plauku-kaukes","10":"first","11":"instock","12":"shipping-taxable","13":"purchasable","14":"product-type-simple"},"_links":{"self":[{"href":"https:\/\/beautysba.co.uk\/lt\/wp-json\/wp\/v2\/product\/19047","targetHints":{"allow":["GET"]}}],"collection":[{"href":"https:\/\/beautysba.co.uk\/lt\/wp-json\/wp\/v2\/product"}],"about":[{"href":"https:\/\/beautysba.co.uk\/lt\/wp-json\/wp\/v2\/types\/product"}],"replies":[{"embeddable":true,"href":"https:\/\/beautysba.co.uk\/lt\/wp-json\/wp\/v2\/comments?post=19047"}],"wp:featuredmedia":[{"embeddable":true,"href":"https:\/\/beautysba.co.uk\/lt\/wp-json\/wp\/v2\/media\/19044"}],"wp:attachment":[{"href":"https:\/\/beautysba.co.uk\/lt\/wp-json\/wp\/v2\/media?parent=19047"}],"wp:term":[{"taxonomy":"product_brand","embeddable":true,"href":"https:\/\/beautysba.co.uk\/lt\/wp-json\/wp\/v2\/product_brand?post=19047"},{"taxonomy":"product_cat","embeddable":true,"href":"https:\/\/beautysba.co.uk\/lt\/wp-json\/wp\/v2\/product_cat?post=19047"},{"taxonomy":"product_tag","embeddable":true,"href":"https:\/\/beautysba.co.uk\/lt\/wp-json\/wp\/v2\/product_tag?post=19047"}],"curies":[{"name":"wp","href":"https:\/\/api.w.org\/{rel}","templated":true}]}}