{"id":19054,"date":"2026-04-24T08:34:18","date_gmt":"2026-04-24T08:34:18","guid":{"rendered":"https:\/\/beautysba.co.uk\/product\/kallos-caviar-black-caviar-plauku-atstatymo-sampunas-1000ml\/"},"modified":"2026-04-24T08:34:54","modified_gmt":"2026-04-24T08:34:54","slug":"kallos-caviar-black-caviar-plauku-atstatymo-sampunas-1000ml","status":"publish","type":"product","link":"https:\/\/beautysba.co.uk\/lt\/produktas\/kallos-caviar-black-caviar-plauku-atstatymo-sampunas-1000ml\/","title":{"rendered":"&#8220;Kallos CAVIAR Black Caviar&#8221; plauk\u0173 atstatymo \u0161amp\u016bnas 1000ml"},"content":{"rendered":"<p>Garsus kosmetikos prek\u0117s \u017eenklas &#8220;Kallos Cosmetics&#8221; suk\u016br\u0117 special\u0173 \u0161amp\u016bn\u0105 su juod\u0173j\u0173 ikr\u0173 ekstraktu, skirt\u0105 pa\u017eeistiems, nusilpusiems ir ploniems plaukams. \u0160amp\u016bno sud\u0117tyje taip pat yra daug mineral\u0173, vitamin\u0173 ir kit\u0173 maisting\u0173j\u0173 med\u017eiag\u0173, kurios gerina ne tik plauk\u0173 i\u0161vaizd\u0105, bet ir bendr\u0105 j\u0173 b\u016bkl\u0119. <\/p>\n<p>\u0160amp\u016bnas \u0161velniai valo, nedirgina ir nesausina galvos odos. Jis suteikia plaukams nat\u016bralios apimties ir ilgam suteikia gaivumo bei \u0161varos poj\u016bt\u012f.<br \/>\nDidel\u0117 juod\u0173j\u0173 ikr\u0173 riebal\u0173 ir baltym\u0173 koncentracija leid\u017eia \u0161amp\u016bnui atkurti nat\u016bral\u0173 plauk\u0173 stiprum\u0105 ir glotnum\u0105, suteikti jiems pri\u017ei\u016br\u0117t\u0105 ir sveik\u0105 i\u0161vaizd\u0105. Be to, \u0161amp\u016bnas pasi\u017eymi dideliu stiprinamuoju poveikiu, pad\u0117s kovoti su plauk\u0173 slinkimu ir l\u016b\u017ein\u0117jimu. <\/p>\n<p>Vanduo, natrio laureto sulfatas, natrio chloridas, kokamido DEA, kokamidopropil betainas, kokoso gliukozidas, parfumas, PEG-4 distearilo eteris, polikvaternijus-7, glicerinas, distearilo eteris, ikr\u0173 ekstraktas, citrinos r\u016bg\u0161tis, propilenglikolis, dikaprilo eteris, amodimetikonas, cetrimonio chloridas, tride\u0161etas-12, benzilo alkoholis, metilchlorizotiazolinonas, metilizotiazolinonas, natrio benzoatas.<\/p>\n","protected":false},"excerpt":{"rendered":"<p>Garsus kosmetikos prek\u0117s \u017eenklas &#8220;Kallos Cosmetics&#8221; suk\u016br\u0117 special\u0173 \u0161amp\u016bn\u0105 su juod\u0173j\u0173 ikr\u0173 ekstraktu, skirt\u0105 pa\u017eeistiems, nusilpusiems ir ploniems plaukams. \u0160amp\u016bno sud\u0117tyje taip pat yra daug mineral\u0173, vitamin\u0173 ir kit\u0173 maisting\u0173j\u0173 med\u017eiag\u0173, kurios gerina ne tik plauk\u0173 i\u0161vaizd\u0105, bet ir bendr\u0105 j\u0173 b\u016bkl\u0119. \u0160amp\u016bnas \u0161velniai valo, nedirgina ir nesausina galvos odos. Jis suteikia plaukams nat\u016bralios apimties [&hellip;]<\/p>\n","protected":false},"featured_media":19051,"comment_status":"open","ping_status":"closed","template":"","meta":[],"product_brand":[],"product_cat":[211,192,216],"product_tag":[],"class_list":{"0":"post-19054","1":"product","2":"type-product","3":"status-publish","4":"has-post-thumbnail","6":"product_cat-hair-lt","7":"product_cat-naujienos","8":"product_cat-sampunai","10":"first","11":"instock","12":"shipping-taxable","13":"purchasable","14":"product-type-simple"},"_links":{"self":[{"href":"https:\/\/beautysba.co.uk\/lt\/wp-json\/wp\/v2\/product\/19054","targetHints":{"allow":["GET"]}}],"collection":[{"href":"https:\/\/beautysba.co.uk\/lt\/wp-json\/wp\/v2\/product"}],"about":[{"href":"https:\/\/beautysba.co.uk\/lt\/wp-json\/wp\/v2\/types\/product"}],"replies":[{"embeddable":true,"href":"https:\/\/beautysba.co.uk\/lt\/wp-json\/wp\/v2\/comments?post=19054"}],"wp:featuredmedia":[{"embeddable":true,"href":"https:\/\/beautysba.co.uk\/lt\/wp-json\/wp\/v2\/media\/19051"}],"wp:attachment":[{"href":"https:\/\/beautysba.co.uk\/lt\/wp-json\/wp\/v2\/media?parent=19054"}],"wp:term":[{"taxonomy":"product_brand","embeddable":true,"href":"https:\/\/beautysba.co.uk\/lt\/wp-json\/wp\/v2\/product_brand?post=19054"},{"taxonomy":"product_cat","embeddable":true,"href":"https:\/\/beautysba.co.uk\/lt\/wp-json\/wp\/v2\/product_cat?post=19054"},{"taxonomy":"product_tag","embeddable":true,"href":"https:\/\/beautysba.co.uk\/lt\/wp-json\/wp\/v2\/product_tag?post=19054"}],"curies":[{"name":"wp","href":"https:\/\/api.w.org\/{rel}","templated":true}]}}