{"id":19058,"date":"2026-04-24T08:35:29","date_gmt":"2026-04-24T08:35:29","guid":{"rendered":"https:\/\/beautysba.co.uk\/product\/kallos-caviar-1000ml-plauku-atkurimo-kauke-su-juoduju-ikru-ekstraktu\/"},"modified":"2026-04-24T08:35:38","modified_gmt":"2026-04-24T08:35:38","slug":"kallos-caviar-1000ml-plauku-atkurimo-kauke-su-juoduju-ikru-ekstraktu","status":"publish","type":"product","link":"https:\/\/beautysba.co.uk\/lt\/produktas\/kallos-caviar-1000ml-plauku-atkurimo-kauke-su-juoduju-ikru-ekstraktu\/","title":{"rendered":"Kallos CAVIAR 1000ml plauk\u0173 atk\u016brimo kauk\u0117 su juod\u0173j\u0173 ikr\u0173 ekstraktu"},"content":{"rendered":"<p>Vengrijos preki\u0173 \u017eenklo &#8220;Kallos&#8221; plauk\u0173 gaminiai pla\u010diai \u017einomi visame pasaulyje. Jie vertinami d\u0117l nepriekai\u0161tingos kokyb\u0117s ir didelio veiksmingumo. &#8220;Kallos&#8221; asortiment\u0105 sudaro \u012fvair\u016bs kosmetikos gaminiai, skirti visoms plauk\u0173 problemoms spr\u0119sti. Tai leid\u017eia tarp j\u0173 rasti savo plauk\u0173 tipui tinkam\u0173 produkt\u0173.   <\/p>\n<p>&#8220;Black Caviar Hair Repair Mask&#8221; pasi\u017eymi atgaivinan\u010diu poveikiu. Ji suteikia energijos ir regeneruoja plaukus, padeda atgaivinti pavargusias ir negyvas sruogas. Ikrai, kuri\u0173 yra &#8220;Kallos Cosmetics&#8221; kauk\u0117s &#8220;Anti-Age Hair Mask&#8221; sud\u0117tyje, laikomi viena veiksmingiausi\u0173 nat\u016brali\u0173 plauk\u0173 atstatymo priemoni\u0173. \u0160iame produkte yra itin didel\u0117 vitamin\u0173 koncentracija. Be to, jame yra mineral\u0173, baltym\u0173 ir riebal\u0173, esan\u010di\u0173 juod\u0173j\u0173 ikr\u0173 sud\u0117tyje. Jau po pirmojo panaudojimo gal\u0117site pasteb\u0117ti stebukling\u0105 \u0161ios &#8220;Kallos&#8221; kauk\u0117s poveik\u012f savo sruogoms.     <\/p>\n<p>Vanduo, cetearilo alkoholis, cetrimonio chloridas, ikr\u0173 ekstraktas, parfumas, citrinos r\u016bg\u0161tis, ciklopentasiloksanas, dimetikonolis, propilenglikolis, benzilo alkoholis, metilchlorizotiazolinonas, metilizotiazolinonas.<\/p>\n","protected":false},"excerpt":{"rendered":"<p>Vengrijos preki\u0173 \u017eenklo &#8220;Kallos&#8221; plauk\u0173 gaminiai pla\u010diai \u017einomi visame pasaulyje. Jie vertinami d\u0117l nepriekai\u0161tingos kokyb\u0117s ir didelio veiksmingumo. &#8220;Kallos&#8221; asortiment\u0105 sudaro \u012fvair\u016bs kosmetikos gaminiai, skirti visoms plauk\u0173 problemoms spr\u0119sti. Tai leid\u017eia tarp j\u0173 rasti savo plauk\u0173 tipui tinkam\u0173 produkt\u0173. &#8220;Black Caviar Hair Repair Mask&#8221; pasi\u017eymi atgaivinan\u010diu poveikiu. Ji suteikia energijos ir regeneruoja plaukus, padeda atgaivinti [&hellip;]<\/p>\n","protected":false},"featured_media":19057,"comment_status":"open","ping_status":"closed","template":"","meta":[],"product_brand":[],"product_cat":[211,192,214],"product_tag":[],"class_list":{"0":"post-19058","1":"product","2":"type-product","3":"status-publish","4":"has-post-thumbnail","6":"product_cat-hair-lt","7":"product_cat-naujienos","8":"product_cat-plauku-kaukes","10":"first","11":"instock","12":"shipping-taxable","13":"purchasable","14":"product-type-simple"},"_links":{"self":[{"href":"https:\/\/beautysba.co.uk\/lt\/wp-json\/wp\/v2\/product\/19058","targetHints":{"allow":["GET"]}}],"collection":[{"href":"https:\/\/beautysba.co.uk\/lt\/wp-json\/wp\/v2\/product"}],"about":[{"href":"https:\/\/beautysba.co.uk\/lt\/wp-json\/wp\/v2\/types\/product"}],"replies":[{"embeddable":true,"href":"https:\/\/beautysba.co.uk\/lt\/wp-json\/wp\/v2\/comments?post=19058"}],"wp:featuredmedia":[{"embeddable":true,"href":"https:\/\/beautysba.co.uk\/lt\/wp-json\/wp\/v2\/media\/19057"}],"wp:attachment":[{"href":"https:\/\/beautysba.co.uk\/lt\/wp-json\/wp\/v2\/media?parent=19058"}],"wp:term":[{"taxonomy":"product_brand","embeddable":true,"href":"https:\/\/beautysba.co.uk\/lt\/wp-json\/wp\/v2\/product_brand?post=19058"},{"taxonomy":"product_cat","embeddable":true,"href":"https:\/\/beautysba.co.uk\/lt\/wp-json\/wp\/v2\/product_cat?post=19058"},{"taxonomy":"product_tag","embeddable":true,"href":"https:\/\/beautysba.co.uk\/lt\/wp-json\/wp\/v2\/product_tag?post=19058"}],"curies":[{"name":"wp","href":"https:\/\/api.w.org\/{rel}","templated":true}]}}