{"id":19070,"date":"2026-04-24T08:38:37","date_gmt":"2026-04-24T08:38:37","guid":{"rendered":"https:\/\/beautysba.co.uk\/product\/sampunas-dazytiems-ir-sausiems-plaukams-kallos-color-1000ml\/"},"modified":"2026-04-24T08:40:45","modified_gmt":"2026-04-24T08:40:45","slug":"sampunas-dazytiems-ir-sausiems-plaukams-kallos-color-1000ml","status":"publish","type":"product","link":"https:\/\/beautysba.co.uk\/lt\/produktas\/sampunas-dazytiems-ir-sausiems-plaukams-kallos-color-1000ml\/","title":{"rendered":"\u0160amp\u016bnas da\u017eytiems ir sausiems plaukams Kallos COLOR 1000ml"},"content":{"rendered":"<p>&#8220;Kallos Color Shampoo&#8221; \u0161amp\u016bn\u0105 su s\u0117men\u0173 aliejumi da\u017eytiems ir sausiems plaukams suk\u016br\u0117 vengr\u0173 kompanija &#8220;Kallos Cosmetics&#8221;. D\u0117l savo unikali\u0173 sprendim\u0173 ir novatori\u0161k\u0173 gamybos metod\u0173 ji jau seniai u\u017ekariavo daugelio moter\u0173 \u0161irdis visoje Europoje. <\/p>\n<p>Plaukai tampa sausi ne tik po da\u017eymo. Veiksniai, kurie turi \u012ftakos garban\u0173 dr\u0117gmei, yra cheminis per\u0161vietimas, nuolatinis kar\u0161\u010dio ma\u0161in\u0173 naudojimas, taip pat neigiamas aplinkos poveikis. Tokiais atvejais geriausia i\u0161eitis &#8211; &#8220;Kallos Color Shampoo With Linseed Oil&#8221; \u0161amp\u016bnas su s\u0117men\u0173 aliejumi, kurio pagrind\u0105 sudaro s\u0117men\u0173 aliejus, provitaminas B5 ir argano aliejus. Reguliariai naudojant kosmetikos priemon\u0119, j\u016bs\u0173 plaukai bus sveiki ir \u017evilgantys. O po da\u017eymo j\u0173 plauk\u0173 spalva bus ne tik sodri, bet ir daug ilgiau i\u0161liks ant plauk\u0173. \u0160amp\u016bnas tinka vis\u0173 tip\u0173 plaukams, lengvai putoja ir pasi\u017eymi geromis valomosiomis savyb\u0117mis.<\/p>\n<p>Vanduo, natrio laureto sulfatas, natrio chloridas, kokamido DEA, kokamidopropil betainas, kokoso gliukozidas, parfumas, PEG-4 distearilo eteris, glicerinas, distearilo eteris, Linum Usitatissimum s\u0117kl\u0173 aliejus, citrinos r\u016bg\u0161tis, propilenglikolis, dikaprilio eteris, amodimetikonas, benzofenonas-3, cetrimonio chloridas, tride\u0161etas-12, benzilo alkoholis, metilchlorizotiazolinonas, metilizotiazolinonas, natrio benzoatas.<\/p>\n","protected":false},"excerpt":{"rendered":"<p>&#8220;Kallos Color Shampoo&#8221; \u0161amp\u016bn\u0105 su s\u0117men\u0173 aliejumi da\u017eytiems ir sausiems plaukams suk\u016br\u0117 vengr\u0173 kompanija &#8220;Kallos Cosmetics&#8221;. D\u0117l savo unikali\u0173 sprendim\u0173 ir novatori\u0161k\u0173 gamybos metod\u0173 ji jau seniai u\u017ekariavo daugelio moter\u0173 \u0161irdis visoje Europoje. Plaukai tampa sausi ne tik po da\u017eymo. Veiksniai, kurie turi \u012ftakos garban\u0173 dr\u0117gmei, yra cheminis per\u0161vietimas, nuolatinis kar\u0161\u010dio ma\u0161in\u0173 naudojimas, taip pat [&hellip;]<\/p>\n","protected":false},"featured_media":19063,"comment_status":"open","ping_status":"closed","template":"","meta":[],"product_brand":[],"product_cat":[211,192,216],"product_tag":[],"class_list":{"0":"post-19070","1":"product","2":"type-product","3":"status-publish","4":"has-post-thumbnail","6":"product_cat-hair-lt","7":"product_cat-naujienos","8":"product_cat-sampunai","10":"first","11":"instock","12":"shipping-taxable","13":"purchasable","14":"product-type-simple"},"_links":{"self":[{"href":"https:\/\/beautysba.co.uk\/lt\/wp-json\/wp\/v2\/product\/19070","targetHints":{"allow":["GET"]}}],"collection":[{"href":"https:\/\/beautysba.co.uk\/lt\/wp-json\/wp\/v2\/product"}],"about":[{"href":"https:\/\/beautysba.co.uk\/lt\/wp-json\/wp\/v2\/types\/product"}],"replies":[{"embeddable":true,"href":"https:\/\/beautysba.co.uk\/lt\/wp-json\/wp\/v2\/comments?post=19070"}],"wp:featuredmedia":[{"embeddable":true,"href":"https:\/\/beautysba.co.uk\/lt\/wp-json\/wp\/v2\/media\/19063"}],"wp:attachment":[{"href":"https:\/\/beautysba.co.uk\/lt\/wp-json\/wp\/v2\/media?parent=19070"}],"wp:term":[{"taxonomy":"product_brand","embeddable":true,"href":"https:\/\/beautysba.co.uk\/lt\/wp-json\/wp\/v2\/product_brand?post=19070"},{"taxonomy":"product_cat","embeddable":true,"href":"https:\/\/beautysba.co.uk\/lt\/wp-json\/wp\/v2\/product_cat?post=19070"},{"taxonomy":"product_tag","embeddable":true,"href":"https:\/\/beautysba.co.uk\/lt\/wp-json\/wp\/v2\/product_tag?post=19070"}],"curies":[{"name":"wp","href":"https:\/\/api.w.org\/{rel}","templated":true}]}}