{"id":19073,"date":"2026-04-24T08:40:46","date_gmt":"2026-04-24T08:40:46","guid":{"rendered":"https:\/\/beautysba.co.uk\/product\/plauku-kauke-su-uv-filtru-kallos-color-1000ml\/"},"modified":"2026-04-24T08:41:56","modified_gmt":"2026-04-24T08:41:56","slug":"plauku-kauke-su-uv-filtru-kallos-color-1000ml","status":"publish","type":"product","link":"https:\/\/beautysba.co.uk\/lt\/produktas\/plauku-kauke-su-uv-filtru-kallos-color-1000ml\/","title":{"rendered":"Plauk\u0173 kauk\u0117 su UV filtru Kallos COLOR 1000ml"},"content":{"rendered":"<p>Plauk\u0173 kauk\u0117 su UV filtru Color H.Mask with lins.Oil.Uv Filte kauk\u0117 yra pagaminta &#8220;Kallos Cosmetics&#8221; kompanijos, kuri gars\u0117ja nuolatin\u0117mis naujov\u0117mis ir auk\u0161tu technologiniu kosmetikos gamybos lygiu. Tod\u0117l visi prek\u0117s \u017eenklo produktai pasi\u017eymi negin\u010dijama kokybe ir augaline sud\u0117timi. <\/p>\n<p>Produktas specialiai sukurtas plauk\u0173 sveikatai palaikyti, o po da\u017eymo spalva neblunka ir neblunka. Kauk\u0117s sud\u0117tyje yra unikalus nat\u016brali\u0173 ekstrakt\u0173 kompleksas. Formul\u0117s pagrindas yra lin\u0173 s\u0117men\u0173 aliejus, o pagalbiniai elementai &#8211; kvie\u010di\u0173 ir bambuko \u0161erdies ekstraktai. Produktas turi aktyv\u0173j\u012f filtr\u0105, kuris neleid\u017eia ultravioletiniams spinduliams pa\u017eeisti plauk\u0173 strukt\u016bros. Kauk\u0117je taip pat gausu vitamin\u0173, mineralini\u0173 drusk\u0173 ir peptid\u0173.    <\/p>\n<p>Po \u0161ios strukt\u016brizuotos ir aktyvios proced\u016bros d\u017eiaugsit\u0117s gra\u017eiomis ir gyvybingumo kupinomis sruogomis. Net labai pa\u017eeisti ir sausi plaukai \u0161io produkto d\u0117ka yra atkuriami ir maksimaliai apsaugomi. Naudojant \u0161i\u0105 nuostabi\u0105 kauk\u0119 rezultatas bus blizgantys, glotn\u016bs plaukai.  <\/p>\n<p>Vanduo, cetearilo alkoholis, cetrimonio chloridas, Linum Usitatissimum s\u0117kl\u0173 aliejus, citrinos r\u016bg\u0161tis, benzofenonas-3, propilenglikolis, parfumas, benzilo alkoholis, metilchlorizotiazolinonas, metilizotiazolinonas, metilizotiazolinonas, metilizotiazolinonas.<\/p>\n","protected":false},"excerpt":{"rendered":"<p>Plauk\u0173 kauk\u0117 su UV filtru Color H.Mask with lins.Oil.Uv Filte kauk\u0117 yra pagaminta &#8220;Kallos Cosmetics&#8221; kompanijos, kuri gars\u0117ja nuolatin\u0117mis naujov\u0117mis ir auk\u0161tu technologiniu kosmetikos gamybos lygiu. Tod\u0117l visi prek\u0117s \u017eenklo produktai pasi\u017eymi negin\u010dijama kokybe ir augaline sud\u0117timi. Produktas specialiai sukurtas plauk\u0173 sveikatai palaikyti, o po da\u017eymo spalva neblunka ir neblunka. Kauk\u0117s sud\u0117tyje yra unikalus nat\u016brali\u0173 [&hellip;]<\/p>\n","protected":false},"featured_media":19069,"comment_status":"open","ping_status":"closed","template":"","meta":[],"product_brand":[],"product_cat":[211,192,214],"product_tag":[],"class_list":{"0":"post-19073","1":"product","2":"type-product","3":"status-publish","4":"has-post-thumbnail","6":"product_cat-hair-lt","7":"product_cat-naujienos","8":"product_cat-plauku-kaukes","10":"first","11":"instock","12":"shipping-taxable","13":"purchasable","14":"product-type-simple"},"_links":{"self":[{"href":"https:\/\/beautysba.co.uk\/lt\/wp-json\/wp\/v2\/product\/19073","targetHints":{"allow":["GET"]}}],"collection":[{"href":"https:\/\/beautysba.co.uk\/lt\/wp-json\/wp\/v2\/product"}],"about":[{"href":"https:\/\/beautysba.co.uk\/lt\/wp-json\/wp\/v2\/types\/product"}],"replies":[{"embeddable":true,"href":"https:\/\/beautysba.co.uk\/lt\/wp-json\/wp\/v2\/comments?post=19073"}],"wp:featuredmedia":[{"embeddable":true,"href":"https:\/\/beautysba.co.uk\/lt\/wp-json\/wp\/v2\/media\/19069"}],"wp:attachment":[{"href":"https:\/\/beautysba.co.uk\/lt\/wp-json\/wp\/v2\/media?parent=19073"}],"wp:term":[{"taxonomy":"product_brand","embeddable":true,"href":"https:\/\/beautysba.co.uk\/lt\/wp-json\/wp\/v2\/product_brand?post=19073"},{"taxonomy":"product_cat","embeddable":true,"href":"https:\/\/beautysba.co.uk\/lt\/wp-json\/wp\/v2\/product_cat?post=19073"},{"taxonomy":"product_tag","embeddable":true,"href":"https:\/\/beautysba.co.uk\/lt\/wp-json\/wp\/v2\/product_tag?post=19073"}],"curies":[{"name":"wp","href":"https:\/\/api.w.org\/{rel}","templated":true}]}}