{"id":19079,"date":"2026-04-24T08:42:21","date_gmt":"2026-04-24T08:42:21","guid":{"rendered":"https:\/\/beautysba.co.uk\/product\/sampunas-kondicionierius-sausiems-ir-pazeistiems-plaukams-su-vysniu-seklu-aliejumi-kallos-cherry-1000ml\/"},"modified":"2026-04-24T08:42:38","modified_gmt":"2026-04-24T08:42:38","slug":"sampunas-kondicionierius-sausiems-ir-pazeistiems-plaukams-su-vysniu-seklu-aliejumi-kallos-cherry-1000ml","status":"publish","type":"product","link":"https:\/\/beautysba.co.uk\/lt\/produktas\/sampunas-kondicionierius-sausiems-ir-pazeistiems-plaukams-su-vysniu-seklu-aliejumi-kallos-cherry-1000ml\/","title":{"rendered":"\u0160amp\u016bnas-kondicionierius sausiems ir pa\u017eeistiems plaukams su vy\u0161ni\u0173 s\u0117kl\u0173 aliejumi Kallos CHERRY 1000ml"},"content":{"rendered":"<p>\u0160i kosmetikos priemon\u0117 skirta plaukams \u0161velniai valyti, kovoti su pernelyg dideliu sausumu ir atkurti pa\u017eeist\u0105 strukt\u016br\u0105. Stebuklingas \u0161amp\u016bnas greitai gr\u0105\u017eins nuostab\u0173 blizges\u012f, elastingum\u0105 ir glotnum\u0105 po daugyb\u0117s eksperiment\u0173 su plaukais, taip pat suteiks \u017eaving\u0105 i\u0161vaizd\u0105. <\/p>\n<p>D\u0117l \u0161velnaus ploviklio pagrindo \u0161amp\u016bnas \u0161velniai, bet kruop\u0161\u010diai pa\u0161alina ne\u0161varumus. Sud\u0117tis praturtinta vy\u0161ni\u0173 s\u0117kl\u0173 aliejumi, kuriame yra daug kalcio ir fosforo, kalio ir gele\u017eies, taip pat vitamin\u0173 B, B2, B6, A ir C. Aktyvieji komponentai prasiskverbia giliai \u012f plaukus, i\u0161 vidaus pasi\u017eymi atgaivinan\u010diu poveikiu. Jie maitina kiekvien\u0105 plauk\u0105 per vis\u0105 jo ilg\u012f, mink\u0161tina plaukus, dr\u0117kina.  <\/p>\n<p>Jau po pirmojo \u0161amp\u016bno-kondicionieriaus naudojimo j\u016bs\u0173 garbanos tampa lengvai valdomos, mink\u0161tos ir blizgios, tod\u0117l jas lengviau \u0161ukuoti ir formuoti. Ir visa tai visi\u0161kai nesveria! Reguliarus naudojimas garantuoja sveik\u0105 i\u0161vaizd\u0105 ir patikim\u0105 apsaug\u0105 nuo i\u0161orini\u0173 veiksni\u0173.  <\/p>\n<p>Vanduo, natrio laureto sulfatas, natrio chloridas, kokamido DEA, kokamidopropil betainas, kokoso gliukozidas, parfumas, PEG-4 distearilo eteris, polikvaternijus-7, glicerinas, distearilo eteris, Prunus Avium s\u0117kl\u0173 aliejus, citrinos r\u016bg\u0161tis, propilenglikolis, dikaprilio eteris, amodimetikonas, cetrimonio chloridas, tride\u0161etas-12, benzilo alkoholis, metilchlorizotiazolinonas, metilizotiazolinonas, natrio benzoatas.<\/p>\n","protected":false},"excerpt":{"rendered":"<p>\u0160i kosmetikos priemon\u0117 skirta plaukams \u0161velniai valyti, kovoti su pernelyg dideliu sausumu ir atkurti pa\u017eeist\u0105 strukt\u016br\u0105. Stebuklingas \u0161amp\u016bnas greitai gr\u0105\u017eins nuostab\u0173 blizges\u012f, elastingum\u0105 ir glotnum\u0105 po daugyb\u0117s eksperiment\u0173 su plaukais, taip pat suteiks \u017eaving\u0105 i\u0161vaizd\u0105. D\u0117l \u0161velnaus ploviklio pagrindo \u0161amp\u016bnas \u0161velniai, bet kruop\u0161\u010diai pa\u0161alina ne\u0161varumus. Sud\u0117tis praturtinta vy\u0161ni\u0173 s\u0117kl\u0173 aliejumi, kuriame yra daug kalcio ir [&hellip;]<\/p>\n","protected":false},"featured_media":19076,"comment_status":"open","ping_status":"closed","template":"","meta":[],"product_brand":[],"product_cat":[211,192,216],"product_tag":[],"class_list":{"0":"post-19079","1":"product","2":"type-product","3":"status-publish","4":"has-post-thumbnail","6":"product_cat-hair-lt","7":"product_cat-naujienos","8":"product_cat-sampunai","10":"first","11":"instock","12":"shipping-taxable","13":"purchasable","14":"product-type-simple"},"_links":{"self":[{"href":"https:\/\/beautysba.co.uk\/lt\/wp-json\/wp\/v2\/product\/19079","targetHints":{"allow":["GET"]}}],"collection":[{"href":"https:\/\/beautysba.co.uk\/lt\/wp-json\/wp\/v2\/product"}],"about":[{"href":"https:\/\/beautysba.co.uk\/lt\/wp-json\/wp\/v2\/types\/product"}],"replies":[{"embeddable":true,"href":"https:\/\/beautysba.co.uk\/lt\/wp-json\/wp\/v2\/comments?post=19079"}],"wp:featuredmedia":[{"embeddable":true,"href":"https:\/\/beautysba.co.uk\/lt\/wp-json\/wp\/v2\/media\/19076"}],"wp:attachment":[{"href":"https:\/\/beautysba.co.uk\/lt\/wp-json\/wp\/v2\/media?parent=19079"}],"wp:term":[{"taxonomy":"product_brand","embeddable":true,"href":"https:\/\/beautysba.co.uk\/lt\/wp-json\/wp\/v2\/product_brand?post=19079"},{"taxonomy":"product_cat","embeddable":true,"href":"https:\/\/beautysba.co.uk\/lt\/wp-json\/wp\/v2\/product_cat?post=19079"},{"taxonomy":"product_tag","embeddable":true,"href":"https:\/\/beautysba.co.uk\/lt\/wp-json\/wp\/v2\/product_tag?post=19079"}],"curies":[{"name":"wp","href":"https:\/\/api.w.org\/{rel}","templated":true}]}}