{"id":19083,"date":"2026-04-24T08:43:30","date_gmt":"2026-04-24T08:43:30","guid":{"rendered":"https:\/\/beautysba.co.uk\/product\/plauku-kauke-su-vysniu-ekstraktu-kallos-cherry-1000ml\/"},"modified":"2026-04-24T08:44:00","modified_gmt":"2026-04-24T08:44:00","slug":"plauku-kauke-su-vysniu-ekstraktu-kallos-cherry-1000ml","status":"publish","type":"product","link":"https:\/\/beautysba.co.uk\/lt\/produktas\/plauku-kauke-su-vysniu-ekstraktu-kallos-cherry-1000ml\/","title":{"rendered":"Plauk\u0173 kauk\u0117 su vy\u0161ni\u0173 ekstraktu Kallos CHERRY 1000ml"},"content":{"rendered":"<p>Vengr\u0173 prek\u0117s \u017eenklas &#8220;Kallos Cosmetics&#8221; i\u0161leido speciali\u0105 &#8220;Hair Cherry&#8221; kauk\u0119, kuri gali akimirksniu pagerinti plauk\u0173 b\u016bkl\u0119, prisotinti juos maisting\u0173j\u0173 med\u017eiag\u0173 ir reikiamos dr\u0117gm\u0117s. Sausos, linkusios l\u016b\u017ein\u0117ti sruogos pasikei\u010dia jau po pirmojo kauk\u0117s panaudojimo. Jos tampa blizgesn\u0117s, lengviau valdomos, lengviau \u0161ukuojamos. O sodrus vy\u0161ni\u0173 kvapas, kuriuo pasi\u017eymi \u0161is produktas, gali suteikti didel\u012f prie\u017ei\u016bros proced\u016bros malonum\u0105.<br \/>\nMink\u0161ta, kremin\u0117 konsistencija greitai ir lengvai pasiskirsto. Ji akimirksniu \u012fsigeria \u012f sruogas ir nepalieka nemalonios riebios pl\u0117vel\u0117s. Sud\u0117tyje esantis vy\u0161ni\u0173 s\u0117kl\u0173 aliejus, kuriame gausu verting\u0173 med\u017eiag\u0173, padeda giliai sudr\u0117kinti garbanas, suteikia joms elastingumo ir nuostabaus blizgesio. Pagalbiniai ingredientai pasi\u017eymi ry\u0161kiu atgaivinamuoju poveikiu.   <\/p>\n<p>Vanduo, cetearilo alkoholis, cetrimonio chloridas, Prunus Avium s\u0117kl\u0173 aliejus, parfumas, citrinos r\u016bg\u0161tis, ciklopentasiloksanas, dimetikonolis, propilenglikolis, benzilo alkoholis metilchlorizotiazolinonas, metilizotiazolinonas Kallos kosmetika.<\/p>\n","protected":false},"excerpt":{"rendered":"<p>Vengr\u0173 prek\u0117s \u017eenklas &#8220;Kallos Cosmetics&#8221; i\u0161leido speciali\u0105 &#8220;Hair Cherry&#8221; kauk\u0119, kuri gali akimirksniu pagerinti plauk\u0173 b\u016bkl\u0119, prisotinti juos maisting\u0173j\u0173 med\u017eiag\u0173 ir reikiamos dr\u0117gm\u0117s. Sausos, linkusios l\u016b\u017ein\u0117ti sruogos pasikei\u010dia jau po pirmojo kauk\u0117s panaudojimo. Jos tampa blizgesn\u0117s, lengviau valdomos, lengviau \u0161ukuojamos. O sodrus vy\u0161ni\u0173 kvapas, kuriuo pasi\u017eymi \u0161is produktas, gali suteikti didel\u012f prie\u017ei\u016bros proced\u016bros malonum\u0105. Mink\u0161ta, [&hellip;]<\/p>\n","protected":false},"featured_media":19082,"comment_status":"open","ping_status":"closed","template":"","meta":[],"product_brand":[],"product_cat":[211,192,214],"product_tag":[],"class_list":{"0":"post-19083","1":"product","2":"type-product","3":"status-publish","4":"has-post-thumbnail","6":"product_cat-hair-lt","7":"product_cat-naujienos","8":"product_cat-plauku-kaukes","10":"first","11":"instock","12":"shipping-taxable","13":"purchasable","14":"product-type-simple"},"_links":{"self":[{"href":"https:\/\/beautysba.co.uk\/lt\/wp-json\/wp\/v2\/product\/19083","targetHints":{"allow":["GET"]}}],"collection":[{"href":"https:\/\/beautysba.co.uk\/lt\/wp-json\/wp\/v2\/product"}],"about":[{"href":"https:\/\/beautysba.co.uk\/lt\/wp-json\/wp\/v2\/types\/product"}],"replies":[{"embeddable":true,"href":"https:\/\/beautysba.co.uk\/lt\/wp-json\/wp\/v2\/comments?post=19083"}],"wp:featuredmedia":[{"embeddable":true,"href":"https:\/\/beautysba.co.uk\/lt\/wp-json\/wp\/v2\/media\/19082"}],"wp:attachment":[{"href":"https:\/\/beautysba.co.uk\/lt\/wp-json\/wp\/v2\/media?parent=19083"}],"wp:term":[{"taxonomy":"product_brand","embeddable":true,"href":"https:\/\/beautysba.co.uk\/lt\/wp-json\/wp\/v2\/product_brand?post=19083"},{"taxonomy":"product_cat","embeddable":true,"href":"https:\/\/beautysba.co.uk\/lt\/wp-json\/wp\/v2\/product_cat?post=19083"},{"taxonomy":"product_tag","embeddable":true,"href":"https:\/\/beautysba.co.uk\/lt\/wp-json\/wp\/v2\/product_tag?post=19083"}],"curies":[{"name":"wp","href":"https:\/\/api.w.org\/{rel}","templated":true}]}}