{"id":19095,"date":"2026-04-24T08:46:06","date_gmt":"2026-04-24T08:46:06","guid":{"rendered":"https:\/\/beautysba.co.uk\/product\/kallos-vegan-soul-plauku-apimties-kauke-1000ml\/"},"modified":"2026-04-24T08:46:57","modified_gmt":"2026-04-24T08:46:57","slug":"kallos-vegan-soul-plauku-apimties-kauke-1000ml","status":"publish","type":"product","link":"https:\/\/beautysba.co.uk\/lt\/produktas\/kallos-vegan-soul-plauku-apimties-kauke-1000ml\/","title":{"rendered":"&#8220;Kallos Vegan Soul&#8221; plauk\u0173 apimties kauk\u0117 1000ml"},"content":{"rendered":"<p>&#8220;Kallos Cosmetics&#8221; plauk\u0173 apimtis didinanti kauk\u0117 &#8211; tai malonumas m\u0117gautis brangiomis gamtos dovanomis, nes jos formul\u0117 pagr\u012fsta vitaminais ir nat\u016brali\u0173 ingredient\u0173 deriniu. D\u0117l turtingos sud\u0117ties, kurios sud\u0117tyje yra bambuko, alijo\u0161iaus, \u017een\u0161enio ir maitinamojo kokos\u0173 aliejaus ekstrakt\u0173, produktas i\u0161sprend\u017eia daugyb\u0119 u\u017eduo\u010di\u0173: stiprina sruogas, suteikia apimties, gr\u0105\u017eina sveik\u0105 i\u0161vaizd\u0105, pripildo blizgesio nuo \u0161akn\u0173 iki galiuk\u0173. Priemon\u0117 pasi\u017eymi tankinamuoju ir atgaivinamuoju poveikiu, intensyviai prisotina sruogas gyvybi\u0161kai svarbia dr\u0117gme ir maistin\u0117mis med\u017eiagomis, u\u017etikrina veiksming\u0105 prie\u017ei\u016br\u0105.  <\/p>\n<p>Savyb\u0117s &#8220;Kallos Cosmetics&#8221; prek\u0117s \u017eenklo &#8220;Vegan Soul Volumising Hair Mask&#8221; plauk\u0173 kauk\u0117:<\/p>\n<p>&#8211; dr\u0117kina ir maitina plaukus;<br \/>\n&#8211; apsaugo nuo dr\u0117gm\u0117s netekimo;<br \/>\n&#8211; regeneruoja plaukus;<br \/>\n&#8211; pasi\u017eymi kondicionuojamuoju poveikiu;<br \/>\n&#8211; stiprina ir storina plauko strukt\u016br\u0105;<br \/>\n&#8211; be apsunkinan\u010dio poveikio;<br \/>\n&#8211; suteikia apimties, stiprumo ir blizgesio per vis\u0105 plauk\u0173 ilg\u012f;<br \/>\n&#8211; be paraben\u0173, da\u017eikli\u0173, silikono, mineralini\u0173 aliej\u0173;<br \/>\n&#8211; 100 % vegani\u0161koje formul\u0117je n\u0117ra gyv\u016bnin\u0117s kilm\u0117s ingredient\u0173;<br \/>\n&#8211; netestuota su gyv\u016bnais;<br \/>\n&#8211; didel\u0117 apimtis.<\/p>\n<p>Vanduo, cetearilo alkoholis, cetrimonio chloridas, behentrimonio chloridas, parfumas, Helianthus Annuus s\u0117kl\u0173 aliejus, Cocos Nucifera aliejus, Linum Usitatissimum s\u0117kl\u0173 aliejus, Persea Gratissima aliejus, Argania Spinosa branduoli\u0173 aliejus, Macadamia Ternifolia s\u0117kl\u0173 aliejus, Olea Europaea vaisi\u0173 aliejus, Rosmarinus Officinalis lap\u0173 ekstraktas, poliuretano-14 AMP-akrilat\u0173 kopolimeras, Bambusa Vulgaris, Aloe Barbadensis lap\u0173 sultys, Panax Ginseng \u0161akn\u0173 ekstraktas, niacinamidas, kalcio pantotenatas, natrio askorbilo fosfatas, Tokoferilo acetatas, piridoksino HCI, maltodekstrinas, natrio krakmolas, citrin\u0173 r\u016bg\u0161tis, propilenglikolis, benzilo alkoholis, metilchlorizotiazolinonas, metilizotiazolinonas.<\/p>\n","protected":false},"excerpt":{"rendered":"<p>&#8220;Kallos Cosmetics&#8221; plauk\u0173 apimtis didinanti kauk\u0117 &#8211; tai malonumas m\u0117gautis brangiomis gamtos dovanomis, nes jos formul\u0117 pagr\u012fsta vitaminais ir nat\u016brali\u0173 ingredient\u0173 deriniu. D\u0117l turtingos sud\u0117ties, kurios sud\u0117tyje yra bambuko, alijo\u0161iaus, \u017een\u0161enio ir maitinamojo kokos\u0173 aliejaus ekstrakt\u0173, produktas i\u0161sprend\u017eia daugyb\u0119 u\u017eduo\u010di\u0173: stiprina sruogas, suteikia apimties, gr\u0105\u017eina sveik\u0105 i\u0161vaizd\u0105, pripildo blizgesio nuo \u0161akn\u0173 iki galiuk\u0173. Priemon\u0117 pasi\u017eymi [&hellip;]<\/p>\n","protected":false},"featured_media":19092,"comment_status":"open","ping_status":"closed","template":"","meta":[],"product_brand":[],"product_cat":[211,192,214],"product_tag":[],"class_list":{"0":"post-19095","1":"product","2":"type-product","3":"status-publish","4":"has-post-thumbnail","6":"product_cat-hair-lt","7":"product_cat-naujienos","8":"product_cat-plauku-kaukes","10":"first","11":"instock","12":"shipping-taxable","13":"purchasable","14":"product-type-simple"},"_links":{"self":[{"href":"https:\/\/beautysba.co.uk\/lt\/wp-json\/wp\/v2\/product\/19095","targetHints":{"allow":["GET"]}}],"collection":[{"href":"https:\/\/beautysba.co.uk\/lt\/wp-json\/wp\/v2\/product"}],"about":[{"href":"https:\/\/beautysba.co.uk\/lt\/wp-json\/wp\/v2\/types\/product"}],"replies":[{"embeddable":true,"href":"https:\/\/beautysba.co.uk\/lt\/wp-json\/wp\/v2\/comments?post=19095"}],"wp:featuredmedia":[{"embeddable":true,"href":"https:\/\/beautysba.co.uk\/lt\/wp-json\/wp\/v2\/media\/19092"}],"wp:attachment":[{"href":"https:\/\/beautysba.co.uk\/lt\/wp-json\/wp\/v2\/media?parent=19095"}],"wp:term":[{"taxonomy":"product_brand","embeddable":true,"href":"https:\/\/beautysba.co.uk\/lt\/wp-json\/wp\/v2\/product_brand?post=19095"},{"taxonomy":"product_cat","embeddable":true,"href":"https:\/\/beautysba.co.uk\/lt\/wp-json\/wp\/v2\/product_cat?post=19095"},{"taxonomy":"product_tag","embeddable":true,"href":"https:\/\/beautysba.co.uk\/lt\/wp-json\/wp\/v2\/product_tag?post=19095"}],"curies":[{"name":"wp","href":"https:\/\/api.w.org\/{rel}","templated":true}]}}