{"id":19101,"date":"2026-04-24T08:48:08","date_gmt":"2026-04-24T08:48:08","guid":{"rendered":"https:\/\/beautysba.co.uk\/product\/kallos-biotox-superfruits-sampunas-500ml\/"},"modified":"2026-04-24T08:49:05","modified_gmt":"2026-04-24T08:49:05","slug":"kallos-biotox-superfruits-sampunas-500ml","status":"publish","type":"product","link":"https:\/\/beautysba.co.uk\/lt\/produktas\/kallos-biotox-superfruits-sampunas-500ml\/","title":{"rendered":"&#8220;Kallos BIOTOX Superfruits&#8221; \u0161amp\u016bnas 500ml"},"content":{"rendered":"<p>&#8220;Kallos Cosmetics&#8221; plauk\u0173 \u0161amp\u016bnas yra tikras supermaistas j\u016bs\u0173 plaukams. Jo sud\u0117tyje yra granat\u0173 s\u0117kl\u0173 ekstrakto, gvajavos, a\u00e7ai uog\u0173 i\u0161 tropini\u0173 mi\u0161k\u0173 ir goji uog\u0173. \u0160ie ingredientai, veikdami kartu, u\u017etikrina stipr\u0173 antioksidacin\u012f poveik\u012f. Jie maitina ir dr\u0117kina sruogas, pripildydami jas vitamin\u0173 ir mineral\u0173. D\u0117l to plaukai tampa atsparesni neigiamam i\u0161or\u0117s poveikiui, o galvos oda atgauna komfort\u0105 ir pusiausvyr\u0105.    <\/p>\n<p>Savyb\u0117s Kallos Hair Pro-tox SuperFruits Antioxidant Shampoo:<\/p>\n<p>&#8211; susiliet\u0119s su vandeniu sukuria \u0161velnias kremines putas, kurios \u0161velniai valo galvos od\u0105 ir plaukus;<br \/>\n&#8211; goji uog\u0173 ekstraktas suteikia antioksidacin\u012f, tonizuojant\u012f ir prie\u0161u\u017edegimin\u012f poveik\u012f;<br \/>\n&#8211; a\u00e7ai uog\u0173 ekstraktas apsaugo sruogas nuo aplinkos ter\u0161al\u0173, neutralizuoja oksidacinio streso poveik\u012f, spartina l\u0105steli\u0173 metabolizm\u0105;<br \/>\n&#8211; granat\u0173 s\u0117kl\u0173 ekstraktas atkuria odos pH pusiausvyr\u0105, pasi\u017eymi dr\u0117kinamuoju poveikiu, kovoja su laisvaisiais radikalais, sukelian\u010diais l\u0105steli\u0173 pa\u017eeidimus;<br \/>\n&#8211; gvajav\u0173 ekstraktas kondicionuoja plaukus ir suteikia antioksidacin\u0119 apsaug\u0105.<\/p>\n<p>Vanduo, natrio laureto sulfatas, natrio chloridas, glicerinas, kokamidopropil betainas, kokamidas DEA, parfumas, koko gliukozidas, polikvaterniumas-7, PEG-40 hidrintas ricin\u0173 aliejus, PEG-7 glicerilo kokoatas, glikolio distearatas, glicerilo oleatas, glicerilo stearatas, Pantenolis, Lycium Barbarum vaisi\u0173 ekstraktas, Euterpe Oleracea vaisi\u0173 ekstraktas, Punica Granatum vaisi\u0173 ekstraktas, Psidium Guajava vaisi\u0173 ekstraktas, PEG\/PPG-120\/10, Metilchlorizotiazolinonas, Metilizotiazolinonas, Trimetilolpropano trioleatas, Citrinos r\u016bg\u0161tis<\/p>\n","protected":false},"excerpt":{"rendered":"<p>Atgaivinantis, maitinantis, dr\u0117kinantis<\/p>\n","protected":false},"featured_media":19098,"comment_status":"open","ping_status":"closed","template":"","meta":[],"product_brand":[],"product_cat":[211,192,216],"product_tag":[],"class_list":{"0":"post-19101","1":"product","2":"type-product","3":"status-publish","4":"has-post-thumbnail","6":"product_cat-hair-lt","7":"product_cat-naujienos","8":"product_cat-sampunai","10":"first","11":"instock","12":"shipping-taxable","13":"purchasable","14":"product-type-simple"},"_links":{"self":[{"href":"https:\/\/beautysba.co.uk\/lt\/wp-json\/wp\/v2\/product\/19101","targetHints":{"allow":["GET"]}}],"collection":[{"href":"https:\/\/beautysba.co.uk\/lt\/wp-json\/wp\/v2\/product"}],"about":[{"href":"https:\/\/beautysba.co.uk\/lt\/wp-json\/wp\/v2\/types\/product"}],"replies":[{"embeddable":true,"href":"https:\/\/beautysba.co.uk\/lt\/wp-json\/wp\/v2\/comments?post=19101"}],"wp:featuredmedia":[{"embeddable":true,"href":"https:\/\/beautysba.co.uk\/lt\/wp-json\/wp\/v2\/media\/19098"}],"wp:attachment":[{"href":"https:\/\/beautysba.co.uk\/lt\/wp-json\/wp\/v2\/media?parent=19101"}],"wp:term":[{"taxonomy":"product_brand","embeddable":true,"href":"https:\/\/beautysba.co.uk\/lt\/wp-json\/wp\/v2\/product_brand?post=19101"},{"taxonomy":"product_cat","embeddable":true,"href":"https:\/\/beautysba.co.uk\/lt\/wp-json\/wp\/v2\/product_cat?post=19101"},{"taxonomy":"product_tag","embeddable":true,"href":"https:\/\/beautysba.co.uk\/lt\/wp-json\/wp\/v2\/product_tag?post=19101"}],"curies":[{"name":"wp","href":"https:\/\/api.w.org\/{rel}","templated":true}]}}