{"id":19110,"date":"2026-04-24T08:50:58","date_gmt":"2026-04-24T08:50:58","guid":{"rendered":"https:\/\/beautysba.co.uk\/product\/kallos-salon-pro-profesionalus-saloninis-sampunas-1000ml\/"},"modified":"2026-04-24T08:51:14","modified_gmt":"2026-04-24T08:51:14","slug":"kallos-salon-pro-profesionalus-saloninis-sampunas-1000ml","status":"publish","type":"product","link":"https:\/\/beautysba.co.uk\/lt\/produktas\/kallos-salon-pro-profesionalus-saloninis-sampunas-1000ml\/","title":{"rendered":"&#8220;Kallos Salon Pro&#8221; profesionalus saloninis \u0161amp\u016bnas 1000ml"},"content":{"rendered":"<p>&#8220;Kallos Salon&#8221; \u0161amp\u016bnas specialiai sukurtas ilgalaikiam plauk\u0173 formavimui, da\u017eymui ar stilizacijai. Priemon\u0117 tinka vis\u0173 tip\u0173 plaukams. Panaudojus priemon\u0119 plaukai tampa lengvai valdomi, jie nesipainioja, ne\u012felektrina ir juos galima lengvai formuoti bet koki\u0105 \u0161ukuosen\u0105.  <\/p>\n<p>Alyvuogi\u0173 aliejus maitina ir dr\u0117kina plaukus. D-pantenolis r\u016bpinasi galvos oda, apsaugo nuo pleiskan\u0173, sausumo ir nie\u017eulio. \u0160ilko baltymai prisotina plaukus reikalingomis naudingomis med\u017eiagomis ir padeda juos atkurti. Naudodami \u0161amp\u016bn\u0105 pamir\u0161ite apie pa\u017eeistus ir i\u0161blukusius plaukus, \u012fgausite atnaujintus, storus ir blizgan\u010dius plaukus. Priemon\u0117 nuostabiai putoja ir lengvai i\u0161plaunama, nepalikdama lipnumo poj\u016b\u010dio ant plauk\u0173.<\/p>\n<p>Vanduo, natrio laureto sulfatas, natrio chloridas, glicerinas, kokamidopropil betainas, kokamido DEA, koko gliukozidas, parfumas, polikvaterniumas-7, PEG-4, distearilo eteris, distearilo eteris, citrin\u0173 r\u016bg\u0161tis, dikaprilio eteris, natrio benzoatas, Hidrolizuotas \u0161ilko baltymas, hidrolizuotas keratinas, Olea Europaea aliejus, amodimetikonas, cetrimonio chloridas, tride\u0161etas-12, pantenolis, propilenglikolis, benzilo alkoholis, metilchlorizotiazolinonas, metilizotiazolinonas.<\/p>\n","protected":false},"excerpt":{"rendered":"<p>&#8220;Kallos Salon&#8221; \u0161amp\u016bnas specialiai sukurtas ilgalaikiam plauk\u0173 formavimui, da\u017eymui ar stilizacijai. Priemon\u0117 tinka vis\u0173 tip\u0173 plaukams. Panaudojus priemon\u0119 plaukai tampa lengvai valdomi, jie nesipainioja, ne\u012felektrina ir juos galima lengvai formuoti bet koki\u0105 \u0161ukuosen\u0105. Alyvuogi\u0173 aliejus maitina ir dr\u0117kina plaukus. D-pantenolis r\u016bpinasi galvos oda, apsaugo nuo pleiskan\u0173, sausumo ir nie\u017eulio. \u0160ilko baltymai prisotina plaukus reikalingomis naudingomis [&hellip;]<\/p>\n","protected":false},"featured_media":19108,"comment_status":"open","ping_status":"closed","template":"","meta":[],"product_brand":[],"product_cat":[211,192,216],"product_tag":[],"class_list":{"0":"post-19110","1":"product","2":"type-product","3":"status-publish","4":"has-post-thumbnail","6":"product_cat-hair-lt","7":"product_cat-naujienos","8":"product_cat-sampunai","10":"first","11":"instock","12":"shipping-taxable","13":"purchasable","14":"product-type-simple"},"_links":{"self":[{"href":"https:\/\/beautysba.co.uk\/lt\/wp-json\/wp\/v2\/product\/19110","targetHints":{"allow":["GET"]}}],"collection":[{"href":"https:\/\/beautysba.co.uk\/lt\/wp-json\/wp\/v2\/product"}],"about":[{"href":"https:\/\/beautysba.co.uk\/lt\/wp-json\/wp\/v2\/types\/product"}],"replies":[{"embeddable":true,"href":"https:\/\/beautysba.co.uk\/lt\/wp-json\/wp\/v2\/comments?post=19110"}],"wp:featuredmedia":[{"embeddable":true,"href":"https:\/\/beautysba.co.uk\/lt\/wp-json\/wp\/v2\/media\/19108"}],"wp:attachment":[{"href":"https:\/\/beautysba.co.uk\/lt\/wp-json\/wp\/v2\/media?parent=19110"}],"wp:term":[{"taxonomy":"product_brand","embeddable":true,"href":"https:\/\/beautysba.co.uk\/lt\/wp-json\/wp\/v2\/product_brand?post=19110"},{"taxonomy":"product_cat","embeddable":true,"href":"https:\/\/beautysba.co.uk\/lt\/wp-json\/wp\/v2\/product_cat?post=19110"},{"taxonomy":"product_tag","embeddable":true,"href":"https:\/\/beautysba.co.uk\/lt\/wp-json\/wp\/v2\/product_tag?post=19110"}],"curies":[{"name":"wp","href":"https:\/\/api.w.org\/{rel}","templated":true}]}}