{"id":19116,"date":"2026-04-24T08:52:32","date_gmt":"2026-04-24T08:52:32","guid":{"rendered":"https:\/\/beautysba.co.uk\/product\/kallos-salon-pro-plauku-kondicionierius-1000ml\/"},"modified":"2026-04-24T08:52:41","modified_gmt":"2026-04-24T08:52:41","slug":"kallos-salon-pro-plauku-kondicionierius-1000ml","status":"publish","type":"product","link":"https:\/\/beautysba.co.uk\/lt\/produktas\/kallos-salon-pro-plauku-kondicionierius-1000ml\/","title":{"rendered":"&#8220;Kallos Salon Pro&#8221; plauk\u0173 kondicionierius 1000ml"},"content":{"rendered":"<p>Kondicionierius, skirtas sausiems ir pa\u017eeistiems plaukams pri\u017ei\u016br\u0117ti, kad jie greitai atgyt\u0173! Jis padeda atkurti garbanas, tod\u0117l jos v\u0117l tampa sveikos ir pri\u017ei\u016br\u0117tos, tampa \u0161ilkin\u0117s ir \u0161velnios. <\/p>\n<p>Pateiktas produktas yra \u0161velnios kremin\u0117s konsistencijos ir malonaus saldaus kvapo, kuris i\u0161lieka ilg\u0105 laik\u0105. Sud\u0117tyje derinami kruop\u0161\u010diai atrinkti augaliniai ingredientai, tod\u0117l &#8220;Kallos Cosmetics Nourishing Conditioner&#8221; palaiko reikiam\u0105 dr\u0117kinimo lyg\u012f, papildo nauding\u0173j\u0173 med\u017eiag\u0173 tr\u016bkum\u0105 ir skatina regeneracijos procesus, pa\u0161alina sausum\u0105 ir turi stipr\u0173 atkuriam\u0105j\u012f poveik\u012f. Priemon\u0117 ne tik dr\u0117kina, maitina ir stiprina, bet ir siekia apsaugoti plaukus nuo \u017ealingo ultravioletini\u0173 spinduli\u0173 poveikio.  <\/p>\n<p>\u0160is produktas puikiai tinka da\u017enam naudojimui. Kartu su to paties pavadinimo \u0161amp\u016bnu jis visi\u0161kai atkuria pa\u017eeist\u0105 strukt\u016br\u0105, gr\u0105\u017eina plaukams j\u0117g\u0105, sveikat\u0105 ir nuostabi\u0105 i\u0161vaizd\u0105. <\/p>\n<p>Vanduo, miristilo alkoholis, propilenglikolis, cetrimonio chloridas, ciklopentasiloksanas, dimetikonolis, parfumas, citrinos r\u016bg\u0161tis, benzilo alkoholis, metilchlorizotiazolinonas, metilizotiazolinonas.<\/p>\n","protected":false},"excerpt":{"rendered":"<p>Mityba, stiprinimas<\/p>\n","protected":false},"featured_media":19114,"comment_status":"open","ping_status":"closed","template":"","meta":[],"product_brand":[],"product_cat":[211,212,192],"product_tag":[],"class_list":{"0":"post-19116","1":"product","2":"type-product","3":"status-publish","4":"has-post-thumbnail","6":"product_cat-hair-lt","7":"product_cat-kondicionieriai-balzamai","8":"product_cat-naujienos","10":"first","11":"instock","12":"shipping-taxable","13":"purchasable","14":"product-type-simple"},"_links":{"self":[{"href":"https:\/\/beautysba.co.uk\/lt\/wp-json\/wp\/v2\/product\/19116","targetHints":{"allow":["GET"]}}],"collection":[{"href":"https:\/\/beautysba.co.uk\/lt\/wp-json\/wp\/v2\/product"}],"about":[{"href":"https:\/\/beautysba.co.uk\/lt\/wp-json\/wp\/v2\/types\/product"}],"replies":[{"embeddable":true,"href":"https:\/\/beautysba.co.uk\/lt\/wp-json\/wp\/v2\/comments?post=19116"}],"wp:featuredmedia":[{"embeddable":true,"href":"https:\/\/beautysba.co.uk\/lt\/wp-json\/wp\/v2\/media\/19114"}],"wp:attachment":[{"href":"https:\/\/beautysba.co.uk\/lt\/wp-json\/wp\/v2\/media?parent=19116"}],"wp:term":[{"taxonomy":"product_brand","embeddable":true,"href":"https:\/\/beautysba.co.uk\/lt\/wp-json\/wp\/v2\/product_brand?post=19116"},{"taxonomy":"product_cat","embeddable":true,"href":"https:\/\/beautysba.co.uk\/lt\/wp-json\/wp\/v2\/product_cat?post=19116"},{"taxonomy":"product_tag","embeddable":true,"href":"https:\/\/beautysba.co.uk\/lt\/wp-json\/wp\/v2\/product_tag?post=19116"}],"curies":[{"name":"wp","href":"https:\/\/api.w.org\/{rel}","templated":true}]}}