{"id":19119,"date":"2026-04-24T08:44:59","date_gmt":"2026-04-24T08:44:59","guid":{"rendered":"https:\/\/beautysba.co.uk\/product\/kallos-vegan-soul-hair-volume-sampunas-1000ml\/"},"modified":"2026-04-24T08:54:31","modified_gmt":"2026-04-24T08:54:31","slug":"kallos-vegan-soul-hair-volume-sampunas-1000ml","status":"publish","type":"product","link":"https:\/\/beautysba.co.uk\/lt\/produktas\/kallos-vegan-soul-hair-volume-sampunas-1000ml\/","title":{"rendered":"Kallos Vegan Soul Hair Volume \u0161amp\u016bnas 1000ml"},"content":{"rendered":"<p>&#8220;Kallos Cosmetics&#8221; yra populiarus prek\u0117s \u017eenklas, kurio profesionalius produktus mielai naudoja daugelis mergin\u0173. \u0160is \u0161amp\u016bnas pad\u0117s puikiai i\u0161valyti ir suteikti plaukams apimties. Produkto aktyviajame komplekse yra bambuko ekstrakt\u0173 ir kokos\u0173 aliejaus &#8211; gaivinan\u010di\u0173 komponent\u0173, kurie storina, maitina, atgaivina ir stiprina sruogas.    <\/p>\n<p>Savyb\u0117s &#8220;Kallos Cosmetics Vegan Soul Volumizing Shampoo&#8221;:<\/p>\n<p>&#8211; puikiai tinka plonoms ir susilpn\u0117jusioms sruogoms;<br \/>\n&#8211; veiksmingai valo plaukus, nepriekai\u0161tingai i\u0161plauna plaukus ir pa\u0161alina ne\u0161varumus i\u0161 galvos odos, i\u0161laikydamas nat\u016bral\u0173 pH lyg\u012f;<br \/>\n&#8211; praturtintas bambuko ekstraktu, kuris maitina ir stiprina plaukus, tod\u0117l jie tampa elastingesni ir stipresni;<br \/>\n&#8211; kokos\u0173 aliejus atstato sruog\u0173 pavir\u0161i\u0173, mink\u0161tina, dr\u0117kina ir suteikia blizgesio;<br \/>\n&#8211; apsaugo nuo plauk\u0173 galiuk\u0173 skilin\u0117jimo ir sausumo;<br \/>\n&#8211; suteikia plaukams apimties ir \u0161ilko;<br \/>\n&#8211; vegani\u0161kas produktas;<br \/>\n&#8211; nebandytas su gyv\u016bnais.<\/p>\n<p>Vanduo, natrio laureto sulfatas, natrio chloridas, glicerinas, kokamidopropil betainas, kokamidas DEA, parfumas, polikvaterniumas-7, kokoso gliukozidas, PEG-40 hidrintas ricin\u0173 aliejus, PEG-7 glicerilo kokoatas, PEG\/PPG-120\/10 trimetilolpropano trioleatas, Helianthus Annuus s\u0117kl\u0173 aliejus, Cocos Nucifera aliejus, Linum Usitatissimum s\u0117kl\u0173 aliejus, Persea Gratissima aliejus, Argania Spinosa branduoli\u0173 aliejus, Macadamia Ternifolia s\u0117kl\u0173 aliejus, Olea Europaea vaisi\u0173 aliejus, Rosmarinus Officinalis lap\u0173 ekstraktas, Bambusa Vulgaris, Aloe Barbadensis lap\u0173 sultys, Panax Ginseng \u0161akn\u0173 ekstraktas, poliuretano-14 AMP-akrilat\u0173 kopolimeras, PEG-4 distearilo eteris, distearilo eteris, dikaprilio eteris, citrinos r\u016bg\u0161tis, niacinamidas, kalcio pantotenatas, natrio askorbilo fosfatas, tokoferilo acetatas, piridoksino HCI, maltrodekstrinas, natrio krakmolas, pantenolis, natrio benzoatas, propilenglikolis, benzilo alkoholis, metilchlorizotiazolinonas, metilizotiazolinonas.<\/p>\n","protected":false},"excerpt":{"rendered":"<p>&#8220;Kallos Cosmetics&#8221; yra populiarus prek\u0117s \u017eenklas, kurio profesionalius produktus mielai naudoja daugelis mergin\u0173. \u0160is \u0161amp\u016bnas pad\u0117s puikiai i\u0161valyti ir suteikti plaukams apimties. Produkto aktyviajame komplekse yra bambuko ekstrakt\u0173 ir kokos\u0173 aliejaus &#8211; gaivinan\u010di\u0173 komponent\u0173, kurie storina, maitina, atgaivina ir stiprina sruogas. Savyb\u0117s &#8220;Kallos Cosmetics Vegan Soul Volumizing Shampoo&#8221;: &#8211; puikiai tinka plonoms ir susilpn\u0117jusioms sruogoms; [&hellip;]<\/p>\n","protected":false},"featured_media":19088,"comment_status":"open","ping_status":"closed","template":"","meta":[],"product_brand":[],"product_cat":[211,192,216],"product_tag":[],"class_list":{"0":"post-19119","1":"product","2":"type-product","3":"status-publish","4":"has-post-thumbnail","6":"product_cat-hair-lt","7":"product_cat-naujienos","8":"product_cat-sampunai","10":"first","11":"instock","12":"shipping-taxable","13":"purchasable","14":"product-type-simple"},"_links":{"self":[{"href":"https:\/\/beautysba.co.uk\/lt\/wp-json\/wp\/v2\/product\/19119","targetHints":{"allow":["GET"]}}],"collection":[{"href":"https:\/\/beautysba.co.uk\/lt\/wp-json\/wp\/v2\/product"}],"about":[{"href":"https:\/\/beautysba.co.uk\/lt\/wp-json\/wp\/v2\/types\/product"}],"replies":[{"embeddable":true,"href":"https:\/\/beautysba.co.uk\/lt\/wp-json\/wp\/v2\/comments?post=19119"}],"wp:featuredmedia":[{"embeddable":true,"href":"https:\/\/beautysba.co.uk\/lt\/wp-json\/wp\/v2\/media\/19088"}],"wp:attachment":[{"href":"https:\/\/beautysba.co.uk\/lt\/wp-json\/wp\/v2\/media?parent=19119"}],"wp:term":[{"taxonomy":"product_brand","embeddable":true,"href":"https:\/\/beautysba.co.uk\/lt\/wp-json\/wp\/v2\/product_brand?post=19119"},{"taxonomy":"product_cat","embeddable":true,"href":"https:\/\/beautysba.co.uk\/lt\/wp-json\/wp\/v2\/product_cat?post=19119"},{"taxonomy":"product_tag","embeddable":true,"href":"https:\/\/beautysba.co.uk\/lt\/wp-json\/wp\/v2\/product_tag?post=19119"}],"curies":[{"name":"wp","href":"https:\/\/api.w.org\/{rel}","templated":true}]}}