{"id":19124,"date":"2026-04-24T08:55:02","date_gmt":"2026-04-24T08:55:02","guid":{"rendered":"https:\/\/beautysba.co.uk\/product\/kallos-sausu-galiuku-serumas-30ml\/"},"modified":"2026-04-24T08:55:44","modified_gmt":"2026-04-24T08:55:44","slug":"kallos-sausu-galiuku-serumas-30ml","status":"publish","type":"product","link":"https:\/\/beautysba.co.uk\/lt\/produktas\/kallos-sausu-galiuku-serumas-30ml\/","title":{"rendered":"&#8220;Kallos&#8221; saus\u0173 galiuk\u0173 serumas 30ml"},"content":{"rendered":"<p>Vengrijos bendrov\u0117s &#8220;Kallos Cosmetics&#8221; darbuotojai, atlikdami mokslinius tyrimus, pasiek\u0117 did\u017eiul\u012f rezultat\u0105 ir suk\u016br\u0117 universal\u0173 plauk\u0173 gro\u017eio gydymo ir prie\u017ei\u016bros produkt\u0105 &#8211; serum\u0105 &#8220;Dry Ends&#8221;. \u0160i kosmetikos priemon\u0117 idealiai tinka sausiems plaukams ir pa\u017eeistiems galiukams. <\/p>\n<p>Panaudojus pur\u0161kikl\u012f, plaukai taps lengvai paklusn\u016bs, juos bus lengviau \u0161ukuoti ir formuoti. Produkto paskirtis &#8211; &#8220;suklijuoti&#8221; i\u0161si\u0161akojusius galiukus, kad jie tapt\u0173 vientisi. Saus\u0173 galiuk\u0173 serumas atkuria kiekvien\u0105 plauk\u0105 i\u0161 vidaus, apsaugo j\u012f nuo UV spinduli\u0173. Serumas taip pat atlieka dr\u0117kinam\u0105j\u0105 funkcij\u0105. \u0160is pur\u0161kiklis taps nepakei\u010diamas jums po da\u017eymo, tonavimo ar ilgalaikio plauk\u0173 formavimo.    <\/p>\n<p>Itin lengvos konsistencijos kosmetikos gamin\u012f labai lengva naudoti ir paskirstyti per plaukus. &#8220;Kallos Cosmetics&#8221; specialistai rekomenduoja serum\u0105 naudoti prie\u0161 kiekvien\u0105 \u0161ukuosen\u0105. <\/p>\n<p>Ciklopentasiloksanas, dimetikonolis, parafininis skystis, parfumas, limonenas, butilfenilmetilpropionalas, heksilcinamolis, linalolis, benzilo salicilatas, citralis.<\/p>\n","protected":false},"excerpt":{"rendered":"<p>Vengrijos bendrov\u0117s &#8220;Kallos Cosmetics&#8221; darbuotojai, atlikdami mokslinius tyrimus, pasiek\u0117 did\u017eiul\u012f rezultat\u0105 ir suk\u016br\u0117 universal\u0173 plauk\u0173 gro\u017eio gydymo ir prie\u017ei\u016bros produkt\u0105 &#8211; serum\u0105 &#8220;Dry Ends&#8221;. \u0160i kosmetikos priemon\u0117 idealiai tinka sausiems plaukams ir pa\u017eeistiems galiukams. Panaudojus pur\u0161kikl\u012f, plaukai taps lengvai paklusn\u016bs, juos bus lengviau \u0161ukuoti ir formuoti. Produkto paskirtis &#8211; &#8220;suklijuoti&#8221; i\u0161si\u0161akojusius galiukus, kad jie tapt\u0173 [&hellip;]<\/p>\n","protected":false},"featured_media":19122,"comment_status":"open","ping_status":"closed","template":"","meta":[],"product_brand":[],"product_cat":[215,211,192],"product_tag":[],"class_list":{"0":"post-19124","1":"product","2":"type-product","3":"status-publish","4":"has-post-thumbnail","6":"product_cat-aliejai-serumai","7":"product_cat-hair-lt","8":"product_cat-naujienos","10":"first","11":"instock","12":"shipping-taxable","13":"purchasable","14":"product-type-simple"},"_links":{"self":[{"href":"https:\/\/beautysba.co.uk\/lt\/wp-json\/wp\/v2\/product\/19124","targetHints":{"allow":["GET"]}}],"collection":[{"href":"https:\/\/beautysba.co.uk\/lt\/wp-json\/wp\/v2\/product"}],"about":[{"href":"https:\/\/beautysba.co.uk\/lt\/wp-json\/wp\/v2\/types\/product"}],"replies":[{"embeddable":true,"href":"https:\/\/beautysba.co.uk\/lt\/wp-json\/wp\/v2\/comments?post=19124"}],"wp:featuredmedia":[{"embeddable":true,"href":"https:\/\/beautysba.co.uk\/lt\/wp-json\/wp\/v2\/media\/19122"}],"wp:attachment":[{"href":"https:\/\/beautysba.co.uk\/lt\/wp-json\/wp\/v2\/media?parent=19124"}],"wp:term":[{"taxonomy":"product_brand","embeddable":true,"href":"https:\/\/beautysba.co.uk\/lt\/wp-json\/wp\/v2\/product_brand?post=19124"},{"taxonomy":"product_cat","embeddable":true,"href":"https:\/\/beautysba.co.uk\/lt\/wp-json\/wp\/v2\/product_cat?post=19124"},{"taxonomy":"product_tag","embeddable":true,"href":"https:\/\/beautysba.co.uk\/lt\/wp-json\/wp\/v2\/product_tag?post=19124"}],"curies":[{"name":"wp","href":"https:\/\/api.w.org\/{rel}","templated":true}]}}