{"id":19130,"date":"2026-04-24T08:56:48","date_gmt":"2026-04-24T08:56:48","guid":{"rendered":"https:\/\/beautysba.co.uk\/product\/kallos-drekinamasis-sampunas-su-mangu-aliejumi-1000ml\/"},"modified":"2026-04-24T08:57:02","modified_gmt":"2026-04-24T08:57:02","slug":"kallos-drekinamasis-sampunas-su-mangu-aliejumi-1000ml","status":"publish","type":"product","link":"https:\/\/beautysba.co.uk\/lt\/produktas\/kallos-drekinamasis-sampunas-su-mangu-aliejumi-1000ml\/","title":{"rendered":"&#8220;Kallos&#8221; dr\u0117kinamasis \u0161amp\u016bnas su mang\u0173 aliejumi 1000ml"},"content":{"rendered":"<p>&#8220;Kallos Cosmetics Mango Moisturising Hair Shampoo&#8221; puikiai tinka turintiems sausas, plonas, negyvas ir nuobod\u017eias plauk\u0173 sruogas. Jo formul\u0117, praturtinta nat\u016bralios kilm\u0117s komponentais, \u0161velniai r\u016bpinasi sruogomis, giliai prisotina reikiam\u0105 dr\u0117gm\u0117s lyg\u012f, aktyviai atkuria ir kompleksi\u0161kai maitina plaukus. <\/p>\n<p>D\u0117l \u0161velnaus ploviklio pagrindo susidaro \u0161velnios kvapnios putos, kurios \u0161velniai valo galvos od\u0105 ir garbanas nuo \u012fvairi\u0173 ne\u0161varum\u0173. Kosmetikos priemon\u0117 skatina pa\u017eeist\u0173 plauk\u0173 tinklo viet\u0173 regeneracij\u0105, optimaliai dr\u0117kina sruogas ir jas mink\u0161tina. Nat\u016bralus mang\u0173 sviestas turtingas vitamin\u0173, riebal\u0173 r\u016bg\u0161\u010di\u0173 ir mikroelement\u0173, jis prisotina plaukus naudingomis med\u017eiagomis, skatina augim\u0105, gerina poodini\u0173 kapiliar\u0173 darb\u0105, daro garbanas glotnesnesnes ir lengviau valdomas formuojant ir \u0161ukuojant, pripildo jas sveiko blizgesio.  <\/p>\n<p>Vanduo, natrio laureto sulfatas, natrio chloridas, kokamido DEA, kokamidopropil betainas, kokoso gliukozidas, hidrintas ricin\u0173 aliejus, PEG-4 distearilo eteris, polikvaterniumas-7, PEG-7 glicerolio kokoatas, glicerinas, Mangifera Indica, dikaprilio eteris, amodimetho chloridas, tride\u0161etas-12, benzilo alkoholis, metilchlorizotiazolinonas, metilizotiazolinonas, natrio benzoatas.<\/p>\n","protected":false},"excerpt":{"rendered":"<p>&#8220;Kallos Cosmetics Mango Moisturising Hair Shampoo&#8221; puikiai tinka turintiems sausas, plonas, negyvas ir nuobod\u017eias plauk\u0173 sruogas. Jo formul\u0117, praturtinta nat\u016bralios kilm\u0117s komponentais, \u0161velniai r\u016bpinasi sruogomis, giliai prisotina reikiam\u0105 dr\u0117gm\u0117s lyg\u012f, aktyviai atkuria ir kompleksi\u0161kai maitina plaukus. D\u0117l \u0161velnaus ploviklio pagrindo susidaro \u0161velnios kvapnios putos, kurios \u0161velniai valo galvos od\u0105 ir garbanas nuo \u012fvairi\u0173 ne\u0161varum\u0173. Kosmetikos [&hellip;]<\/p>\n","protected":false},"featured_media":19172,"comment_status":"open","ping_status":"closed","template":"","meta":[],"product_brand":[],"product_cat":[211,192,216],"product_tag":[],"class_list":{"0":"post-19130","1":"product","2":"type-product","3":"status-publish","4":"has-post-thumbnail","6":"product_cat-hair-lt","7":"product_cat-naujienos","8":"product_cat-sampunai","10":"first","11":"instock","12":"shipping-taxable","13":"purchasable","14":"product-type-simple"},"_links":{"self":[{"href":"https:\/\/beautysba.co.uk\/lt\/wp-json\/wp\/v2\/product\/19130","targetHints":{"allow":["GET"]}}],"collection":[{"href":"https:\/\/beautysba.co.uk\/lt\/wp-json\/wp\/v2\/product"}],"about":[{"href":"https:\/\/beautysba.co.uk\/lt\/wp-json\/wp\/v2\/types\/product"}],"replies":[{"embeddable":true,"href":"https:\/\/beautysba.co.uk\/lt\/wp-json\/wp\/v2\/comments?post=19130"}],"wp:featuredmedia":[{"embeddable":true,"href":"https:\/\/beautysba.co.uk\/lt\/wp-json\/wp\/v2\/media\/19172"}],"wp:attachment":[{"href":"https:\/\/beautysba.co.uk\/lt\/wp-json\/wp\/v2\/media?parent=19130"}],"wp:term":[{"taxonomy":"product_brand","embeddable":true,"href":"https:\/\/beautysba.co.uk\/lt\/wp-json\/wp\/v2\/product_brand?post=19130"},{"taxonomy":"product_cat","embeddable":true,"href":"https:\/\/beautysba.co.uk\/lt\/wp-json\/wp\/v2\/product_cat?post=19130"},{"taxonomy":"product_tag","embeddable":true,"href":"https:\/\/beautysba.co.uk\/lt\/wp-json\/wp\/v2\/product_tag?post=19130"}],"curies":[{"name":"wp","href":"https:\/\/api.w.org\/{rel}","templated":true}]}}