{"id":19136,"date":"2026-04-24T08:57:51","date_gmt":"2026-04-24T08:57:51","guid":{"rendered":"https:\/\/beautysba.co.uk\/product\/kallos-drekinamoji-plauku-kauke-su-mangu-aliejumi-1000ml\/"},"modified":"2026-04-24T08:58:12","modified_gmt":"2026-04-24T08:58:12","slug":"kallos-drekinamoji-plauku-kauke-su-mangu-aliejumi-1000ml","status":"publish","type":"product","link":"https:\/\/beautysba.co.uk\/lt\/produktas\/kallos-drekinamoji-plauku-kauke-su-mangu-aliejumi-1000ml\/","title":{"rendered":"&#8220;Kallos&#8221; dr\u0117kinamoji plauk\u0173 kauk\u0117 su mang\u0173 aliejumi 1000ml"},"content":{"rendered":"<p>R\u016bpestingai pri\u017ei\u016brint plaukus verta prisiminti, kad vien \u0161amp\u016bno nepakanka. Naujovi\u0161ka &#8220;Kallos Cosmetics&#8221; mang\u0173 kauk\u0117 bus tikras i\u0161sigelb\u0117jimas giliai dr\u0117kinant ir veiksmingai atkuriant j\u016bs\u0173 sruogas. <\/p>\n<p>Jis pagamintas nat\u016bralaus mang\u0173 aliejaus pagrindu, kuris lengvai \u012fsiskverbia \u012f sruog\u0173 strukt\u016br\u0105 ir aktyviai prisotina jas maistingosiomis med\u017eiagomis. \u0160is vertingas komponentas palaiko optimal\u0173 garban\u0173 dr\u0117kinimo lyg\u012f, u\u017ekerta keli\u0105 dehidratacijos procesams ir regeneruoja pa\u017eeistas vietas. Jis pasi\u017eymi puikiomis mink\u0161tinan\u010diomis, stiprinan\u010diomis ir antioksidacin\u0117mis savyb\u0117mis. Priemon\u0117 palengvina \u0161ukavim\u0105 ir stiprina nat\u016bral\u0173 plauk\u0173 atsparum\u0105 agresyviems aplinkos veiksniams. Jis taps gydomuoju eliksyru sausoms, nepaklusnioms, skilin\u0117jan\u010dioms sruogoms.    <\/p>\n<p>Vanduo, cetearilo alkoholis, cetrimonio chloridas, aminopropilo dimetikonas, izoheksadekanas, parfumas, mang\u0173 s\u0117kl\u0173 aliejus, citrinos r\u016bg\u0161tis, propilenglikolis, benzilo alkoholis, metilchlorizotiazolinonas, metilizotiazolinonas, metilizotiazolinonas, metilizotiazolinonas.<\/p>\n","protected":false},"excerpt":{"rendered":"<p>R\u016bpestingai pri\u017ei\u016brint plaukus verta prisiminti, kad vien \u0161amp\u016bno nepakanka. Naujovi\u0161ka &#8220;Kallos Cosmetics&#8221; mang\u0173 kauk\u0117 bus tikras i\u0161sigelb\u0117jimas giliai dr\u0117kinant ir veiksmingai atkuriant j\u016bs\u0173 sruogas. Jis pagamintas nat\u016bralaus mang\u0173 aliejaus pagrindu, kuris lengvai \u012fsiskverbia \u012f sruog\u0173 strukt\u016br\u0105 ir aktyviai prisotina jas maistingosiomis med\u017eiagomis. \u0160is vertingas komponentas palaiko optimal\u0173 garban\u0173 dr\u0117kinimo lyg\u012f, u\u017ekerta keli\u0105 dehidratacijos procesams ir [&hellip;]<\/p>\n","protected":false},"featured_media":19134,"comment_status":"open","ping_status":"closed","template":"","meta":[],"product_brand":[],"product_cat":[211,192,214],"product_tag":[],"class_list":{"0":"post-19136","1":"product","2":"type-product","3":"status-publish","4":"has-post-thumbnail","6":"product_cat-hair-lt","7":"product_cat-naujienos","8":"product_cat-plauku-kaukes","10":"first","11":"instock","12":"shipping-taxable","13":"purchasable","14":"product-type-simple"},"_links":{"self":[{"href":"https:\/\/beautysba.co.uk\/lt\/wp-json\/wp\/v2\/product\/19136","targetHints":{"allow":["GET"]}}],"collection":[{"href":"https:\/\/beautysba.co.uk\/lt\/wp-json\/wp\/v2\/product"}],"about":[{"href":"https:\/\/beautysba.co.uk\/lt\/wp-json\/wp\/v2\/types\/product"}],"replies":[{"embeddable":true,"href":"https:\/\/beautysba.co.uk\/lt\/wp-json\/wp\/v2\/comments?post=19136"}],"wp:featuredmedia":[{"embeddable":true,"href":"https:\/\/beautysba.co.uk\/lt\/wp-json\/wp\/v2\/media\/19134"}],"wp:attachment":[{"href":"https:\/\/beautysba.co.uk\/lt\/wp-json\/wp\/v2\/media?parent=19136"}],"wp:term":[{"taxonomy":"product_brand","embeddable":true,"href":"https:\/\/beautysba.co.uk\/lt\/wp-json\/wp\/v2\/product_brand?post=19136"},{"taxonomy":"product_cat","embeddable":true,"href":"https:\/\/beautysba.co.uk\/lt\/wp-json\/wp\/v2\/product_cat?post=19136"},{"taxonomy":"product_tag","embeddable":true,"href":"https:\/\/beautysba.co.uk\/lt\/wp-json\/wp\/v2\/product_tag?post=19136"}],"curies":[{"name":"wp","href":"https:\/\/api.w.org\/{rel}","templated":true}]}}