{"id":19159,"date":"2026-04-24T09:20:23","date_gmt":"2026-04-24T09:20:23","guid":{"rendered":"https:\/\/beautysba.co.uk\/product\/expigment-4-balinamasis-kremas-expigment-30g\/"},"modified":"2026-04-24T09:20:43","modified_gmt":"2026-04-24T09:20:43","slug":"expigment-4-balinamasis-kremas-expigment-30g","status":"publish","type":"product","link":"https:\/\/beautysba.co.uk\/lt\/produktas\/expigment-4-balinamasis-kremas-expigment-30g\/","title":{"rendered":"Expigment 4% balinamasis kremas Expigment 30g"},"content":{"rendered":"<p>EXPIGMENTAS naudojamas tamsioms odos vietoms (hiperpigmentacijai) laipsni\u0161kai \u0161viesinti. Veiklioji med\u017eiaga hidrochinonas sul\u0117tina melanino, d\u0117l kurio odoje atsiranda pigmentacija, gamyb\u0105. Kremo naudojimo metu melanino pigmentas ilgainiui ma\u017e\u0117ja ir oda atgauna nat\u016brali\u0105 spalv\u0105!<br \/>\n\u012esigykite Expigment 4% kremo 30g internetin\u0117je parduotuv\u0117je Pitlife Sankt Peterburge u\u017e palanki\u0105 kain\u0105!<br \/>\nNaudojimas ir dozavimas.<br \/>\nExpigment kremas naudojamas strazdanoms, senatvin\u0117ms d\u0117m\u0117ms ir spuogams balinti. Jis tepamas plonu sluoksniu tik ant balintin\u0173 viet\u0173. Venkite kontakto su normalia oda, akimis, burna ir kitomis gleivin\u0117mis. Kremo tolerancija yra teigiama, gali atsirasti nedidelis odos sudirginimas. Rezultat\u0105 galima pasteb\u0117ti po pirmojo naudojimo m\u0117nesio.<br \/>\nKokiems simptomams ir ligoms gydyti taikomas Expigment:<br \/>\nPigmentin\u0117s d\u0117m\u0117s, spuog\u0173 \u017eym\u0117s, strazdanos<br \/>\nSVARBU: prie\u0161 pradedant vartoti vaist\u0105 &#8211; b\u016btina pasitarti su gydytoju (jei lankot\u0117s pas gydytoj\u0105).<br \/>\nExpigment 4% sud\u0117tis:<br \/>\nvanduo, butilmetoksidibenzoilmetanas, kamparas, citrin\u0173 r\u016bg\u0161tis, sorbo r\u016bg\u0161tis, vazelinas, ciklometikonas, izopropilo miristatas, cetostearilo alkoholis, natrio laurilsulfatas, skystasis parafinas, EDTA dinatriumas, 40 mg hidrochinono butilhidroksianizolio, (E320),<br \/>\nKaip vartoti Expigment 4%:<br \/>\nExpigment tepamas plonu sluoksniu ant i\u0161 anksto nuvalytos sausos odos, tik ant t\u0173 viet\u0173, kurias reikia balinti (senatvin\u0117s d\u0117m\u0117s, strazdanos, d\u0117m\u0117s po spuog\u0173). Tepdami venkite srities aplink akis. Rekomenduojama tepti du kartus per dien\u0105 2-3 m\u0117nesius.<br \/>\nNenaudokite kremo esant odos pa\u017eeidimams (\u012fbr\u0117\u017eimams, \u012fbr\u0117\u017eimams).<br \/>\nKremu apdorota oda n\u0117ra apsaugota nuo ultravioletini\u0173 spinduli\u0173. Tod\u0117l po tepimo venkite apdorot\u0105 srit\u012f ap\u0161viesti saul\u0117s spinduliais.<br \/>\nSvarbu \u017einoti.<br \/>\nProduktai, kuri\u0173 sud\u0117tyje yra hidrochinono, naudojami atsargiai, kad b\u016bt\u0173 i\u0161vengta alergini\u0173 rei\u0161kini\u0173, patartina atlikti jautrumo test\u0105. Veikiant saul\u0117s spinduliams veiklioji med\u017eiaga virsta nuodais ir kelia pavoj\u0173. Tod\u0117l kremas nenaudojamas dienos metu.  <\/p>\n","protected":false},"excerpt":{"rendered":"<p>EXPIGMENTAS naudojamas tamsioms odos vietoms (hiperpigmentacijai) laipsni\u0161kai \u0161viesinti. Veiklioji med\u017eiaga hidrochinonas sul\u0117tina melanino, d\u0117l kurio odoje atsiranda pigmentacija, gamyb\u0105. Kremo naudojimo metu melanino pigmentas ilgainiui ma\u017e\u0117ja ir oda atgauna nat\u016brali\u0105 spalv\u0105! \u012esigykite Expigment 4% kremo 30g internetin\u0117je parduotuv\u0117je Pitlife Sankt Peterburge u\u017e palanki\u0105 kain\u0105! Naudojimas ir dozavimas. Expigment kremas naudojamas strazdanoms, senatvin\u0117ms d\u0117m\u0117ms ir spuogams [&hellip;]<\/p>\n","protected":false},"featured_media":19157,"comment_status":"open","ping_status":"closed","template":"","meta":[],"product_brand":[],"product_cat":[133,192,127],"product_tag":[],"class_list":{"0":"post-19159","1":"product","2":"type-product","3":"status-publish","4":"has-post-thumbnail","6":"product_cat-dienos-kremai","7":"product_cat-naujienos","8":"product_cat-veidas","10":"first","11":"instock","12":"shipping-taxable","13":"purchasable","14":"product-type-simple"},"_links":{"self":[{"href":"https:\/\/beautysba.co.uk\/lt\/wp-json\/wp\/v2\/product\/19159","targetHints":{"allow":["GET"]}}],"collection":[{"href":"https:\/\/beautysba.co.uk\/lt\/wp-json\/wp\/v2\/product"}],"about":[{"href":"https:\/\/beautysba.co.uk\/lt\/wp-json\/wp\/v2\/types\/product"}],"replies":[{"embeddable":true,"href":"https:\/\/beautysba.co.uk\/lt\/wp-json\/wp\/v2\/comments?post=19159"}],"wp:featuredmedia":[{"embeddable":true,"href":"https:\/\/beautysba.co.uk\/lt\/wp-json\/wp\/v2\/media\/19157"}],"wp:attachment":[{"href":"https:\/\/beautysba.co.uk\/lt\/wp-json\/wp\/v2\/media?parent=19159"}],"wp:term":[{"taxonomy":"product_brand","embeddable":true,"href":"https:\/\/beautysba.co.uk\/lt\/wp-json\/wp\/v2\/product_brand?post=19159"},{"taxonomy":"product_cat","embeddable":true,"href":"https:\/\/beautysba.co.uk\/lt\/wp-json\/wp\/v2\/product_cat?post=19159"},{"taxonomy":"product_tag","embeddable":true,"href":"https:\/\/beautysba.co.uk\/lt\/wp-json\/wp\/v2\/product_tag?post=19159"}],"curies":[{"name":"wp","href":"https:\/\/api.w.org\/{rel}","templated":true}]}}