{"id":19166,"date":"2026-04-24T09:22:28","date_gmt":"2026-04-24T09:22:28","guid":{"rendered":"https:\/\/beautysba.co.uk\/product\/balinamasis-kremas-su-hidrochinonu-2-expigment-30-ml\/"},"modified":"2026-04-24T09:22:45","modified_gmt":"2026-04-24T09:22:45","slug":"balinamasis-kremas-su-hidrochinonu-2-expigment-30-ml","status":"publish","type":"product","link":"https:\/\/beautysba.co.uk\/lt\/produktas\/balinamasis-kremas-su-hidrochinonu-2-expigment-30-ml\/","title":{"rendered":"Balinamasis kremas su hidrochinonu 2% Expigment 30 ml"},"content":{"rendered":"<p>Ekspigmentas &#8211; tai preparatas, skirtas tepti tiesiai ant odos. Jis priklauso dermatologini\u0173 produkt\u0173 grupei. <\/p>\n<p>Kremas naudojamas tamsioms odos vietoms (hiperpigmentacijai) laipsni\u0161kai \u0161viesinti. Veiklioji produkto med\u017eiaga hidrochinonas sul\u0117tina melanino, d\u0117l kurio odoje atsiranda pigmentacija, gamyb\u0105. Naudojant krem\u0105, laikui b\u0117gant melanino pigmentas ma\u017e\u0117ja ir oda atgauna nat\u016brali\u0105 spalv\u0105.  <\/p>\n<p>Naudojant balinam\u0105j\u012f krem\u0105, \u012f prie\u017ei\u016br\u0105 negalima \u012ftraukti produkt\u0173 su retinoliu, be to, privaloma naudoti apsaugin\u012f krem\u0105 nuo saul\u0117s su auk\u0161tu apsaugos laipsniu (SPF 30 arba 50), pavyzd\u017eiui, &#8220;Sunbrella Holy Land&#8221; apsaugin\u012f krem\u0105 nuo saul\u0117s SPF 30.<\/p>\n<p>Tinka visiems 12+ odos tipams<\/p>\n<p>Naudojimo indikacijos:<\/p>\n<p>Melasma (odos pigmentacijos sutrikimas)<br \/>\nChloasma (odos hiperpigmentacija)<br \/>\n\u012evairaus pob\u016bd\u017eio pigmentin\u0117s d\u0117m\u0117s<br \/>\nStrazdanos<br \/>\nPostakn\u0117<br \/>\nSavyb\u0117s:<\/p>\n<p>Balina od\u0105<br \/>\nSpartina regeneracij\u0105<br \/>\nL\u0117tina melanino gamyb\u0105<br \/>\nAtkuria nat\u016bral\u0173 odos atspalv\u012f<br \/>\nKaip naudoti: nedidel\u012f kiek\u012f kremo u\u017etepkite ant pigmentini\u0173 d\u0117mi\u0173 (tik ant d\u0117mi\u0173, \u0161varios odos nelieskite). Naudokite kart\u0105 per dien\u0105. <\/p>\n<p>Kosmetologo rekomendacijos:<\/p>\n<p>\u2713 I\u0161 anksto u\u017etepkite nedidel\u012f kiek\u012f kremo ant nepa\u017eeistos odos ploto ir 24 valandas steb\u0117kite odos jautrum\u0105. Lengvas paraudimas n\u0117ra prie\u017eastis nutraukti kremo naudojim\u0105, ta\u010diau atsiradus nie\u017euliui, p\u016bsl\u0117ms su skys\u010diu viduje, pernelyg dideliam u\u017edegimui, nedelsdami nutraukite kremo naudojim\u0105. <\/p>\n<p>\u2713 Prie\u0161 eidami \u012f lauk\u0105 b\u016btinai pasitepkite apsauginiu kremu nuo saul\u0117s, nes apsauginis kremas nuo saul\u0117s ma\u017eina melanino gamyb\u0105 ir oda tampa bej\u0117g\u0117 prie\u0161 spindulius. Prie\u0161ingu atveju situacija gali pablog\u0117ti ir d\u0117m\u0117s gali patams\u0117ti.  <\/p>\n<p>\u2713 Nenaudokite ilgiau kaip 2 m\u0117nesius. Jei per \u0161\u012f laik\u0105 rezultatas nepasirod\u0117, kreipkit\u0117s \u012f gydytoj\u0105. <\/p>\n<p>Nenaudoti n\u0117\u0161tumo metu ir jaunesniems nei 12 met\u0173 vaikams.<\/p>\n<p>Nevartokite vaisto, jei esate alergi\u0161ki arba padid\u0117jusio jautrumo bet kuriai kremo sudedamajai daliai.<\/p>\n<p>Venkite vaisto patekimo \u012f akis ir gleivines. Atsitiktinai patekus vaistui \u012f akis, nedelsdami praplaukite jas dideliu kiekiu vandens ir kreipkit\u0117s \u012f gydytoj\u0105. <\/p>\n<p>Veikliosios med\u017eiagos:<\/p>\n<p>1 g kremo yra 20 mg hidrochinono.<br \/>\nHidrochinonas yra balinam\u0105j\u012f poveik\u012f turinti med\u017eiaga.<br \/>\nVaistas tiekiamas aliuminio t\u016bbel\u0117je, kurioje yra 30 g kremo, u\u017edarytoje plastikiniu dangteliu.<\/p>\n","protected":false},"excerpt":{"rendered":"<p>Ekspigmentas &#8211; tai preparatas, skirtas tepti tiesiai ant odos. Jis priklauso dermatologini\u0173 produkt\u0173 grupei. Kremas naudojamas tamsioms odos vietoms (hiperpigmentacijai) laipsni\u0161kai \u0161viesinti. Veiklioji produkto med\u017eiaga hidrochinonas sul\u0117tina melanino, d\u0117l kurio odoje atsiranda pigmentacija, gamyb\u0105. Naudojant krem\u0105, laikui b\u0117gant melanino pigmentas ma\u017e\u0117ja ir oda atgauna nat\u016brali\u0105 spalv\u0105. Naudojant balinam\u0105j\u012f krem\u0105, \u012f prie\u017ei\u016br\u0105 negalima \u012ftraukti produkt\u0173 su [&hellip;]<\/p>\n","protected":false},"featured_media":19165,"comment_status":"open","ping_status":"closed","template":"","meta":[],"product_brand":[],"product_cat":[133,192,127],"product_tag":[],"class_list":{"0":"post-19166","1":"product","2":"type-product","3":"status-publish","4":"has-post-thumbnail","6":"product_cat-dienos-kremai","7":"product_cat-naujienos","8":"product_cat-veidas","10":"first","11":"instock","12":"shipping-taxable","13":"purchasable","14":"product-type-simple"},"_links":{"self":[{"href":"https:\/\/beautysba.co.uk\/lt\/wp-json\/wp\/v2\/product\/19166","targetHints":{"allow":["GET"]}}],"collection":[{"href":"https:\/\/beautysba.co.uk\/lt\/wp-json\/wp\/v2\/product"}],"about":[{"href":"https:\/\/beautysba.co.uk\/lt\/wp-json\/wp\/v2\/types\/product"}],"replies":[{"embeddable":true,"href":"https:\/\/beautysba.co.uk\/lt\/wp-json\/wp\/v2\/comments?post=19166"}],"wp:featuredmedia":[{"embeddable":true,"href":"https:\/\/beautysba.co.uk\/lt\/wp-json\/wp\/v2\/media\/19165"}],"wp:attachment":[{"href":"https:\/\/beautysba.co.uk\/lt\/wp-json\/wp\/v2\/media?parent=19166"}],"wp:term":[{"taxonomy":"product_brand","embeddable":true,"href":"https:\/\/beautysba.co.uk\/lt\/wp-json\/wp\/v2\/product_brand?post=19166"},{"taxonomy":"product_cat","embeddable":true,"href":"https:\/\/beautysba.co.uk\/lt\/wp-json\/wp\/v2\/product_cat?post=19166"},{"taxonomy":"product_tag","embeddable":true,"href":"https:\/\/beautysba.co.uk\/lt\/wp-json\/wp\/v2\/product_tag?post=19166"}],"curies":[{"name":"wp","href":"https:\/\/api.w.org\/{rel}","templated":true}]}}