{"id":19174,"date":"2026-04-24T09:14:52","date_gmt":"2026-04-24T09:14:52","guid":{"rendered":"https:\/\/beautysba.co.uk\/product\/acnelyse-kremas-025-tretinoino-20-ml\/"},"modified":"2026-04-24T09:49:05","modified_gmt":"2026-04-24T09:49:05","slug":"acnelyse-kremas-025-tretinoino-20-ml","status":"publish","type":"product","link":"https:\/\/beautysba.co.uk\/lt\/produktas\/acnelyse-kremas-025-tretinoino-20-ml\/","title":{"rendered":"Acnelyse kremas 0,25 % tretinoino 20 ml"},"content":{"rendered":"<p>&#8220;Acnelyse&#8221; kremas yra veiksmingas produktas, kurio sud\u0117tyje yra tretinoinoino, veiksmingai valan\u010dio poras, ma\u017einan\u010dio paraudim\u0105 ir spartinan\u010dio odos l\u0105steli\u0173 atsinaujinim\u0105. \u0160is kremas ne tik kovoja su esamais spuogeliais, bet ir padeda u\u017ekirsti keli\u0105 b\u016bsimiems b\u0117rimams, skatindamas \u0161varesn\u0119 ir sveikesn\u0119 veido od\u0105. Acnelyse kremas taip pat gerina bendr\u0105 odos kokyb\u0119, nes ma\u017eina randus, smulkias linijas, rauk\u0161les ir rauk\u0161les, tod\u0117l oda tampa lygesn\u0117. Patvirtintas viso pasaulio dermatolog\u0173, jis tinka vis\u0173 tip\u0173 odai ir gali b\u016bti lengvai \u012ftraukiamas \u012f bet koki\u0105 odos prie\u017ei\u016bros rutin\u0105. Kad pasiektum\u0117te optimali\u0173 rezultat\u0173, nedidel\u012f kiek\u012f priemon\u0117s u\u017etepkite ant problemini\u0173 viet\u0173 per nakt\u012f, o tada naudokite dr\u0117kinam\u0105j\u012f krem\u0105, kad oda b\u016bt\u0173 sudr\u0117kinta.    <\/p>\n<p>Jei ken\u010diate nuo nuolatini\u0173 spuog\u0173 ir svajojate apie \u0161vari\u0105, nepriekai\u0161ting\u0105 od\u0105, &#8220;Acnelyse&#8221; kremas yra tai, ko jums reikia. \u0160is kruop\u0161\u010diai sukurtas odos prie\u017ei\u016bros produktas veiksmingai kovoja su spuogais ir padeda pasiekti \u0161vytin\u010di\u0105 od\u0105, apie kuri\u0105 visada svajojote. Neleiskite, kad spuogai pakirst\u0173 j\u016bs\u0173 pasitik\u0117jim\u0105 savimi; Acnelyse kremas bus j\u016bs\u0173 patikimas kovotojas su spuogais, leid\u017eiantis atkurti odos skaidrum\u0105 ir gyvybingum\u0105. Pasinaudokite galimybe pagerinti savo veido spalv\u0105 ir bendr\u0105 odos sveikat\u0105, \u012ftraukdami Acnelyse krem\u0105 \u012f kasdien\u0119 odos prie\u017ei\u016bros rutin\u0105.   <\/p>\n<p>Instrukcijos ir rekomendacijos naudotojams:<br \/>\nPrad\u0117kite odos prie\u017ei\u016br\u0105 \u0161velniai valydami veid\u0105 \u0161velniu, nekomedogeniniu valikliu. Po prausimosi \u0161velniai nuvalykite od\u0105 \u0161variu rank\u0161luos\u010diu.<br \/>\nVakare nedidel\u012f kiek\u012f Acnelyse kremo, ma\u017edaug \u017eirnio dyd\u017eio, u\u017etepkite ant spuog\u0173 pa\u017eeist\u0173 viet\u0173, vengdami jautri\u0173 viet\u0173, pavyzd\u017eiui, aki\u0173, burnos ir atvir\u0173 \u017eaizd\u0173.<br \/>\nAcnelyse krem\u0105 svarbu naudoti taupiai, nes geriausius rezultatus duoda nedidelis jo kiekis. Naudojant per daug, gali padid\u0117ti sausumas ar sudirgimas. Jei \u0161\u012f produkt\u0105 naudojate pirm\u0105 kart\u0105, prad\u0117kite tepti kas antr\u0105 dien\u0105, kad oda sp\u0117t\u0173 prisitaikyti.<br \/>\nPo to, kai &#8220;Acnelyse&#8221; kremas \u012fsigeria (paprastai tai trunka 20-30 minu\u010di\u0173), patepkite od\u0105 dr\u0117kinamuoju kremu, kad oda b\u016bt\u0173 sudr\u0117kinta ir nesaus\u0117t\u0173 bei nelupt\u0173si.<br \/>\nDienos metu saugokite od\u0105 plataus spektro apsauginiu kremu nuo saul\u0117s su ne ma\u017eesniu kaip 30 SPF, nes tretinoinas gali padidinti jautrum\u0105 saul\u0117s spinduliams.<br \/>\nB\u016bkite kantr\u016bs, nes pastebimi pager\u0117jimai gali pasireik\u0161ti po keli\u0173 savai\u010di\u0173, tod\u0117l norint pasiekti norim\u0173 rezultat\u0173, b\u016btina reguliariai laikytis re\u017eimo.<br \/>\nJei jau\u010diate stipr\u0173 sudirginim\u0105 arba nerimaujate d\u0117l savo pa\u017eangos, kreipkit\u0117s \u012f dermatolog\u0105, kad jis pateikt\u0173 individualias rekomendacijas ir pakoreguot\u0173 odos prie\u017ei\u016bros re\u017eim\u0105.<br \/>\nSPECIFIKACIJA<\/p>\n<p>Sud\u0117tis: \u0161viesiai geltonas homogeni\u0161kas kremas<br \/>\nPakuot\u0117je yra: 1 pakuot\u0117 Acnelyse 0,025% kremo 20 g<br \/>\nKilm\u0117s \u0161alis: Turkija<br \/>\n\u012eSP\u0116JIMAI.<\/p>\n<p>Labai svarbu vengti naudoti Acnelyse krem\u0105 n\u0117\u0161tumo ir \u017eindymo laikotarpiu. Be to, pasitarkite su gydytoju, jei sergate kokiomis nors odos ligomis ar esate alergi\u0161ki. <\/p>\n<p>ATSISAKYMAS<\/p>\n<p>Garantuojame savo produkt\u0173 autenti\u0161kum\u0105 ir kokyb\u0119, ta\u010diau \u010dia pateikta informacija nepakei\u010dia profesionalaus gydytojo patarimo, diagnoz\u0117s ar gydymo. Visais su sveikata susijusiais klausimais b\u016btinai kreipkit\u0117s \u012f gydytoj\u0105 arba kvalifikuot\u0105 medicinos specialist\u0105. Be to, rekomenduojame prie\u0161 naudojant atid\u017eiai perskaityti vis\u0173 produkt\u0173 etiketes, \u012fsp\u0117jimus ir instrukcijas, o ne pasikliauti vien IPREMA pateikta informacija.  <\/p>\n","protected":false},"excerpt":{"rendered":"<p>&#8220;Acnelyse&#8221; kremas yra veiksmingas produktas, kurio sud\u0117tyje yra tretinoinoino, veiksmingai valan\u010dio poras, ma\u017einan\u010dio paraudim\u0105 ir spartinan\u010dio odos l\u0105steli\u0173 atsinaujinim\u0105. \u0160is kremas ne tik kovoja su esamais spuogeliais, bet ir padeda u\u017ekirsti keli\u0105 b\u016bsimiems b\u0117rimams, skatindamas \u0161varesn\u0119 ir sveikesn\u0119 veido od\u0105. Acnelyse kremas taip pat gerina bendr\u0105 odos kokyb\u0119, nes ma\u017eina randus, smulkias linijas, rauk\u0161les ir [&hellip;]<\/p>\n","protected":false},"featured_media":19144,"comment_status":"open","ping_status":"closed","template":"","meta":[],"product_brand":[],"product_cat":[192,128,127],"product_tag":[],"class_list":{"0":"post-19174","1":"product","2":"type-product","3":"status-publish","4":"has-post-thumbnail","6":"product_cat-naujienos","7":"product_cat-spuogu-demiu-gydymas","8":"product_cat-veidas","10":"first","11":"instock","12":"shipping-taxable","13":"purchasable","14":"product-type-simple"},"_links":{"self":[{"href":"https:\/\/beautysba.co.uk\/lt\/wp-json\/wp\/v2\/product\/19174","targetHints":{"allow":["GET"]}}],"collection":[{"href":"https:\/\/beautysba.co.uk\/lt\/wp-json\/wp\/v2\/product"}],"about":[{"href":"https:\/\/beautysba.co.uk\/lt\/wp-json\/wp\/v2\/types\/product"}],"replies":[{"embeddable":true,"href":"https:\/\/beautysba.co.uk\/lt\/wp-json\/wp\/v2\/comments?post=19174"}],"wp:featuredmedia":[{"embeddable":true,"href":"https:\/\/beautysba.co.uk\/lt\/wp-json\/wp\/v2\/media\/19144"}],"wp:attachment":[{"href":"https:\/\/beautysba.co.uk\/lt\/wp-json\/wp\/v2\/media?parent=19174"}],"wp:term":[{"taxonomy":"product_brand","embeddable":true,"href":"https:\/\/beautysba.co.uk\/lt\/wp-json\/wp\/v2\/product_brand?post=19174"},{"taxonomy":"product_cat","embeddable":true,"href":"https:\/\/beautysba.co.uk\/lt\/wp-json\/wp\/v2\/product_cat?post=19174"},{"taxonomy":"product_tag","embeddable":true,"href":"https:\/\/beautysba.co.uk\/lt\/wp-json\/wp\/v2\/product_tag?post=19174"}],"curies":[{"name":"wp","href":"https:\/\/api.w.org\/{rel}","templated":true}]}}