{"id":19176,"date":"2026-04-24T08:49:32","date_gmt":"2026-04-24T08:49:32","guid":{"rendered":"https:\/\/beautysba.co.uk\/product\/kallos-pro-tox-superfruits-kremine-plauku-kauke-275ml\/"},"modified":"2026-04-24T09:51:07","modified_gmt":"2026-04-24T09:51:07","slug":"kallos-pro-tox-superfruits-kremine-plauku-kauke-275ml","status":"publish","type":"product","link":"https:\/\/beautysba.co.uk\/lt\/produktas\/kallos-pro-tox-superfruits-kremine-plauku-kauke-275ml\/","title":{"rendered":"&#8220;Kallos PRO-TOX Superfruits&#8221; kremin\u0117 plauk\u0173 kauk\u0117 275ml"},"content":{"rendered":"<p>Neabejotina, kad plaukai, kaip ir oda, laikui b\u0117gant pa\u017eeid\u017eiami. Jie tampa plonesni, akytesni ir pa\u017eeid\u017eiamesni, tod\u0117l jums reikia patikimo skydo nuo i\u0161orinio streso. Nat\u016brali\u0173 antioksidant\u0173 gali\u0105 turi &#8220;Kallos&#8221; prek\u0117s \u017eenklo kremin\u0117 kauk\u0117 plaukams, kuri bus b\u016btent ta apsauga. Vaisi\u0173 ekstrakt\u0173 ir maitinamojo kokos\u0173 aliejaus kompleksas apsaugos j\u016bs\u0173 sruogas nuo \u017ealingo saul\u0117s, tar\u0161os, kieto vandens ir kit\u0173 veiksni\u0173 poveikio. Nat\u016bral\u016bs, da\u017eyti, ties\u016bs ar garbanoti plaukai &#8211; produktas veiksmingas bet kokiomis s\u0105lygomis!    <\/p>\n<p>Savyb\u0117s Kallos Hair Pro-tox Superfruits plauk\u0173 kauk\u0117:<\/p>\n<p>&#8211; kokos\u0173 aliejus maitina ir mink\u0161tina, suteikia \u0161ilkinio \u0161velnumo;<br \/>\n&#8211; pantenolis apsaugo nuo sausumo ir standumo, vizualiai suteikia tankumo;<br \/>\n&#8211; goji uog\u0173, acai uog\u0173, granat\u0173 s\u0117kl\u0173 ir gvajav\u0173 ekstraktai pasi\u017eymi stipriu antioksidaciniu poveikiu;<br \/>\n&#8211; suteikia plaukams blizges\u012f, sodri\u0105 spalv\u0105;<br \/>\n&#8211; padeda ilgiau i\u0161laikyti ry\u0161k\u0173 spalvos rezultat\u0105;<br \/>\n&#8211; apsaugo nuo i\u0161blukimo, \u0161al\u010dio, kar\u0161\u010dio ir ne\u0161varum\u0173;<br \/>\n&#8211; palieka lengv\u0105 vaisi\u0173 aromat\u0105 ant plauk\u0173.<\/p>\n<p>Vanduo, cetearilo alkoholis, cetrimonio chloridas, Cocos Nucifera aliejus, Cocos Nucifera aliejus, behentrimonio chloridas, parfumas, pantenolis, glicerinas, Lycium Barbarum vaisi\u0173 ekstraktas, Euterpe Oleracea vaisi\u0173 ekstraktas, Punica Granatum vaisi\u0173 ekstraktas, Psidium Guajava vaisi\u0173 ekstraktas, citrinos r\u016bg\u0161tis, metilchlorizotiazolinonas, metilizotiazolinonas.<\/p>\n","protected":false},"excerpt":{"rendered":"<p>Neabejotina, kad plaukai, kaip ir oda, laikui b\u0117gant pa\u017eeid\u017eiami. Jie tampa plonesni, akytesni ir pa\u017eeid\u017eiamesni, tod\u0117l jums reikia patikimo skydo nuo i\u0161orinio streso. Nat\u016brali\u0173 antioksidant\u0173 gali\u0105 turi &#8220;Kallos&#8221; prek\u0117s \u017eenklo kremin\u0117 kauk\u0117 plaukams, kuri bus b\u016btent ta apsauga. Vaisi\u0173 ekstrakt\u0173 ir maitinamojo kokos\u0173 aliejaus kompleksas apsaugos j\u016bs\u0173 sruogas nuo \u017ealingo saul\u0117s, tar\u0161os, kieto vandens ir [&hellip;]<\/p>\n","protected":false},"featured_media":19104,"comment_status":"open","ping_status":"closed","template":"","meta":[],"product_brand":[],"product_cat":[211,192,214],"product_tag":[],"class_list":{"0":"post-19176","1":"product","2":"type-product","3":"status-publish","4":"has-post-thumbnail","6":"product_cat-hair-lt","7":"product_cat-naujienos","8":"product_cat-plauku-kaukes","10":"first","11":"instock","12":"shipping-taxable","13":"purchasable","14":"product-type-simple"},"_links":{"self":[{"href":"https:\/\/beautysba.co.uk\/lt\/wp-json\/wp\/v2\/product\/19176","targetHints":{"allow":["GET"]}}],"collection":[{"href":"https:\/\/beautysba.co.uk\/lt\/wp-json\/wp\/v2\/product"}],"about":[{"href":"https:\/\/beautysba.co.uk\/lt\/wp-json\/wp\/v2\/types\/product"}],"replies":[{"embeddable":true,"href":"https:\/\/beautysba.co.uk\/lt\/wp-json\/wp\/v2\/comments?post=19176"}],"wp:featuredmedia":[{"embeddable":true,"href":"https:\/\/beautysba.co.uk\/lt\/wp-json\/wp\/v2\/media\/19104"}],"wp:attachment":[{"href":"https:\/\/beautysba.co.uk\/lt\/wp-json\/wp\/v2\/media?parent=19176"}],"wp:term":[{"taxonomy":"product_brand","embeddable":true,"href":"https:\/\/beautysba.co.uk\/lt\/wp-json\/wp\/v2\/product_brand?post=19176"},{"taxonomy":"product_cat","embeddable":true,"href":"https:\/\/beautysba.co.uk\/lt\/wp-json\/wp\/v2\/product_cat?post=19176"},{"taxonomy":"product_tag","embeddable":true,"href":"https:\/\/beautysba.co.uk\/lt\/wp-json\/wp\/v2\/product_tag?post=19176"}],"curies":[{"name":"wp","href":"https:\/\/api.w.org\/{rel}","templated":true}]}}