{"id":19182,"date":"2026-04-24T10:04:41","date_gmt":"2026-04-24T10:04:41","guid":{"rendered":"https:\/\/beautysba.co.uk\/product\/kolageno-vitamino-c-milteliai-400-g-ostrovit\/"},"modified":"2026-04-24T10:05:00","modified_gmt":"2026-04-24T10:05:00","slug":"kolageno-vitamino-c-milteliai-400-g-ostrovit","status":"publish","type":"product","link":"https:\/\/beautysba.co.uk\/lt\/produktas\/kolageno-vitamino-c-milteliai-400-g-ostrovit\/","title":{"rendered":"Kolageno + vitamino C milteliai 400 g &#8211; OstroVit"},"content":{"rendered":"<p>Kolageno ir vitamino C milteliai &#8211; maisto papildas su saldikliais, 400 g<\/p>\n<p>Maisto papildas, kurio sud\u0117tyje yra kolageno ir vitamino C milteli\u0173 pavidalu, tinkamas kasdieniam maisto racionui papildyti.<\/p>\n<p>Produkt\u0105 galima \u012fsigyti patogiu milteli\u0173 pavidalu, tod\u0117l j\u012f lengva d\u0117ti \u012f g\u0117rimus. Tinka tiems, kurie nori papildyti savo kasdien\u0119 mityb\u0105 kolagenu ir vitaminais. <\/p>\n<p>Sud\u0117tyje yra kolageno ir vitamino C<br \/>\nPatogaus naudojimo milteliai<br \/>\nTinka naudoti kasdien<br \/>\nT\u016aKUMAS<br \/>\n400 g<\/p>\n<p>SUD\u0116TIS<br \/>\nHidrolizuotas galvij\u0173 kolagenas, L-askorbo r\u016bg\u0161tis, r\u016bg\u0161tingum\u0105 reguliuojanti med\u017eiaga: citrin\u0173 r\u016bg\u0161tis; kvapiosios med\u017eiagos, maltodekstrinas, raudon\u0173j\u0173 burok\u0117li\u0173 sul\u010di\u0173 milteliai, saldiklis: sukraloz\u0117.<\/p>\n<p>REKOMENDUOJAMA DIENIN\u0116 Doz\u0117<br \/>\n10 g (2 matavimo vienetai) sumai\u0161yti su 200 ml vandens. Rekomenduojama paros doz\u0117: 1 porcija. Produktas skirtas suaugusiesiems.  <\/p>\n<p>SUDEDAMOSIOS DALYS VIENOS DIENOS Doz\u0117je<br \/>\nVeikliosios med\u017eiagos vienoje porcijoje % rekomenduojamos paros vert\u0117s*<br \/>\nHidrolizuotas galvij\u0173 kolagenas 8700 mg &#8211;<br \/>\nVitaminas C 500 mg 625%<br \/>\n*NRV &#8211; rekomenduojamos paros vert\u0117s<\/p>\n<p>\u012eSP\u0116JIMAS<br \/>\nNenaudoti esant padid\u0117jusiam jautrumui sudedamosioms dalims<br \/>\nN\u0117\u0161tumo ir \u017eindymo laikotarpiu pasitarkite su gydytoju<br \/>\nNevir\u0161yti rekomenduojamos paros doz\u0117s<br \/>\nLaikyti vaikams nepasiekiamoje vietoje<br \/>\nNenaudoti kaip \u012fvairios mitybos pakaitalo<br \/>\nSvarbu valgyti \u012fvairi\u0105 ir subalansuot\u0105 mityb\u0105 bei gyventi sveik\u0105 gyvenimo b\u016bd\u0105<br \/>\nLAIKYMAS<br \/>\nLaikyti ma\u017eiems vaikams nepasiekiamoje vietoje Laikyti ma\u017eiems vaikams nepasiekiamoje vietoje Nenaudoti kaip \u012fvairios mitybos pakaitalo Svarbu valgyti \u012fvairi\u0105 ir subalansuot\u0105 mityb\u0105 bei gyventi sveik\u0105 gyvenimo b\u016bd\u0105 Laikymas Laikyti ma\u017eiems vaikams nepasiekiamoje vietoje.<\/p>\n<p>Galiojimo data<br \/>\n\u017dr. pakuot\u0119<\/p>\n<p>Kilm\u0117s \u0161alis<br \/>\nLenkija<\/p>\n","protected":false},"excerpt":{"rendered":"<p>Kolageno ir vitamino C milteliai &#8211; maisto papildas su saldikliais, 400 g Maisto papildas, kurio sud\u0117tyje yra kolageno ir vitamino C milteli\u0173 pavidalu, tinkamas kasdieniam maisto racionui papildyti. Produkt\u0105 galima \u012fsigyti patogiu milteli\u0173 pavidalu, tod\u0117l j\u012f lengva d\u0117ti \u012f g\u0117rimus. Tinka tiems, kurie nori papildyti savo kasdien\u0119 mityb\u0105 kolagenu ir vitaminais. Sud\u0117tyje yra kolageno ir [&hellip;]<\/p>\n","protected":false},"featured_media":19181,"comment_status":"open","ping_status":"closed","template":"","meta":[],"product_brand":[],"product_cat":[192,217,220,305],"product_tag":[],"class_list":{"0":"post-19182","1":"product","2":"type-product","3":"status-publish","4":"has-post-thumbnail","6":"product_cat-naujienos","7":"product_cat-sveikatos-prieziura","8":"product_cat-zarnyno-sveikata","9":"product_cat------lt","11":"first","12":"instock","13":"shipping-taxable","14":"purchasable","15":"product-type-simple"},"_links":{"self":[{"href":"https:\/\/beautysba.co.uk\/lt\/wp-json\/wp\/v2\/product\/19182","targetHints":{"allow":["GET"]}}],"collection":[{"href":"https:\/\/beautysba.co.uk\/lt\/wp-json\/wp\/v2\/product"}],"about":[{"href":"https:\/\/beautysba.co.uk\/lt\/wp-json\/wp\/v2\/types\/product"}],"replies":[{"embeddable":true,"href":"https:\/\/beautysba.co.uk\/lt\/wp-json\/wp\/v2\/comments?post=19182"}],"wp:featuredmedia":[{"embeddable":true,"href":"https:\/\/beautysba.co.uk\/lt\/wp-json\/wp\/v2\/media\/19181"}],"wp:attachment":[{"href":"https:\/\/beautysba.co.uk\/lt\/wp-json\/wp\/v2\/media?parent=19182"}],"wp:term":[{"taxonomy":"product_brand","embeddable":true,"href":"https:\/\/beautysba.co.uk\/lt\/wp-json\/wp\/v2\/product_brand?post=19182"},{"taxonomy":"product_cat","embeddable":true,"href":"https:\/\/beautysba.co.uk\/lt\/wp-json\/wp\/v2\/product_cat?post=19182"},{"taxonomy":"product_tag","embeddable":true,"href":"https:\/\/beautysba.co.uk\/lt\/wp-json\/wp\/v2\/product_tag?post=19182"}],"curies":[{"name":"wp","href":"https:\/\/api.w.org\/{rel}","templated":true}]}}