{"id":19188,"date":"2026-04-24T10:06:28","date_gmt":"2026-04-24T10:06:28","guid":{"rendered":"https:\/\/beautysba.co.uk\/product\/kolagenas-vitaminas-c-juodieji-serbentai-400-g-ostrovit\/"},"modified":"2026-04-24T10:06:45","modified_gmt":"2026-04-24T10:06:45","slug":"kolagenas-vitaminas-c-juodieji-serbentai-400-g-ostrovit","status":"publish","type":"product","link":"https:\/\/beautysba.co.uk\/lt\/produktas\/kolagenas-vitaminas-c-juodieji-serbentai-400-g-ostrovit\/","title":{"rendered":"Kolagenas + vitaminas C, juodieji serbentai 400 g &#8211; OstroVit"},"content":{"rendered":"<p>Juod\u0173j\u0173 serbent\u0173 skonio kolagenas + vitaminas C &#8211; maisto papildas su saldikliais, 400 g<\/p>\n<p>Mitybos papildas su kolagenu ir vitaminu C, milteli\u0173 pavidalo, juod\u0173j\u0173 serbent\u0173 skonio. Tinka maistini\u0173 med\u017eiag\u0173 tr\u016bkumui papildyti. <\/p>\n<p>Produkto sud\u0117tyje yra hidrolizuoto kolageno ir vitamino C, tod\u0117l juos patogu \u012ftraukti \u012f kasdien\u0119 mityb\u0105.<\/p>\n<p>Tinka tiems, kurie renkasi miltelius su priedais.<\/p>\n<p>Sud\u0117tyje yra kolageno ir vitamino C<br \/>\nJuod\u0173j\u0173 serbent\u0173 skonio<br \/>\nMilteliai patogiam naudojimui<br \/>\nTinka kasdieniam naudojimui<br \/>\nSvoris<br \/>\n400g<\/p>\n<p>SUD\u0116TIS<br \/>\nHidrolizuotas galvij\u0173 kolagenas, L-askorbo r\u016bg\u0161tis (vitaminas C), r\u016bg\u0161tingum\u0105 reguliuojanti med\u017eiaga: citrin\u0173 r\u016bg\u0161tis; kvapiosios med\u017eiagos, juod\u0173j\u0173 mork\u0173 koncentrato milteliai, saldikliai: sukraloz\u0117.<\/p>\n<p>REKOMENDUOJAMA DIENIN\u0116 Doz\u0117<br \/>\nDienos doz\u0117 = 2 \u0161auk\u0161teliai, i\u0161 viso 10 gram\u0173<\/p>\n<p>SUD\u0116TIS VIENOS DIENOS Doz\u0117je<br \/>\nVeikliosios med\u017eiagos Vienoje porcijoje % rekomenduojamos paros vert\u0117s* 100 g<br \/>\nHidrolizuotas galvij\u0173 kolagenas 8700 mg &#8211; 87000 mg<br \/>\nVitaminas C 500 mg 625% 5000 mg<br \/>\n*NRV &#8211; rekomenduojamos paros vert\u0117s<\/p>\n<p>\u012eSP\u0116JIMAI<br \/>\nNevartoti, jei padid\u0117j\u0119s jautrumas bet kuriai sudedamajai daliai<br \/>\nN\u0117\u0161tumo ir \u017eindymo laikotarpiu pasitarkite su gydytoju<br \/>\nNevir\u0161ykite rekomenduojamos paros normos<br \/>\nLaikykite vaikams nepasiekiamoje vietoje<br \/>\nNevartokite kaip pakaitalo \u012fvairiai mitybai<br \/>\nSvarbu valgyti \u012fvairiai ir subalansuotai bei laikytis sveikos gyvensenos<br \/>\nLAIKYMAS<br \/>\nPapild\u0105 laikyti sandariai. Venkite s\u0105ly\u010dio su kar\u0161\u010diu ir dr\u0117gme. <\/p>\n<p>Galiojimo laikas<br \/>\n\u017dr. pakuot\u0119<\/p>\n<p>Kilm\u0117s \u0161alis<br \/>\nLenkija<\/p>\n","protected":false},"excerpt":{"rendered":"<p>Juod\u0173j\u0173 serbent\u0173 skonio kolagenas + vitaminas C &#8211; maisto papildas su saldikliais, 400 g Mitybos papildas su kolagenu ir vitaminu C, milteli\u0173 pavidalo, juod\u0173j\u0173 serbent\u0173 skonio. Tinka maistini\u0173 med\u017eiag\u0173 tr\u016bkumui papildyti. Produkto sud\u0117tyje yra hidrolizuoto kolageno ir vitamino C, tod\u0117l juos patogu \u012ftraukti \u012f kasdien\u0119 mityb\u0105. Tinka tiems, kurie renkasi miltelius su priedais. Sud\u0117tyje yra [&hellip;]<\/p>\n","protected":false},"featured_media":19187,"comment_status":"open","ping_status":"closed","template":"","meta":[],"product_brand":[],"product_cat":[192,217,220,305],"product_tag":[],"class_list":{"0":"post-19188","1":"product","2":"type-product","3":"status-publish","4":"has-post-thumbnail","6":"product_cat-naujienos","7":"product_cat-sveikatos-prieziura","8":"product_cat-zarnyno-sveikata","9":"product_cat------lt","11":"first","12":"instock","13":"shipping-taxable","14":"purchasable","15":"product-type-simple"},"_links":{"self":[{"href":"https:\/\/beautysba.co.uk\/lt\/wp-json\/wp\/v2\/product\/19188","targetHints":{"allow":["GET"]}}],"collection":[{"href":"https:\/\/beautysba.co.uk\/lt\/wp-json\/wp\/v2\/product"}],"about":[{"href":"https:\/\/beautysba.co.uk\/lt\/wp-json\/wp\/v2\/types\/product"}],"replies":[{"embeddable":true,"href":"https:\/\/beautysba.co.uk\/lt\/wp-json\/wp\/v2\/comments?post=19188"}],"wp:featuredmedia":[{"embeddable":true,"href":"https:\/\/beautysba.co.uk\/lt\/wp-json\/wp\/v2\/media\/19187"}],"wp:attachment":[{"href":"https:\/\/beautysba.co.uk\/lt\/wp-json\/wp\/v2\/media?parent=19188"}],"wp:term":[{"taxonomy":"product_brand","embeddable":true,"href":"https:\/\/beautysba.co.uk\/lt\/wp-json\/wp\/v2\/product_brand?post=19188"},{"taxonomy":"product_cat","embeddable":true,"href":"https:\/\/beautysba.co.uk\/lt\/wp-json\/wp\/v2\/product_cat?post=19188"},{"taxonomy":"product_tag","embeddable":true,"href":"https:\/\/beautysba.co.uk\/lt\/wp-json\/wp\/v2\/product_tag?post=19188"}],"curies":[{"name":"wp","href":"https:\/\/api.w.org\/{rel}","templated":true}]}}