{"id":19195,"date":"2026-04-24T10:08:07","date_gmt":"2026-04-24T10:08:07","guid":{"rendered":"https:\/\/beautysba.co.uk\/product\/kolageno-vitamino-c-persiku-milteliai-400-g-ostrovit\/"},"modified":"2026-04-24T10:08:24","modified_gmt":"2026-04-24T10:08:24","slug":"kolageno-vitamino-c-persiku-milteliai-400-g-ostrovit","status":"publish","type":"product","link":"https:\/\/beautysba.co.uk\/lt\/produktas\/kolageno-vitamino-c-persiku-milteliai-400-g-ostrovit\/","title":{"rendered":"Kolageno + vitamino C persik\u0173 milteliai 400 g &#8211; OstroVit"},"content":{"rendered":"<p>Kolagenas + vitaminas C Peach &#8211; maisto papildas su saldikliais, 400 g<\/p>\n<p>Maisto papildas, kurio sud\u0117tyje yra kolageno ir vitamino C, persik\u0173 skonio milteli\u0173 pavidalo, tinkantis kasdienei mitybai papildyti.<\/p>\n<p>Produktas yra patogios milteli\u0173 formos, tod\u0117l j\u012f lengva mai\u0161yti su g\u0117rimais. D\u0117l persik\u0173 skonio j\u012f malonu vartoti ir jis puikiai tinka kasdieniam vartojimui. <\/p>\n<p>Sud\u0117tyje yra kolageno ir vitamino C<br \/>\nPatogaus naudojimo milteliai<br \/>\nTinka naudoti kasdien<br \/>\nSvoris<br \/>\n400g<\/p>\n<p>SUDEDAMOSIOS DALYS<br \/>\nHidrolizuotas galvij\u0173 kolagenas, L-askorbo r\u016bg\u0161tis (vitaminas C), r\u016bg\u0161tingum\u0105 reguliuojanti med\u017eiaga: citrin\u0173 r\u016bg\u0161tis; kvapiosios med\u017eiagos, burok\u0117li\u0173 sul\u010di\u0173 koncentrato milteliai, da\u017eiklis: karotenai; saldikliai: sukraloz\u0117.<\/p>\n<p>REKOMENDUOJAMA DIENIN\u0116 Doz\u0117<br \/>\n10 g (2 matavimo vienetai) sumai\u0161yti su 200 ml vandens. Rekomenduojama paros doz\u0117: 1 porcija. Produktas skirtas suaugusiesiems.  <\/p>\n<p>SUDEDAMOSIOS DALYS VIENOS DIENOS Doz\u0117je<br \/>\nVeikliosios med\u017eiagos vienoje porcijoje % rekomenduojamos paros vert\u0117s*<br \/>\nHidrolizuotas galvij\u0173 kolagenas 8700 mg &#8211;<br \/>\nVitaminas C 500 mg 625%<br \/>\n*NPV &#8211; rekomenduojama paros vert\u0117<\/p>\n<p>\u012eSP\u0116JIMAI<br \/>\nN\u0117\u0161tumo ir \u017eindymo laikotarpiu pasitarkite su gydytoju<br \/>\nNevir\u0161ykite rekomenduojamos paros doz\u0117s<br \/>\nLaikykite vaikams nepasiekiamoje vietoje<br \/>\nNevartokite kaip \u012fvairios mitybos pakaitalo<br \/>\nSvarbu valgyti \u012fvairi\u0105 ir subalansuot\u0105 maist\u0105 bei gyventi sveik\u0105 gyvenimo b\u016bd\u0105<br \/>\nLAIKYMAS<br \/>\nLaikykite ma\u017eiems vaikams nepasiekiamoje vietoje.<\/p>\n<p>Galiojimo data<br \/>\n\u017dr. pakuot\u0119<\/p>\n<p>Kilm\u0117s \u0161alis<br \/>\nLenkija<\/p>\n","protected":false},"excerpt":{"rendered":"<p>Kolagenas + vitaminas C Peach &#8211; maisto papildas su saldikliais, 400 g Maisto papildas, kurio sud\u0117tyje yra kolageno ir vitamino C, persik\u0173 skonio milteli\u0173 pavidalo, tinkantis kasdienei mitybai papildyti. Produktas yra patogios milteli\u0173 formos, tod\u0117l j\u012f lengva mai\u0161yti su g\u0117rimais. D\u0117l persik\u0173 skonio j\u012f malonu vartoti ir jis puikiai tinka kasdieniam vartojimui. Sud\u0117tyje yra kolageno [&hellip;]<\/p>\n","protected":false},"featured_media":19193,"comment_status":"open","ping_status":"closed","template":"","meta":[],"product_brand":[],"product_cat":[192,217,220,305],"product_tag":[],"class_list":{"0":"post-19195","1":"product","2":"type-product","3":"status-publish","4":"has-post-thumbnail","6":"product_cat-naujienos","7":"product_cat-sveikatos-prieziura","8":"product_cat-zarnyno-sveikata","9":"product_cat------lt","11":"first","12":"instock","13":"shipping-taxable","14":"purchasable","15":"product-type-simple"},"_links":{"self":[{"href":"https:\/\/beautysba.co.uk\/lt\/wp-json\/wp\/v2\/product\/19195","targetHints":{"allow":["GET"]}}],"collection":[{"href":"https:\/\/beautysba.co.uk\/lt\/wp-json\/wp\/v2\/product"}],"about":[{"href":"https:\/\/beautysba.co.uk\/lt\/wp-json\/wp\/v2\/types\/product"}],"replies":[{"embeddable":true,"href":"https:\/\/beautysba.co.uk\/lt\/wp-json\/wp\/v2\/comments?post=19195"}],"wp:featuredmedia":[{"embeddable":true,"href":"https:\/\/beautysba.co.uk\/lt\/wp-json\/wp\/v2\/media\/19193"}],"wp:attachment":[{"href":"https:\/\/beautysba.co.uk\/lt\/wp-json\/wp\/v2\/media?parent=19195"}],"wp:term":[{"taxonomy":"product_brand","embeddable":true,"href":"https:\/\/beautysba.co.uk\/lt\/wp-json\/wp\/v2\/product_brand?post=19195"},{"taxonomy":"product_cat","embeddable":true,"href":"https:\/\/beautysba.co.uk\/lt\/wp-json\/wp\/v2\/product_cat?post=19195"},{"taxonomy":"product_tag","embeddable":true,"href":"https:\/\/beautysba.co.uk\/lt\/wp-json\/wp\/v2\/product_tag?post=19195"}],"curies":[{"name":"wp","href":"https:\/\/api.w.org\/{rel}","templated":true}]}}