{"id":19201,"date":"2026-04-24T10:09:54","date_gmt":"2026-04-24T10:09:54","guid":{"rendered":"https:\/\/beautysba.co.uk\/product\/miegoti-melatoninas-ostrovit-n180\/"},"modified":"2026-04-24T10:10:15","modified_gmt":"2026-04-24T10:10:15","slug":"miegoti-melatoninas-ostrovit-n180","status":"publish","type":"product","link":"https:\/\/beautysba.co.uk\/lt\/produktas\/miegoti-melatoninas-ostrovit-n180\/","title":{"rendered":"Miegoti Melatoninas OstroVit N180."},"content":{"rendered":"<p>OstroVit Keep Sleep Melatonin 180 table\u010di\u0173<br \/>\nOstroVit Keep Sleep Melatonin yra auk\u0161tos kokyb\u0117s maisto papildas, kuris yra melatonino \u0161altinis. Produktas yra lengvai nuryjam\u0173 table\u010di\u0173 pavidalu ir ypa\u010d rekomenduojamas \u017emon\u0117ms, dirbantiems pamainomis, taip pat tiems, kurie da\u017enai keliauja ir kei\u010dia laiko juostas. <\/p>\n<p>Melatonino \u0161altinis &#8211; Viena papildymo porcija suteikia organizmui 1 mg vertingo ingrediento.<\/p>\n<p>Ekonomi\u0161kas &#8211; produkto pakuot\u0117je yra 180 porcij\u0173.<\/p>\n<p>Patogi forma &#8211; produktas yra lengvai nuryjam\u0173 table\u010di\u0173 pavidalo, tod\u0117l maisto papildas vartojamas be vargo.<\/p>\n<p>OstroVit Keep Sleep Melatonin &#8211; parama organizmui nakt\u012f<br \/>\nMelatoninas yra nat\u016braliai \u017emogaus organizme esantis hormonas. \u0160i\u0105 med\u017eiag\u0105 centrin\u0117je nerv\u0173 sistemoje gamina epifiz\u0117s liauka, kuri yra viena i\u0161 endokrinini\u0173 liauk\u0173 ir yra triptofano darinys. Melatonino sintez\u0119 ir sekrecij\u0105 organizme sustiprina tamsa, o \u0161viesa \u0161iuos procesus slopina. Nat\u016brali hormono gamyba organizme prasideda po saul\u0117lyd\u017eio, o intensyviausia ji b\u016bna vidury nakties, tarp antros ir ketvirtos valandos. Tod\u0117l melatoninas da\u017enai vadinamas &#8220;tamsos hormonu&#8221; arba &#8220;miego hormonu&#8221;. Kadangi su am\u017eiumi \u0161io junginio gamybos lygis ma\u017e\u0117ja, o apie 40-uosius metus pastebimas laipsni\u0161kas med\u017eiagos koncentracijos ma\u017e\u0117jimas, verta apsvarstyti ir melatonino patekimo \u012f organizm\u0105 i\u0161 i\u0161or\u0117s galimyb\u0119.     <\/p>\n<p>Sudedam\u0173j\u0173 dali\u0173, esan\u010di\u0173 OstroVit Keep Sleep Melatonin, savyb\u0117s<br \/>\nMelatoninas padeda suma\u017einti subjektyv\u0173 reaktyvinio v\u0117lavimo jausm\u0105. Palankus poveikis pasirei\u0161kia, kai 0,5 mg i\u0161geriama prie\u0161 pat mieg\u0105 pirm\u0105j\u0105 kelion\u0117s dien\u0105 ir kelias dienas po atvykimo \u012f paskirties viet\u0105, tod\u0117l maisto papildas gali b\u016bti naudingas da\u017enai keliaujant ir esant jetlag&#8217;ui.<br \/>\nMelatoninas padeda sutrumpinti u\u017emigimo laik\u0105. Palankus poveikis pasiekiamas i\u0161g\u0117rus 1 mg melatonino prie\u0161 pat mieg\u0105.<br \/>\nLaboratorijos patikrinta kokyb\u0117<br \/>\nR\u016bpindamiesi savo klient\u0173 sveikata, savo produktus reguliariai tikriname nepriklausomoje akredituotoje laboratorijoje, kad u\u017etikrintume ir i\u0161laikytume auk\u0161\u010diausi\u0105 kokyb\u0119. <\/p>\n","protected":false},"excerpt":{"rendered":"<p>&#8220;OstroVit Keep Sleep Melatonin&#8221; yra auk\u0161tos kokyb\u0117s maisto papildas, kuris yra melatonino \u0161altinis. Produktas yra lengvai nuryjam\u0173 table\u010di\u0173 pavidalu ir ypa\u010d rekomenduojamas \u017emon\u0117ms, kurie dirba pamainomis, taip pat tiems, kurie da\u017enai keliauja ir kei\u010dia laiko juostas. <\/p>\n","protected":false},"featured_media":19199,"comment_status":"open","ping_status":"closed","template":"","meta":[],"product_brand":[],"product_cat":[192,332,217],"product_tag":[],"class_list":{"0":"post-19201","1":"product","2":"type-product","3":"status-publish","4":"has-post-thumbnail","6":"product_cat-naujienos","7":"product_cat-ramybe-ir-geras-miegas","8":"product_cat-sveikatos-prieziura","10":"first","11":"instock","12":"shipping-taxable","13":"purchasable","14":"product-type-simple"},"_links":{"self":[{"href":"https:\/\/beautysba.co.uk\/lt\/wp-json\/wp\/v2\/product\/19201","targetHints":{"allow":["GET"]}}],"collection":[{"href":"https:\/\/beautysba.co.uk\/lt\/wp-json\/wp\/v2\/product"}],"about":[{"href":"https:\/\/beautysba.co.uk\/lt\/wp-json\/wp\/v2\/types\/product"}],"replies":[{"embeddable":true,"href":"https:\/\/beautysba.co.uk\/lt\/wp-json\/wp\/v2\/comments?post=19201"}],"wp:featuredmedia":[{"embeddable":true,"href":"https:\/\/beautysba.co.uk\/lt\/wp-json\/wp\/v2\/media\/19199"}],"wp:attachment":[{"href":"https:\/\/beautysba.co.uk\/lt\/wp-json\/wp\/v2\/media?parent=19201"}],"wp:term":[{"taxonomy":"product_brand","embeddable":true,"href":"https:\/\/beautysba.co.uk\/lt\/wp-json\/wp\/v2\/product_brand?post=19201"},{"taxonomy":"product_cat","embeddable":true,"href":"https:\/\/beautysba.co.uk\/lt\/wp-json\/wp\/v2\/product_cat?post=19201"},{"taxonomy":"product_tag","embeddable":true,"href":"https:\/\/beautysba.co.uk\/lt\/wp-json\/wp\/v2\/product_tag?post=19201"}],"curies":[{"name":"wp","href":"https:\/\/api.w.org\/{rel}","templated":true}]}}