{"id":19207,"date":"2026-04-24T10:11:54","date_gmt":"2026-04-24T10:11:54","guid":{"rendered":"https:\/\/beautysba.co.uk\/product\/vital-harmony-nutra-gold-omega-3-stiprios-kapsules-n60\/"},"modified":"2026-04-24T10:13:00","modified_gmt":"2026-04-24T10:13:00","slug":"vital-harmony-nutra-gold-omega-3-stiprios-kapsules-n60","status":"publish","type":"product","link":"https:\/\/beautysba.co.uk\/lt\/produktas\/vital-harmony-nutra-gold-omega-3-stiprios-kapsules-n60\/","title":{"rendered":"Vital Harmony NUTRA Gold Omega 3 Stiprios kapsul\u0117s N60"},"content":{"rendered":"<p>VH.NUTRA Gold Omega 3 Strong yra maisto papildas, kurio sud\u0117tyje yra omega-3 riebal\u0173 r\u016bg\u0161\u010di\u0173 EPA ir DHA. Omega-3 riebal\u0173 r\u016bg\u0161tys padeda palaikyti normali\u0105 \u0161irdies veikl\u0105, taip pat padeda palaikyti normali\u0105 smegen\u0173 ir reg\u0117jimo funkcij\u0105. <\/p>\n<p>kiekis<\/p>\n<p>60 kapsuli\u0173<\/p>\n<p>sud\u0117tis<\/p>\n<p>\u017euv\u0173 taukai (omega-3 riebal\u0173 r\u016bg\u0161tys), \u017eelatina (kapsul\u0117s apvalkalas), glicerinas, i\u0161grynintas vanduo, antioksidantas (vitaminas E).<\/p>\n<p>rekomenduojama paros doz\u0117 ir vartojimo b\u016bdas<\/p>\n<p>Suaugusiesiems gerti po 1-2 kapsules per dien\u0105 valgio metu.<\/p>\n<p>dienos doz\u0117s turinys<\/p>\n<p>Omega-3 riebal\u0173 r\u016bg\u0161tys 550 mg<br \/>\nEPA 330 mg<br \/>\nDHA 220 mg<br \/>\n\u012fsp\u0117jimai<\/p>\n<p>Nevartoti esant individualiam komponent\u0173 netoleravimui<br \/>\nN\u0117\u0161tumo ir \u017eindymo laikotarpiu pasitarkite su gydytoju<br \/>\nNevir\u0161yti rekomenduojamos paros doz\u0117s<br \/>\nLaikyti vaikams nepasiekiamoje vietoje<br \/>\nNevartoti kaip \u012fvairios mitybos pakaitalo<br \/>\nSvarbu laikytis \u012fvairios ir subalansuotos mitybos bei sveiko gyvenimo b\u016bdo<br \/>\nLaikymas<\/p>\n<p>Laikykite v\u0117sioje ir sausoje vietoje.<\/p>\n<p>galiojimo pabaigos data<\/p>\n<p>\u017di\u016br\u0117ti pakuot\u0119<\/p>\n<p>kilm\u0117s \u0161alis<\/p>\n<p>Latvija<\/p>\n","protected":false},"excerpt":{"rendered":"<p>VH.NUTRA Gold Omega 3 Strong yra maisto papildas, kurio sud\u0117tyje yra omega-3 riebal\u0173 r\u016bg\u0161\u010di\u0173 EPA ir DHA. Omega-3 riebal\u0173 r\u016bg\u0161tys padeda palaikyti normali\u0105 \u0161irdies veikl\u0105, taip pat padeda palaikyti normali\u0105 smegen\u0173 ir reg\u0117jimo funkcij\u0105. <\/p>\n","protected":false},"featured_media":19205,"comment_status":"open","ping_status":"closed","template":"","meta":[],"product_brand":[],"product_cat":[192,333,217,220],"product_tag":[],"class_list":{"0":"post-19207","1":"product","2":"type-product","3":"status-publish","4":"has-post-thumbnail","6":"product_cat-naujienos","7":"product_cat-persalimo-ligoms-ir-psichinei-sveikatai","8":"product_cat-sveikatos-prieziura","9":"product_cat-zarnyno-sveikata","11":"first","12":"instock","13":"shipping-taxable","14":"purchasable","15":"product-type-simple"},"_links":{"self":[{"href":"https:\/\/beautysba.co.uk\/lt\/wp-json\/wp\/v2\/product\/19207","targetHints":{"allow":["GET"]}}],"collection":[{"href":"https:\/\/beautysba.co.uk\/lt\/wp-json\/wp\/v2\/product"}],"about":[{"href":"https:\/\/beautysba.co.uk\/lt\/wp-json\/wp\/v2\/types\/product"}],"replies":[{"embeddable":true,"href":"https:\/\/beautysba.co.uk\/lt\/wp-json\/wp\/v2\/comments?post=19207"}],"wp:featuredmedia":[{"embeddable":true,"href":"https:\/\/beautysba.co.uk\/lt\/wp-json\/wp\/v2\/media\/19205"}],"wp:attachment":[{"href":"https:\/\/beautysba.co.uk\/lt\/wp-json\/wp\/v2\/media?parent=19207"}],"wp:term":[{"taxonomy":"product_brand","embeddable":true,"href":"https:\/\/beautysba.co.uk\/lt\/wp-json\/wp\/v2\/product_brand?post=19207"},{"taxonomy":"product_cat","embeddable":true,"href":"https:\/\/beautysba.co.uk\/lt\/wp-json\/wp\/v2\/product_cat?post=19207"},{"taxonomy":"product_tag","embeddable":true,"href":"https:\/\/beautysba.co.uk\/lt\/wp-json\/wp\/v2\/product_tag?post=19207"}],"curies":[{"name":"wp","href":"https:\/\/api.w.org\/{rel}","templated":true}]}}