{"id":19212,"date":"2026-04-24T10:13:19","date_gmt":"2026-04-24T10:13:19","guid":{"rendered":"https:\/\/beautysba.co.uk\/product\/esvitsin-losjonas-tonikas-plauku-augimui-300-ml-esvitsin\/"},"modified":"2026-04-24T10:13:34","modified_gmt":"2026-04-24T10:13:34","slug":"esvitsin-losjonas-tonikas-plauku-augimui-300-ml-esvitsin","status":"publish","type":"product","link":"https:\/\/beautysba.co.uk\/lt\/produktas\/esvitsin-losjonas-tonikas-plauku-augimui-300-ml-esvitsin\/","title":{"rendered":"Esvitsin losjonas-tonikas plauk\u0173 augimui 300 ml ESVITSIN"},"content":{"rendered":"<p>Kosmetikos gaminys, skirtas plauk\u0173 ir galvos odos prie\u017ei\u016brai: tonizuojantis losjonas. Esvicinas. Bekvapis vandeninis tirpalas, kurio sud\u0117tyje yra mikroelement\u0173 kompleksas  <\/p>\n<p>Kiekis<\/p>\n<p>300 ml<\/p>\n<p>Sud\u0117tis (INCI)<\/p>\n<p>Vanduo, metilo salicilatas, magnio chloridas, gintaro r\u016bg\u0161tis, natrio silikatas, chromo pikolinatas, vario chloridas, cinko chloridas  <\/p>\n<p>Taikymas<\/p>\n<p>Nedidel\u012f kiek\u012f tepkite ant galvos odos ir plauk\u0173 \u0161akn\u0173. \u0160velniai \u012ftrinkite masa\u017euojamaisiais judesiais.  Neplaukite. Naudokite reguliariai.<\/p>\n<p>\u012esp\u0117jimai<\/p>\n<p>&#8211; Tik i\u0161oriniam naudojimui.<br \/>\n&#8211; Nenaudokite, jei netoleruojate sudedam\u0173j\u0173 dali\u0173.<br \/>\n&#8211; Jei pasirei\u0161kia alergin\u0117s reakcijos, nutraukite vartojim\u0105 ir kreipkit\u0117s \u012f gydytoj\u0105.<br \/>\n&#8211; Venkite s\u0105ly\u010dio su akimis ir gleivin\u0117mis.<br \/>\n&#8211; Laikykite vaikams nepasiekiamoje vietoje.<\/p>\n<p>Saugykla<\/p>\n<p>Laikykite sausoje ir v\u0117sioje vietoje.<\/p>\n<p>Galiojimo laikas<\/p>\n<p>\u017di\u016br\u0117ti pakuot\u0119<\/p>\n<p>Atsakingas asmuo: FitoNordic Lab O\u00dc, S\u00fcgise tn 2a, Aruk\u00fcla alevik, Harjumaa, Eesti 75201<\/p>\n","protected":false},"excerpt":{"rendered":"<p>Kosmetikos gaminys, skirtas plauk\u0173 ir galvos odos prie\u017ei\u016brai: tonizuojantis losjonas. Esvicinas. Bekvapis vandeninis tirpalas, kurio sud\u0117tyje yra mikroelement\u0173 kompleksas Kiekis 300 ml Sud\u0117tis (INCI) Vanduo, metilo salicilatas, magnio chloridas, gintaro r\u016bg\u0161tis, natrio silikatas, chromo pikolinatas, vario chloridas, cinko chloridas Taikymas Nedidel\u012f kiek\u012f tepkite ant galvos odos ir plauk\u0173 \u0161akn\u0173. \u0160velniai \u012ftrinkite masa\u017euojamaisiais judesiais. Neplaukite. Naudokite [&hellip;]<\/p>\n","protected":false},"featured_media":19211,"comment_status":"open","ping_status":"closed","template":"","meta":[],"product_brand":[],"product_cat":[215,211,192],"product_tag":[],"class_list":{"0":"post-19212","1":"product","2":"type-product","3":"status-publish","4":"has-post-thumbnail","6":"product_cat-aliejai-serumai","7":"product_cat-hair-lt","8":"product_cat-naujienos","10":"first","11":"instock","12":"shipping-taxable","13":"purchasable","14":"product-type-simple"},"_links":{"self":[{"href":"https:\/\/beautysba.co.uk\/lt\/wp-json\/wp\/v2\/product\/19212","targetHints":{"allow":["GET"]}}],"collection":[{"href":"https:\/\/beautysba.co.uk\/lt\/wp-json\/wp\/v2\/product"}],"about":[{"href":"https:\/\/beautysba.co.uk\/lt\/wp-json\/wp\/v2\/types\/product"}],"replies":[{"embeddable":true,"href":"https:\/\/beautysba.co.uk\/lt\/wp-json\/wp\/v2\/comments?post=19212"}],"wp:featuredmedia":[{"embeddable":true,"href":"https:\/\/beautysba.co.uk\/lt\/wp-json\/wp\/v2\/media\/19211"}],"wp:attachment":[{"href":"https:\/\/beautysba.co.uk\/lt\/wp-json\/wp\/v2\/media?parent=19212"}],"wp:term":[{"taxonomy":"product_brand","embeddable":true,"href":"https:\/\/beautysba.co.uk\/lt\/wp-json\/wp\/v2\/product_brand?post=19212"},{"taxonomy":"product_cat","embeddable":true,"href":"https:\/\/beautysba.co.uk\/lt\/wp-json\/wp\/v2\/product_cat?post=19212"},{"taxonomy":"product_tag","embeddable":true,"href":"https:\/\/beautysba.co.uk\/lt\/wp-json\/wp\/v2\/product_tag?post=19212"}],"curies":[{"name":"wp","href":"https:\/\/api.w.org\/{rel}","templated":true}]}}