{"id":19218,"date":"2026-04-24T10:14:50","date_gmt":"2026-04-24T10:14:50","guid":{"rendered":"https:\/\/beautysba.co.uk\/product\/kalio-permanganatas-10g-vitateka\/"},"modified":"2026-04-24T10:15:07","modified_gmt":"2026-04-24T10:15:07","slug":"kalio-permanganatas-10g-vitateka","status":"publish","type":"product","link":"https:\/\/beautysba.co.uk\/lt\/produktas\/kalio-permanganatas-10g-vitateka\/","title":{"rendered":"Kalio permanganatas 10g VITATEKA"},"content":{"rendered":"<p>Kalio permanganatas<br \/>\nGrynasis svoris: 10 g.<\/p>\n<p>PAVOJUS: patek\u0119s ant odos ir \u012f akis sukelia cheminius nudegimus. Jei reikia, kreipkit\u0117s \u012f gydytoj\u0105, jei \u012fmanoma, parodykite gaminio pakuot\u0119 ir (arba) etiket\u0119. <\/p>\n<p>Laikyti vaikams nepasiekiamoje vietoje.<\/p>\n<p>Naudokite su apsaugin\u0117mis pir\u0161tin\u0117mis.<\/p>\n<p>Prarijus: i\u0161skalauti burn\u0105. Neskatinti v\u0117mimo. <\/p>\n<p>Patekus ant odos (arba plauk\u0173): Nedelsiant nusivilkite visus u\u017eter\u0161tus drabu\u017eius, nuplaukite od\u0105 vandeniu arba du\u0161u.<\/p>\n<p>Patekus \u012f akis: kelias minutes atsargiai plaukite akis vandeniu. I\u0161imkite kontaktinius l\u0119\u0161ius, jei juos ne\u0161iojate ir jei tai lengva padaryti. Toliau skalaukite akis.  <\/p>\n","protected":false},"excerpt":{"rendered":"<p>Kalio permanganatas Grynasis svoris: 10 g. PAVOJUS: patek\u0119s ant odos ir \u012f akis sukelia cheminius nudegimus. Jei reikia, kreipkit\u0117s \u012f gydytoj\u0105, jei \u012fmanoma, parodykite gaminio pakuot\u0119 ir (arba) etiket\u0119. Laikyti vaikams nepasiekiamoje vietoje. Naudokite su apsaugin\u0117mis pir\u0161tin\u0117mis. Prarijus: i\u0161skalauti burn\u0105. Neskatinti v\u0117mimo. Patekus ant odos (arba plauk\u0173): Nedelsiant nusivilkite visus u\u017eter\u0161tus drabu\u017eius, nuplaukite od\u0105 vandeniu [&hellip;]<\/p>\n","protected":false},"featured_media":19217,"comment_status":"open","ping_status":"closed","template":"","meta":[],"product_brand":[],"product_cat":[218,217],"product_tag":[],"class_list":{"0":"post-19218","1":"product","2":"type-product","3":"status-publish","4":"has-post-thumbnail","6":"product_cat-kuno-prieziura","7":"product_cat-sveikatos-prieziura","9":"first","10":"instock","11":"shipping-taxable","12":"purchasable","13":"product-type-simple"},"_links":{"self":[{"href":"https:\/\/beautysba.co.uk\/lt\/wp-json\/wp\/v2\/product\/19218","targetHints":{"allow":["GET"]}}],"collection":[{"href":"https:\/\/beautysba.co.uk\/lt\/wp-json\/wp\/v2\/product"}],"about":[{"href":"https:\/\/beautysba.co.uk\/lt\/wp-json\/wp\/v2\/types\/product"}],"replies":[{"embeddable":true,"href":"https:\/\/beautysba.co.uk\/lt\/wp-json\/wp\/v2\/comments?post=19218"}],"wp:featuredmedia":[{"embeddable":true,"href":"https:\/\/beautysba.co.uk\/lt\/wp-json\/wp\/v2\/media\/19217"}],"wp:attachment":[{"href":"https:\/\/beautysba.co.uk\/lt\/wp-json\/wp\/v2\/media?parent=19218"}],"wp:term":[{"taxonomy":"product_brand","embeddable":true,"href":"https:\/\/beautysba.co.uk\/lt\/wp-json\/wp\/v2\/product_brand?post=19218"},{"taxonomy":"product_cat","embeddable":true,"href":"https:\/\/beautysba.co.uk\/lt\/wp-json\/wp\/v2\/product_cat?post=19218"},{"taxonomy":"product_tag","embeddable":true,"href":"https:\/\/beautysba.co.uk\/lt\/wp-json\/wp\/v2\/product_tag?post=19218"}],"curies":[{"name":"wp","href":"https:\/\/api.w.org\/{rel}","templated":true}]}}