{"id":19225,"date":"2026-04-24T10:26:51","date_gmt":"2026-04-24T10:26:51","guid":{"rendered":"https:\/\/beautysba.co.uk\/product\/sibiro-skaidulos-obuolys-280-g\/"},"modified":"2026-04-24T10:27:10","modified_gmt":"2026-04-24T10:27:10","slug":"sibiro-skaidulos-obuolys-280-g","status":"publish","type":"product","link":"https:\/\/beautysba.co.uk\/lt\/produktas\/sibiro-skaidulos-obuolys-280-g\/","title":{"rendered":"Sibiro skaidulos &#8220;Obuolys&#8221;, 280 g"},"content":{"rendered":"<p>Be konservant\u0173, kvapi\u0173j\u0173 med\u017eiag\u0173 ir da\u017eikli\u0173, dietinis produktas &#8220;Sibiro skaidulos &#8220;Obuolys&#8221; gaminamas taikant speciali\u0105 ekstrakcijos \u017eemoje temperat\u016broje technologij\u0105, kuri leid\u017eia i\u0161saugoti visas nauding\u0105sias augalini\u0173 ingredient\u0173 savybes.<br \/>\nReguliarus Sibiro skaidul\u0173 &#8220;Obuolys&#8221; vartojimas padeda suma\u017einti bendr\u0105 kalorij\u0173 kiek\u012f maiste, apsaugo nuo nutukimo, II tipo diabeto, ateroskleroz\u0117s ir v\u0117\u017eio.<\/p>\n<p>Kasdien\u0117 &#8220;Sibiro skaidul\u0173 &#8220;Obuolio&#8221; porcija pad\u0117s jums normalizuoti svor\u012f ir i\u0161laikyti liekn\u0105 fig\u016br\u0105, taip pat praturtins mityb\u0105 sveikatai reikalingais vitaminais, mineralais ir biologi\u0161kai aktyviomis med\u017eiagomis.<\/p>\n<p>Reguliarus naudojimas:<\/p>\n<p>gerina \u017earnyno veikl\u0105;<br \/>\nnormalizuoja svor\u012f ir med\u017eiag\u0173 apykait\u0105;<br \/>\npraturtina mityb\u0105 augalin\u0117mis skaidulomis;<br \/>\napsaugo nuo lig\u0173, susijusi\u0173 su netinkama mityba;<br \/>\nvalo vir\u0161kinam\u0105j\u012f trakt\u0105;<br \/>\nsuteikia organizmui lengvumo ir geros nuotaikos.<br \/>\nVartojimo instrukcijos<\/p>\n<p>Pasirinkite patogiausi\u0105 b\u016bd\u0105, o jei norite, derinkite kelis:<\/p>\n<p>prie\u0161 valg\u012f (15-30 min.) &#8211; 1-2 valgomieji \u0161auk\u0161tai, i\u0161tirpinti stiklin\u0117je kefyro arba jogurto. Galite tiesiog i\u0161gerti vandens. Vartokite 1-3 kartus per dien\u0105;<br \/>\nvalgio metu &#8211; skaidul\u0173 \u012fberkite \u012f pirm\u0105 ar antr\u0105 patiekal\u0105, jos suma\u017eina maisto kaloringum\u0105;<br \/>\n\u012fberkite gamindami maist\u0105 &#8211; \u012f salotas, pirmuosius ir antruosius patiekalus, desertus, kokteilius, kepinius ir kt.  <\/p>\n","protected":false},"excerpt":{"rendered":"<p>Be konservant\u0173, kvapi\u0173j\u0173 med\u017eiag\u0173 ir da\u017eikli\u0173, dietinis produktas &#8220;Sibiro skaidulos &#8220;Obuolys&#8221; gaminamas taikant speciali\u0105 ekstrakcijos \u017eemoje temperat\u016broje technologij\u0105, kuri leid\u017eia i\u0161saugoti visas nauding\u0105sias augalini\u0173 ingredient\u0173 savybes. Reguliarus Sibiro skaidul\u0173 &#8220;Obuolys&#8221; vartojimas padeda suma\u017einti bendr\u0105 kalorij\u0173 kiek\u012f maiste, apsaugo nuo nutukimo, II tipo diabeto, ateroskleroz\u0117s ir v\u0117\u017eio. Kasdien\u0117 &#8220;Sibiro skaidul\u0173 &#8220;Obuolio&#8221; porcija pad\u0117s jums normalizuoti svor\u012f [&hellip;]<\/p>\n","protected":false},"featured_media":19223,"comment_status":"open","ping_status":"closed","template":"","meta":[],"product_brand":[],"product_cat":[217,329,220,270],"product_tag":[],"class_list":{"0":"post-19225","1":"product","2":"type-product","3":"status-publish","4":"has-post-thumbnail","6":"product_cat-sveikatos-prieziura","7":"product_cat-svorio-metimui","8":"product_cat-zarnyno-sveikata","9":"product_cat----lt","11":"first","12":"instock","13":"shipping-taxable","14":"purchasable","15":"product-type-simple"},"_links":{"self":[{"href":"https:\/\/beautysba.co.uk\/lt\/wp-json\/wp\/v2\/product\/19225","targetHints":{"allow":["GET"]}}],"collection":[{"href":"https:\/\/beautysba.co.uk\/lt\/wp-json\/wp\/v2\/product"}],"about":[{"href":"https:\/\/beautysba.co.uk\/lt\/wp-json\/wp\/v2\/types\/product"}],"replies":[{"embeddable":true,"href":"https:\/\/beautysba.co.uk\/lt\/wp-json\/wp\/v2\/comments?post=19225"}],"wp:featuredmedia":[{"embeddable":true,"href":"https:\/\/beautysba.co.uk\/lt\/wp-json\/wp\/v2\/media\/19223"}],"wp:attachment":[{"href":"https:\/\/beautysba.co.uk\/lt\/wp-json\/wp\/v2\/media?parent=19225"}],"wp:term":[{"taxonomy":"product_brand","embeddable":true,"href":"https:\/\/beautysba.co.uk\/lt\/wp-json\/wp\/v2\/product_brand?post=19225"},{"taxonomy":"product_cat","embeddable":true,"href":"https:\/\/beautysba.co.uk\/lt\/wp-json\/wp\/v2\/product_cat?post=19225"},{"taxonomy":"product_tag","embeddable":true,"href":"https:\/\/beautysba.co.uk\/lt\/wp-json\/wp\/v2\/product_tag?post=19225"}],"curies":[{"name":"wp","href":"https:\/\/api.w.org\/{rel}","templated":true}]}}