{"id":19230,"date":"2026-04-24T10:28:12","date_gmt":"2026-04-24T10:28:12","guid":{"rendered":"https:\/\/beautysba.co.uk\/product\/sibiro-kvieciu-skaidulos-vitaminas-glade-280g\/"},"modified":"2026-04-24T10:28:30","modified_gmt":"2026-04-24T10:28:30","slug":"sibiro-kvieciu-skaidulos-vitaminas-glade-280g","status":"publish","type":"product","link":"https:\/\/beautysba.co.uk\/lt\/produktas\/sibiro-kvieciu-skaidulos-vitaminas-glade-280g\/","title":{"rendered":"Sibiro kvie\u010di\u0173 skaidulos vitaminas glade 280g"},"content":{"rendered":"<p>M\u016bs\u0173 m\u0117gstamiausias produktas, kuris jau daugiau nei 17 met\u0173 padeda \u017emon\u0117ms efektyviai ir greitai u\u017epildyti maistini\u0173 skaidul\u0173 (l\u0105stelienos) tr\u016bkum\u0105 mityboje, i\u0161vengti daugelio lig\u0173, susijusi\u0173 su mitybos disbalansu ir jud\u0117jimo stoka. &#8220;Vitamin\u0173 g\u0117l\u0117&#8221; &#8211; tai m\u016bs\u0173 klient\u0173 m\u0117gstamiausias produktas, kuriame derinamos skanios ir sveikos Sibiro taigos uogos: m\u0117lyn\u0117s, spanguol\u0117s ir brukn\u0117s! &#8220;Vitaminas Glade&#8221; skiriamas kaip maisto papildas sergant inkst\u0173 ligomis, padid\u0117jusiu kraujosp\u016bd\u017eiu, cukriniu diabetu, \u0161irdies ligomis, avitaminoze, b\u016bkl\u0117mis po lig\u0173 ir operacij\u0173. J\u012f rekomenduojama vartoti kaip pagrindin\u0119 veiksming\u0173 diet\u0173 sudedam\u0105j\u0105 dal\u012f.   <\/p>\n<p>J\u016bs\u0173 d\u0117mesiui &#8211; naudingas produktas, kuriame dera l\u0105steliena ir vertingi taigos laukiniai vaisiai. Brukn\u0117s, spanguol\u0117s ir \u0161ilauog\u0117s nuo seno vartojamos lig\u0173 profilaktikai ir sveikatai gerinti. Spanguol\u0117s ir brukn\u0117s vartojamos gydant hipo- ir avitaminoz\u0119. M\u0117lyn\u0117s suteikia j\u0117g\u0173, padeda pagerinti reg\u0117jim\u0105. Er\u0161k\u0117tuog\u0117s &#8211; vitamino C \u0161altinis. Pluo\u0161tini\u0173 ir Sibiro laukini\u0173 \u017eoleli\u0173 gydom\u0173j\u0173 savybi\u0173 derinys teigiamai veikia med\u017eiag\u0173 apykait\u0105 ir atsparum\u0105 ligoms.    <\/p>\n<p>Reguliarus skaidulini\u0173 med\u017eiag\u0173 &#8220;Vitamin Glade&#8221; vartojimas:<br \/>\ngerina \u017earnyno veikl\u0105;<br \/>\nnormalizuoja svor\u012f ir med\u017eiag\u0173 apykait\u0105;<br \/>\npraturtina mityb\u0105 augalin\u0117mis skaidulomis;<br \/>\napsaugo nuo lig\u0173, susijusi\u0173 su netinkama mityba;<br \/>\nvalo vir\u0161kinam\u0105j\u012f trakt\u0105;<br \/>\nsuteikia organizmui lengvumo ir geros nuotaikos.<br \/>\nKaip vartoti: produktas paruo\u0161tas vartoti. 1-2 valgomieji \u0161auk\u0161tai su stikline kefyro, jogurto, tir\u0161t\u0173 sul\u010di\u0173. Vartoti 1-3 kartus per dien\u0105. Rekomenduojama laikytis vandens balanso ir per dien\u0105 i\u0161gerti 1,5-2 litrus vandens.<\/p>\n<p>Kontraindikacijos: atvira skrand\u017eio opa, kolitas, infekcin\u0117s etiologijos enterokolitas, individualus produkto netoleravimas.<\/p>\n","protected":false},"excerpt":{"rendered":"<p>M\u016bs\u0173 m\u0117gstamiausias produktas, kuris jau daugiau nei 17 met\u0173 padeda \u017emon\u0117ms efektyviai ir greitai u\u017epildyti maistini\u0173 skaidul\u0173 (l\u0105stelienos) tr\u016bkum\u0105 mityboje, i\u0161vengti daugelio lig\u0173, susijusi\u0173 su mitybos disbalansu ir jud\u0117jimo tr\u016bkumu. &#8220;Vitamin\u0173 g\u0117l\u0117&#8221; &#8211; tai m\u016bs\u0173 klient\u0173 m\u0117gstamiausias produktas, kuriame derinamos skanios ir sveikos Sibiro taigos uogos: m\u0117lyn\u0117s, spanguol\u0117s ir brukn\u0117s! &#8220;Vitaminas Glade&#8221; skiriamas kaip maisto papildas sergant inkst\u0173 ligomis, padid\u0117jusiu kraujosp\u016bd\u017eiu, cukriniu diabetu, \u0161irdies ligomis, avitaminoze, b\u016bkl\u0117mis po lig\u0173 ir operacij\u0173. J\u012f rekomenduojama vartoti kaip pagrindin\u0119 veiksming\u0173 diet\u0173 sudedam\u0105j\u0105 dal\u012f.   <\/p>\n","protected":false},"featured_media":19229,"comment_status":"open","ping_status":"closed","template":"","meta":[],"product_brand":[],"product_cat":[217,329,220,270],"product_tag":[],"class_list":{"0":"post-19230","1":"product","2":"type-product","3":"status-publish","4":"has-post-thumbnail","6":"product_cat-sveikatos-prieziura","7":"product_cat-svorio-metimui","8":"product_cat-zarnyno-sveikata","9":"product_cat----lt","11":"first","12":"instock","13":"shipping-taxable","14":"purchasable","15":"product-type-simple"},"_links":{"self":[{"href":"https:\/\/beautysba.co.uk\/lt\/wp-json\/wp\/v2\/product\/19230","targetHints":{"allow":["GET"]}}],"collection":[{"href":"https:\/\/beautysba.co.uk\/lt\/wp-json\/wp\/v2\/product"}],"about":[{"href":"https:\/\/beautysba.co.uk\/lt\/wp-json\/wp\/v2\/types\/product"}],"replies":[{"embeddable":true,"href":"https:\/\/beautysba.co.uk\/lt\/wp-json\/wp\/v2\/comments?post=19230"}],"wp:featuredmedia":[{"embeddable":true,"href":"https:\/\/beautysba.co.uk\/lt\/wp-json\/wp\/v2\/media\/19229"}],"wp:attachment":[{"href":"https:\/\/beautysba.co.uk\/lt\/wp-json\/wp\/v2\/media?parent=19230"}],"wp:term":[{"taxonomy":"product_brand","embeddable":true,"href":"https:\/\/beautysba.co.uk\/lt\/wp-json\/wp\/v2\/product_brand?post=19230"},{"taxonomy":"product_cat","embeddable":true,"href":"https:\/\/beautysba.co.uk\/lt\/wp-json\/wp\/v2\/product_cat?post=19230"},{"taxonomy":"product_tag","embeddable":true,"href":"https:\/\/beautysba.co.uk\/lt\/wp-json\/wp\/v2\/product_tag?post=19230"}],"curies":[{"name":"wp","href":"https:\/\/api.w.org\/{rel}","templated":true}]}}