{"id":5561,"date":"2021-09-10T20:16:01","date_gmt":"2021-09-16T17:55:42","guid":{"rendered":"https:\/\/beautysba.co.uk\/product\/zalioji-vaistine-skystas-muilas-yra-intymus-ramuneles-jautriai-odai-370-ml\/"},"modified":"2024-01-01T11:45:19","modified_gmt":"2024-01-01T11:45:19","slug":"zalia-vaistine-skystas-muilas-intymus-p","status":"publish","type":"product","link":"https:\/\/beautysba.co.uk\/lt\/produktas\/zalia-vaistine-skystas-muilas-intymus-p\/","title":{"rendered":"\u017dalioji vaistin\u0117. Skystas muilas yra intymus. Ramun\u0117l\u0117s jautriai odai 370 ml"},"content":{"rendered":"<p>Jautriai odai sukurtas intymus muilas \u0161velniai valo ir pri\u017ei\u016bri subtili\u0105 intymi\u0105 viet\u0105. Kuriant \u0161io produkto formul\u0119, buvo atsi\u017evelgta \u012f intymi\u0173 zon\u0173 ypatumus, tod\u0117l jis nesausina odos ir rekomenduojamas kasdieniniam naudojimui.<br \/>\n<strong>Ramun\u0117li\u0173 ekstraktas turi antiseptin\u012f ir raminant\u012f poveik\u012f<\/strong> &#8230;<strong> Alantoinas dr\u0117kina ir mink\u0161tina od\u0105.<\/strong> \u0160is kompleksas r\u016bpinasi jautria oda. Produktas nepa\u017eeid\u017eia intymios zonos Ph balanso, suteikia \u0161varos ir gaivumo poj\u016bt\u012f.<\/p>\n<div class=\"product__column-item\" data-view-block=\"group_2\">\n<div class=\"product__group \">\n<div class=\"product__group-item\">\n<div data-view-block=\"group_2.characteristics\">\n<div class=\"product__section\">\n<div class=\"product-features\">\n<table class=\"product-features__table\">\n<tbody>\n<tr class=\"product-features__row\">\n<td class=\"product-features__cell\">Sud\u0117tis (INCI): AQUA, SODIUM LAURETH SULFATE, COCAMIDO-PROPYL BETAINE, NATRIUM CHLORIDE, COCO-GLUCOSIDE, GLYCERYL OLEATE, COCAMIDE DEA, PEG-7 GLYCERYL COCOATE, PEG-7 GLYCERLICERICHERICLER, CO CITRINO R\u016aG\u0160TIS, PARFUMAS, NATRIO BENZOATAS, BENZILALKOHOLIS, METILCHLOROZIOTIAZOLINONAS, METILISOTIAZOLINONAS.<\/td>\n<\/tr>\n<\/tbody>\n<\/table>\n<\/div>\n<\/div>\n<\/div>\n<\/div>\n<\/div>\n<\/div>\n<div class=\"product__column-item\" data-view-block=\"group_3\">\n<div class=\"product__group product__group--tabs\">\n<div class=\"product-heading product-heading--first\"><\/div>\n<\/div>\n<\/div>\n","protected":false},"excerpt":{"rendered":"<p>Jautriai odai sukurtas intymus muilas \u0161velniai valo ir pri\u017ei\u016bri subtili\u0105 intymi\u0105 viet\u0105. Kuriant \u0161io produkto formul\u0119, buvo atsi\u017evelgta \u012f intymi\u0173 zon\u0173 ypatumus, tod\u0117l jis nesausina odos ir rekomenduojamas kasdieniniam naudojimui.<br \/>\n<strong>Ramun\u0117li\u0173 ekstraktas turi antiseptin\u012f ir raminant\u012f poveik\u012f<\/strong> &#8230;<strong> Alantoinas dr\u0117kina ir mink\u0161tina od\u0105.<\/strong> \u0160is kompleksas r\u016bpinasi jautria oda. Produktas nepa\u017eeid\u017eia intymios zonos Ph balanso, suteikia \u0161varos ir gaivumo poj\u016bt\u012f.<\/p>\n","protected":false},"featured_media":3287,"comment_status":"open","ping_status":"closed","template":"","meta":[],"product_brand":[],"product_cat":[191],"product_tag":[],"class_list":{"0":"post-5561","1":"product","2":"type-product","3":"status-publish","4":"has-post-thumbnail","6":"product_cat-tualeto-reikmenys","8":"first","9":"outofstock","10":"shipping-taxable","11":"purchasable","12":"product-type-simple"},"_links":{"self":[{"href":"https:\/\/beautysba.co.uk\/lt\/wp-json\/wp\/v2\/product\/5561","targetHints":{"allow":["GET"]}}],"collection":[{"href":"https:\/\/beautysba.co.uk\/lt\/wp-json\/wp\/v2\/product"}],"about":[{"href":"https:\/\/beautysba.co.uk\/lt\/wp-json\/wp\/v2\/types\/product"}],"replies":[{"embeddable":true,"href":"https:\/\/beautysba.co.uk\/lt\/wp-json\/wp\/v2\/comments?post=5561"}],"wp:featuredmedia":[{"embeddable":true,"href":"https:\/\/beautysba.co.uk\/lt\/wp-json\/wp\/v2\/media\/3287"}],"wp:attachment":[{"href":"https:\/\/beautysba.co.uk\/lt\/wp-json\/wp\/v2\/media?parent=5561"}],"wp:term":[{"taxonomy":"product_brand","embeddable":true,"href":"https:\/\/beautysba.co.uk\/lt\/wp-json\/wp\/v2\/product_brand?post=5561"},{"taxonomy":"product_cat","embeddable":true,"href":"https:\/\/beautysba.co.uk\/lt\/wp-json\/wp\/v2\/product_cat?post=5561"},{"taxonomy":"product_tag","embeddable":true,"href":"https:\/\/beautysba.co.uk\/lt\/wp-json\/wp\/v2\/product_tag?post=5561"}],"curies":[{"name":"wp","href":"https:\/\/api.w.org\/{rel}","templated":true}]}}