{"id":5580,"date":"2021-09-10T20:17:37","date_gmt":"2021-09-16T17:56:20","guid":{"rendered":"https:\/\/beautysba.co.uk\/product\/zalioji-vaistine-skystas-muilas-yra-intymus-arbatmedzio-antibakterinis-370-ml\/"},"modified":"2023-11-06T12:23:56","modified_gmt":"2023-11-06T12:23:56","slug":"zalia-vaistine-skystas-muilas-intymus-h","status":"publish","type":"product","link":"https:\/\/beautysba.co.uk\/lt\/produktas\/zalia-vaistine-skystas-muilas-intymus-h\/","title":{"rendered":"\u017dalioji vaistin\u0117. Skystas muilas yra intymus. Arbatmed\u017eio antibakterinis 370 ml"},"content":{"rendered":"<p>\u0160velnus muilas skirtas intymiai zonai pri\u017ei\u016br\u0117ti, \u0161velniai valo ir pri\u017ei\u016bri. Produktas i\u0161saugo normali\u0105 mikroflor\u0105 ir netrikdo specifin\u0117s \u0161ios zonos Ph pusiausvyros.<br \/>\n<strong>Sud\u0117tyje yra nat\u016bralaus arbatmed\u017eio aliejaus<\/strong> a. Tai<strong> turi antiseptin\u012f poveik\u012f<\/strong> ir saugo od\u0105. Alantoinas papildomai mink\u0161tina, atkuria ir dr\u0117kina.<br \/>\n<strong>Dermatologi\u0161kai patikrinta<\/strong> &#8230; Pakuot\u0117je yra patogus dozatorius. \u0160is \u0161velnus muilas tinka kasdieniam naudojimui, palieka komforto ir \u0161varos poj\u016bt\u012f.<\/p>\n","protected":false},"excerpt":{"rendered":"<p>\u0160velnus muilas skirtas intymiai zonai pri\u017ei\u016br\u0117ti, \u0161velniai valo ir pri\u017ei\u016bri. Produktas i\u0161saugo normali\u0105 mikroflor\u0105 ir netrikdo specifin\u0117s \u0161ios zonos Ph pusiausvyros.<br \/>\n<strong>Sud\u0117tyje yra nat\u016bralaus arbatmed\u017eio aliejaus<\/strong> a. Tai<strong> turi antiseptin\u012f poveik\u012f<\/strong> ir saugo od\u0105. Alantoinas papildomai mink\u0161tina, atkuria ir dr\u0117kina.<br \/>\n<strong>Dermatologi\u0161kai patikrinta<\/strong> &#8230; Pakuot\u0117je yra patogus dozatorius. \u0160is \u0161velnus muilas tinka kasdieniam naudojimui, palieka komforto ir \u0161varos poj\u016bt\u012f.<\/p>\n<div class=\"product__column-item\" data-view-block=\"group_2\">\n<div class=\"product__group \">\n<div class=\"product__group-item\">\n<div data-view-block=\"group_2.characteristics\">\n<div class=\"product__section\">\n<div class=\"product-features\">\n<table class=\"product-features__table\">\n<tbody>\n<tr class=\"product-features__row\">\n<td class=\"product-features__cell\">Sudedamosios dalys (INCI): AQUA, NATRIO LAURETH SULFATE, COCAMIDOPROPYL BETAINE, NATRIUM CHLORIDE, COCO-GLUCOSIDE, GLYCERYL OLEATE, PEG-4 RAPESEEDAMIDE, PEG-7 GLYCERYL COCOATE, POLICOLOPOLIC, POLICOLOPOLIC, POLICOLOPOLIC, POLICOLOPOLIC, POLICOLOPOLIC, POLICOLOPOLICOL , PROPILENGLIKOLIS, NATRIO BENZOATAS, BENZILALKOHOLIS, METILCHLOROZIOTIAZOLINONAS, METILISOTIAZOLINONAS, LIMONENAS, LINALOOLIS.<\/td>\n<\/tr>\n<\/tbody>\n<\/table>\n<\/div>\n<\/div>\n<\/div>\n<\/div>\n<\/div>\n<\/div>\n<div class=\"product__column-item\" data-view-block=\"group_3\">\n<div class=\"product__group product__group--tabs\">\n<div class=\"product-heading product-heading--first\"><\/div>\n<\/div>\n<\/div>\n","protected":false},"featured_media":3291,"comment_status":"open","ping_status":"closed","template":"","meta":[],"product_brand":[],"product_cat":[191],"product_tag":[],"class_list":{"0":"post-5580","1":"product","2":"type-product","3":"status-publish","4":"has-post-thumbnail","6":"product_cat-tualeto-reikmenys","8":"first","9":"outofstock","10":"shipping-taxable","11":"purchasable","12":"product-type-simple"},"_links":{"self":[{"href":"https:\/\/beautysba.co.uk\/lt\/wp-json\/wp\/v2\/product\/5580","targetHints":{"allow":["GET"]}}],"collection":[{"href":"https:\/\/beautysba.co.uk\/lt\/wp-json\/wp\/v2\/product"}],"about":[{"href":"https:\/\/beautysba.co.uk\/lt\/wp-json\/wp\/v2\/types\/product"}],"replies":[{"embeddable":true,"href":"https:\/\/beautysba.co.uk\/lt\/wp-json\/wp\/v2\/comments?post=5580"}],"wp:featuredmedia":[{"embeddable":true,"href":"https:\/\/beautysba.co.uk\/lt\/wp-json\/wp\/v2\/media\/3291"}],"wp:attachment":[{"href":"https:\/\/beautysba.co.uk\/lt\/wp-json\/wp\/v2\/media?parent=5580"}],"wp:term":[{"taxonomy":"product_brand","embeddable":true,"href":"https:\/\/beautysba.co.uk\/lt\/wp-json\/wp\/v2\/product_brand?post=5580"},{"taxonomy":"product_cat","embeddable":true,"href":"https:\/\/beautysba.co.uk\/lt\/wp-json\/wp\/v2\/product_cat?post=5580"},{"taxonomy":"product_tag","embeddable":true,"href":"https:\/\/beautysba.co.uk\/lt\/wp-json\/wp\/v2\/product_tag?post=5580"}],"curies":[{"name":"wp","href":"https:\/\/api.w.org\/{rel}","templated":true}]}}