{"id":5594,"date":"2021-09-02T20:34:36","date_gmt":"2021-09-16T18:34:12","guid":{"rendered":"https:\/\/beautysba.co.uk\/product\/duso-zele-nevskaya-cosmetics-tar-250-ml\/"},"modified":"2022-11-24T16:26:17","modified_gmt":"2022-11-24T16:26:17","slug":"duso-zele-nevskaya-kosmetika-degutas","status":"publish","type":"product","link":"https:\/\/beautysba.co.uk\/lt\/produktas\/duso-zele-nevskaya-kosmetika-degutas\/","title":{"rendered":"Du\u0161o \u017eel\u0117 \u201eNevskaya Cosmetics Tar\u201c 250 ml"},"content":{"rendered":"<div class=\"section\">\n<p>Skirtas kasdieniam k\u016bno odos valymui. \u0160velniai valo od\u0105, nesukeldama dirginimo.<\/p>\n<p>Be dirbtini\u0173 kvapikli\u0173 ir da\u017eikli\u0173, paraben\u0173, silikon\u0173, polietilenglikoli\u0173.<\/p>\n<\/div>\n<h2>AKTYV\u016aS KOMPONENTAI<\/h2>\n<p class=\"news-item\"><a href=\"https:\/\/www.nevcos.ru\/articles\/encyclopedia\/naturalnyy-berezovyy-degot\/\" target=\"_blank\" rel=\"noopener\">Nat\u016bralaus ber\u017eo deguto<\/a> &#8211; turi antiseptin\u012f, prie\u0161u\u017edegimin\u012f ir prie\u0161u\u017edegimin\u012f poveik\u012f. Suteikia gaminiui nat\u016brali\u0105 rud\u0105 spalv\u0105 ir ry\u0161k\u0173 sodr\u0173 aromat\u0105.<\/p>\n<p><span class=\"strong\">SUD\u0116TIS:<\/span><span class=\"tip\" title=\"\" data-hasqtip=\"0\"> \u201eAqua\u201c<\/span> ,<span class=\"tip\" title=\"\" data-hasqtip=\"1\" aria-describedby=\"qtip-1\"> Natrio Laureto sulfatas<\/span> ,<span class=\"tip\" title=\"\" data-hasqtip=\"2\" aria-describedby=\"qtip-2\"> Kokamidopropilo betainas<\/span> ,<span class=\"tip\" title=\"\" data-hasqtip=\"3\" aria-describedby=\"qtip-3\"> Cocamide DEA<\/span> ,<span class=\"tip\" title=\"\" data-hasqtip=\"4\"> Laurilo gliukozidas<\/span> ,<span class=\"tip\" title=\"\" data-hasqtip=\"5\" aria-describedby=\"qtip-5\"> Betulos degutas<\/span> ,<span class=\"tip\" title=\"\" data-hasqtip=\"6\"> Metilchlorizotiazolinonas, metilizotiazolinonas<\/span> ,<span class=\"tip\" style=\"margin: 0px; padding: 0px; border-width: 0px 0px 1px; border-image: initial; font-style: normal; font-variant-ligatures: normal; font-variant-caps: normal; font-variant-numeric: inherit; font-variant-east-asian: inherit; font-weight: 400; font-stretch: inherit; font-size: 16px; line-height: inherit; font-family: Georgia, Georgia, serif; vertical-align: baseline; color: #3b090a; text-decoration: none; letter-spacing: normal; orphans: 2; text-align: start; text-indent: 0px; text-transform: none; white-space: normal; widows: 2; word-spacing: 0px; -webkit-text-stroke-width: 0px; background-color: #ebe8e4; border-color: initial initial #3b090a initial; border-style: initial initial dashed initial;\" title=\"\" data-hasqtip=\"7\"> Natrio chloridas<\/span> ,<span class=\"tip\" title=\"\" data-hasqtip=\"8\"> Citrinos r\u016bg\u0161tis<\/span> &#8230;<\/p>\n<p>&nbsp;<\/p>\n","protected":false},"excerpt":{"rendered":"<p>Skirtas kasdieniam k\u016bno odos valymui. \u0160velniai valo od\u0105, nesukeldama dirginimo.<\/p>\n<p>Be dirbtini\u0173 kvapikli\u0173 ir da\u017eikli\u0173, paraben\u0173, silikon\u0173, polietilenglikoli\u0173.<\/p>\n","protected":false},"featured_media":3085,"comment_status":"open","ping_status":"closed","template":"","meta":[],"product_brand":[],"product_cat":[190,191],"product_tag":[],"class_list":{"0":"post-5594","1":"product","2":"type-product","3":"status-publish","4":"has-post-thumbnail","6":"product_cat-prausimosi-priemones2","7":"product_cat-tualeto-reikmenys","9":"first","10":"outofstock","11":"shipping-taxable","12":"purchasable","13":"product-type-simple"},"_links":{"self":[{"href":"https:\/\/beautysba.co.uk\/lt\/wp-json\/wp\/v2\/product\/5594","targetHints":{"allow":["GET"]}}],"collection":[{"href":"https:\/\/beautysba.co.uk\/lt\/wp-json\/wp\/v2\/product"}],"about":[{"href":"https:\/\/beautysba.co.uk\/lt\/wp-json\/wp\/v2\/types\/product"}],"replies":[{"embeddable":true,"href":"https:\/\/beautysba.co.uk\/lt\/wp-json\/wp\/v2\/comments?post=5594"}],"wp:featuredmedia":[{"embeddable":true,"href":"https:\/\/beautysba.co.uk\/lt\/wp-json\/wp\/v2\/media\/3085"}],"wp:attachment":[{"href":"https:\/\/beautysba.co.uk\/lt\/wp-json\/wp\/v2\/media?parent=5594"}],"wp:term":[{"taxonomy":"product_brand","embeddable":true,"href":"https:\/\/beautysba.co.uk\/lt\/wp-json\/wp\/v2\/product_brand?post=5594"},{"taxonomy":"product_cat","embeddable":true,"href":"https:\/\/beautysba.co.uk\/lt\/wp-json\/wp\/v2\/product_cat?post=5594"},{"taxonomy":"product_tag","embeddable":true,"href":"https:\/\/beautysba.co.uk\/lt\/wp-json\/wp\/v2\/product_tag?post=5594"}],"curies":[{"name":"wp","href":"https:\/\/api.w.org\/{rel}","templated":true}]}}