{"id":5604,"date":"2021-09-02T20:41:19","date_gmt":"2021-09-16T18:34:28","guid":{"rendered":"https:\/\/beautysba.co.uk\/product\/muilas-kunui-ir-plaukams-nevskaya-cosmetics-tar-300ml\/"},"modified":"2022-02-19T10:47:23","modified_gmt":"2022-02-19T10:47:23","slug":"muilas-kunui-ir-plaukams-nevskaya-kosmetika","status":"publish","type":"product","link":"https:\/\/beautysba.co.uk\/lt\/produktas\/muilas-kunui-ir-plaukams-nevskaya-kosmetika\/","title":{"rendered":"Muilas k\u016bnui ir plaukams &#8220;Nevskaya Cosmetics Tar&#8221; 300ml"},"content":{"rendered":"<div class=\"section\">\n<p>Skirtas naudoti kaip du\u0161o \u017eel\u0117 ir \u0161amp\u016bnas. Muilas sudaro mink\u0161t\u0105 ir \u0161velni\u0105 put\u0105, tod\u0117l \u0161velniai valo plaukus ir od\u0105, nesukeldamas dirginimo. Suma\u017eina pleiskan\u0173, pleiskanojimo ir nemalonaus nie\u017e\u0117jimo rizik\u0105.<br \/>\nSud\u0117tyje n\u0117ra kvapikli\u0173, da\u017eikli\u0173, silikon\u0173, paraben\u0173.<br \/>\nTinka da\u017enai naudoti.<\/p>\n<\/div>\n<h2>AKTYV\u016aS KOMPONENTAI<\/h2>\n<p class=\"news-item\"><a href=\"https:\/\/www.nevcos.ru\/articles\/encyclopedia\/naturalnyy-berezovyy-degot\/\" target=\"_blank\" rel=\"noopener\">Nat\u016bralaus ber\u017eo deguto<\/a> &#8211; turi antiseptin\u012f, prie\u0161u\u017edegimin\u012f ir prie\u0161u\u017edegimin\u012f poveik\u012f. Suteikia gaminiui nat\u016brali\u0105 rud\u0105 spalv\u0105 ir ry\u0161k\u0173 sodr\u0173 aromat\u0105.<\/p>\n<p><span class=\"strong\">SUD\u0116TIS:<\/span><span class=\"tip\" title=\"\" data-hasqtip=\"0\"> \u201eAqua\u201c<\/span> ,<span class=\"tip\" title=\"\" data-hasqtip=\"1\"> Natrio Laureto sulfatas<\/span> ,<span class=\"tip\" title=\"\" data-hasqtip=\"2\"> Cocamide DEA<\/span> ,<span class=\"tip\" style=\"margin: 0px; padding: 0px; border-width: 0px 0px 1px; border-image: initial; font-style: normal; font-variant-ligatures: normal; font-variant-caps: normal; font-variant-numeric: inherit; font-variant-east-asian: inherit; font-weight: 400; font-stretch: inherit; font-size: 16px; line-height: inherit; font-family: Georgia, Georgia, serif; vertical-align: baseline; color: #3b090a; text-decoration: none; letter-spacing: normal; orphans: 2; text-align: start; text-indent: 0px; text-transform: none; white-space: normal; widows: 2; word-spacing: 0px; -webkit-text-stroke-width: 0px; background-color: #ebe8e4; border-color: initial initial #3b090a initial; border-style: initial initial dashed initial;\" title=\"\" data-hasqtip=\"3\"> Sorbitolis<\/span> ,<span class=\"tip\" title=\"\" data-hasqtip=\"4\" aria-describedby=\"qtip-4\"> Betulos degutas<\/span> ,<span class=\"tip\" title=\"\" data-hasqtip=\"5\"> Citrinos r\u016bg\u0161tis<\/span> ,<span class=\"tip\" title=\"\" data-hasqtip=\"6\"> Metilchlorizotiazolinonas, metilizotiazolinonas<\/span> &#8230;<\/p>\n","protected":false},"excerpt":{"rendered":"<div class=\"tovar-descript\">2 viename: du\u0161o \u017eel\u0117 + plauk\u0173 \u0161amp\u016bnas. Formuoja mink\u0161t\u0105 ir subtil\u0173 put\u0105, \u0161velniai valo plaukus ir od\u0105, suma\u017eina pleiskan\u0173, pleiskanojimo ir nemalonaus nie\u017e\u0117jimo rizik\u0105.<\/div>\n<div id=\"galleria\">\n<div class=\"galleria-errors\"><\/div>\n<\/div>\n","protected":false},"featured_media":3079,"comment_status":"open","ping_status":"closed","template":"","meta":[],"product_brand":[],"product_cat":[211,190,216,191],"product_tag":[],"class_list":{"0":"post-5604","1":"product","2":"type-product","3":"status-publish","4":"has-post-thumbnail","6":"product_cat-hair-lt","7":"product_cat-prausimosi-priemones2","8":"product_cat-sampunai","9":"product_cat-tualeto-reikmenys","11":"first","12":"outofstock","13":"shipping-taxable","14":"purchasable","15":"product-type-simple"},"_links":{"self":[{"href":"https:\/\/beautysba.co.uk\/lt\/wp-json\/wp\/v2\/product\/5604","targetHints":{"allow":["GET"]}}],"collection":[{"href":"https:\/\/beautysba.co.uk\/lt\/wp-json\/wp\/v2\/product"}],"about":[{"href":"https:\/\/beautysba.co.uk\/lt\/wp-json\/wp\/v2\/types\/product"}],"replies":[{"embeddable":true,"href":"https:\/\/beautysba.co.uk\/lt\/wp-json\/wp\/v2\/comments?post=5604"}],"wp:featuredmedia":[{"embeddable":true,"href":"https:\/\/beautysba.co.uk\/lt\/wp-json\/wp\/v2\/media\/3079"}],"wp:attachment":[{"href":"https:\/\/beautysba.co.uk\/lt\/wp-json\/wp\/v2\/media?parent=5604"}],"wp:term":[{"taxonomy":"product_brand","embeddable":true,"href":"https:\/\/beautysba.co.uk\/lt\/wp-json\/wp\/v2\/product_brand?post=5604"},{"taxonomy":"product_cat","embeddable":true,"href":"https:\/\/beautysba.co.uk\/lt\/wp-json\/wp\/v2\/product_cat?post=5604"},{"taxonomy":"product_tag","embeddable":true,"href":"https:\/\/beautysba.co.uk\/lt\/wp-json\/wp\/v2\/product_tag?post=5604"}],"curies":[{"name":"wp","href":"https:\/\/api.w.org\/{rel}","templated":true}]}}