{"id":5625,"date":"2021-09-02T22:03:33","date_gmt":"2021-09-16T18:35:13","guid":{"rendered":"https:\/\/beautysba.co.uk\/product\/dantu-pasta-su-azuolo-zieve-dantenu-kraujavimui\/"},"modified":"2024-10-24T10:47:54","modified_gmt":"2024-10-24T10:47:54","slug":"dantu-pasta-su-azuolo-zieve-kai-kraujuoja","status":"publish","type":"product","link":"https:\/\/beautysba.co.uk\/lt\/produktas\/dantu-pasta-su-azuolo-zieve-kai-kraujuoja\/","title":{"rendered":"Dant\u0173 pasta su \u0105\u017euolo \u017eieve danten\u0173 kraujavimui"},"content":{"rendered":"<p>Jis turi ry\u0161k\u0173 hemostazin\u012f ir imunin\u012f aktyvum\u0105, palaiko nat\u016bralias burnos ertm\u0117s apsaugines funkcijas \u2022 Sud\u0117tyje yra spygliuo\u010di\u0173 kompleksas (pagr\u012fstas egl\u0117s, dervos, kadagio ekstraktais) su 5 vaistini\u0173 \u017eoleli\u0173 nuoviru ir \u0105\u017euolo \u017eiev\u0117s ekstraktu. \u2022 Turtingo spygliuo\u010di\u0173 skonio \u2022 Suma\u017eina kraujuojan\u010dias dantenas iki 94% \u2022 I\u0161laiko burnos mikrofloros pusiausvyr\u0105 \u2022 Rekomenduojama odontolog\u0173 nuo u\u017edegimo, kraujavimo ar bendro danten\u0173 susilpn\u0117jimo.<\/p>\n<p>Nauja dant\u0173 pasta \u201eForest Balsam\u201c, turinti imunin\u012f poveik\u012f, padeda i\u0161spr\u0119sti kraujavimo i\u0161 danten\u0173 problem\u0105 ir padvigubina pa\u010dios burnos ertm\u0117s imuniteto darb\u0105, suma\u017eina danten\u0173 problem\u0173 i\u0161sivystymo rizik\u0105 *.<\/p>\n<p>Vanduo, sorbitolis, silicio dioksidas, natrio laurilsulfatas, aromatas, celiulioz\u0117s guma, Abies Sibirica lap\u0173 ekstraktas, Achillea Millefolium ekstraktas, Chamomilla Recutita (Matricaria) \u017eied\u0173 ekstraktas, Chelidonium Majus ekstraktas, Hypericum Perforatum \u017eied\u0173 \/ lap\u0173 \/ stieb\u0173 ekstraktas, Quercus Alba \u017eiev\u0117s ekstraktas, Urtica Dioica (dilg\u0117li\u0173) lap\u0173 milteliai, natrio monofluorfofosfatas, citrin\u0173 r\u016bg\u0161tis, glicerinas, fenoksietanolis, natrio benzoatas, natrio chloridas, natrio hidroksidas, natrio sacharinas, natrio sulfatas, Eugenolis, limonenas, CI 191901,<\/p>\n","protected":false},"excerpt":{"rendered":"<p>Dant\u0173 pasta kraujuojan\u010dioms dantenoms Mi\u0161ko balzamas su \u0105\u017euolo ir egl\u0117s \u017eiev\u0117s ekstraktais ma\u017eina u\u017edegim\u0105 ir kraujavim\u0105 i\u0161 danten\u0173, stiprina ir maitina.<\/p>\n","protected":false},"featured_media":3143,"comment_status":"open","ping_status":"closed","template":"","meta":[],"product_brand":[],"product_cat":[189,191],"product_tag":[],"class_list":{"0":"post-5625","1":"product","2":"type-product","3":"status-publish","4":"has-post-thumbnail","6":"product_cat-dantu-prieziura","7":"product_cat-tualeto-reikmenys","9":"first","10":"instock","11":"shipping-taxable","12":"purchasable","13":"product-type-simple"},"_links":{"self":[{"href":"https:\/\/beautysba.co.uk\/lt\/wp-json\/wp\/v2\/product\/5625","targetHints":{"allow":["GET"]}}],"collection":[{"href":"https:\/\/beautysba.co.uk\/lt\/wp-json\/wp\/v2\/product"}],"about":[{"href":"https:\/\/beautysba.co.uk\/lt\/wp-json\/wp\/v2\/types\/product"}],"replies":[{"embeddable":true,"href":"https:\/\/beautysba.co.uk\/lt\/wp-json\/wp\/v2\/comments?post=5625"}],"wp:featuredmedia":[{"embeddable":true,"href":"https:\/\/beautysba.co.uk\/lt\/wp-json\/wp\/v2\/media\/3143"}],"wp:attachment":[{"href":"https:\/\/beautysba.co.uk\/lt\/wp-json\/wp\/v2\/media?parent=5625"}],"wp:term":[{"taxonomy":"product_brand","embeddable":true,"href":"https:\/\/beautysba.co.uk\/lt\/wp-json\/wp\/v2\/product_brand?post=5625"},{"taxonomy":"product_cat","embeddable":true,"href":"https:\/\/beautysba.co.uk\/lt\/wp-json\/wp\/v2\/product_cat?post=5625"},{"taxonomy":"product_tag","embeddable":true,"href":"https:\/\/beautysba.co.uk\/lt\/wp-json\/wp\/v2\/product_tag?post=5625"}],"curies":[{"name":"wp","href":"https:\/\/api.w.org\/{rel}","templated":true}]}}