{"id":5639,"date":"2021-09-02T22:05:47","date_gmt":"2021-09-02T22:05:47","guid":{"rendered":"https:\/\/beautysba.co.uk\/product\/salaviju-dantu-pasta-nuo-dantenu-ligu\/"},"modified":"2026-04-24T09:08:11","modified_gmt":"2026-04-24T09:08:11","slug":"salavijas-dantu-pasta-uzdegimui","status":"publish","type":"product","link":"https:\/\/beautysba.co.uk\/lt\/produktas\/salavijas-dantu-pasta-uzdegimui\/","title":{"rendered":"Mi\u0161ko balzamas Dant\u0173 pasta su \u0161alaviju nuo danten\u0173 u\u017edegimo"},"content":{"rendered":"<p>Turi ry\u0161k\u0173 hemostazin\u012f ir imunin\u012f aktyvum\u0105, palaiko nat\u016bralias burnos ertm\u0117s apsaugines funkcijas \u2022 Sud\u0117tyje yra spygliuo\u010di\u0173 kompleksas (pagr\u012fstas egl\u0117s, sulos, kadagio ekstraktais) su \u017eoleli\u0173 nuoviru, \u0161alavij\u0173 ekstraktu ir alavijo sultimis \u2022 Turi sodr\u0173 spygliuo\u010di\u0173 skon\u012f \u2022 Suma\u017eina danten\u0173 u\u017edegimas iki 94% \u2022 palaiko burnos ertm\u0117s mikrofloros pusiausvyr\u0105; \u2022 rekomenduoja odontologai nuo u\u017edegimo, kraujavimo ar bendro danten\u0173 silpn\u0117jimo;<\/p>\n<p>Profilaktin\u0117 dant\u0173 pasta \u201eForest Balsam\u201c ant \u017eoleli\u0173 nuoviro, turinti imunin\u012f poveik\u012f, padeda i\u0161spr\u0119sti danten\u0173 u\u017edegimo problem\u0105 ir padvigubina pa\u010dios burnos ertm\u0117s imuniteto darb\u0105, suma\u017eina danten\u0173 problem\u0173 i\u0161sivystymo rizik\u0105 *.<\/p>\n<p>Vanduo, silicio dioksidas, sorbitolis, natrio laurilsulfatas, aromatas, celiulioz\u0117s guma, Salvia Officinalis (\u0161alavijo) lap\u0173 ekstraktas, alavijo Barbadensis lap\u0173 sultys, Abies Sibirica lap\u0173 ekstraktas, Picea lap\u0173 ekstraktas, pu\u0161ies lap\u0173 ekstraktas, poliprenolis, dilg\u0117li\u0173 lap\u0173 milteliai , Chamomilla Recutita (Matricaria) g\u0117li\u0173 ekstraktas, Achillea Millefolium ekstraktas, Hypericum Perforatum \u017eied\u0173 \/ lap\u0173 \/ stieb\u0173 ekstraktas, Chelidonium Majus ekstraktas, terpentinas, Juniperus Communis vaisi\u0173 ekstraktas, natrio monofluorfosfatas, citrinos r\u016bg\u0161tis, glicerolio r\u016bg\u0161tis, glicerinas , Natrio hidroksidas, natrio sacharinas, benzilo alkoholis, limonenas, linalolis, CI 19140, CI 42090, CI 77891.<\/p>\n<p>&nbsp;<\/p>\n","protected":false},"excerpt":{"rendered":"<p>Profilaktin\u0117 dant\u0173 pasta Mi\u0161ko balzamas ant \u017eoleli\u0173 nuoviro, turintis imunin\u012f poveik\u012f, padeda i\u0161spr\u0119sti danten\u0173 u\u017edegimo problem\u0105 ir padvigubina burnos ertm\u0117s imunitet\u0105, suma\u017eina danten\u0173 problem\u0173 i\u0161sivystymo rizik\u0105.<\/p>\n","protected":false},"featured_media":3145,"comment_status":"open","ping_status":"closed","template":"","meta":[],"product_brand":[],"product_cat":[189,191],"product_tag":[],"class_list":{"0":"post-5639","1":"product","2":"type-product","3":"status-publish","4":"has-post-thumbnail","6":"product_cat-dantu-prieziura","7":"product_cat-tualeto-reikmenys","9":"first","10":"instock","11":"shipping-taxable","12":"purchasable","13":"product-type-simple"},"_links":{"self":[{"href":"https:\/\/beautysba.co.uk\/lt\/wp-json\/wp\/v2\/product\/5639","targetHints":{"allow":["GET"]}}],"collection":[{"href":"https:\/\/beautysba.co.uk\/lt\/wp-json\/wp\/v2\/product"}],"about":[{"href":"https:\/\/beautysba.co.uk\/lt\/wp-json\/wp\/v2\/types\/product"}],"replies":[{"embeddable":true,"href":"https:\/\/beautysba.co.uk\/lt\/wp-json\/wp\/v2\/comments?post=5639"}],"wp:featuredmedia":[{"embeddable":true,"href":"https:\/\/beautysba.co.uk\/lt\/wp-json\/wp\/v2\/media\/3145"}],"wp:attachment":[{"href":"https:\/\/beautysba.co.uk\/lt\/wp-json\/wp\/v2\/media?parent=5639"}],"wp:term":[{"taxonomy":"product_brand","embeddable":true,"href":"https:\/\/beautysba.co.uk\/lt\/wp-json\/wp\/v2\/product_brand?post=5639"},{"taxonomy":"product_cat","embeddable":true,"href":"https:\/\/beautysba.co.uk\/lt\/wp-json\/wp\/v2\/product_cat?post=5639"},{"taxonomy":"product_tag","embeddable":true,"href":"https:\/\/beautysba.co.uk\/lt\/wp-json\/wp\/v2\/product_tag?post=5639"}],"curies":[{"name":"wp","href":"https:\/\/api.w.org\/{rel}","templated":true}]}}