{"id":5643,"date":"2021-09-02T22:09:57","date_gmt":"2021-09-16T18:35:37","guid":{"rendered":"https:\/\/beautysba.co.uk\/product\/nuplaukite-salaviju-nuo-dantenu-ligu-250-ml\/"},"modified":"2021-09-28T12:37:15","modified_gmt":"2021-09-28T12:37:15","slug":"salaviju-uzdegimo-skalavimas","status":"publish","type":"product","link":"https:\/\/beautysba.co.uk\/lt\/produktas\/salaviju-uzdegimo-skalavimas\/","title":{"rendered":"Nuplaukite \u0161alaviju nuo danten\u0173 lig\u0173 250 ml"},"content":{"rendered":"<p>Turi ry\u0161k\u0173 prie\u0161u\u017edegimin\u012f ir imunin\u012f aktyvum\u0105, palaiko nat\u016brali\u0173 burnos ertm\u0117s apsaugini\u0173 funkcij\u0173 efektyvum\u0105 \u2022 Sud\u0117tyje yra spygliuo\u010di\u0173 kompleksas (pagr\u012fstas egl\u0117s, sulos, kadagio ekstraktais) su vaista\u017eoli\u0173 nuoviru, \u0161alavij\u0173 ekstraktu ir pu\u0161ies rie\u0161ut\u0173 aliejumi. sodrus spygliuo\u010di\u0173 skonis \u2022 Suma\u017eina danten\u0173 u\u017edegim\u0105 iki 94 % \u2022 I\u0161laiko burnos mikrofloros pusiausvyr\u0105 \u2022 Rekomenduojama odontolog\u0173 nuo u\u017edegimo, kraujavimo ar bendro danten\u0173 susilpn\u0117jimo.<\/p>\n<p>Profilaktinis burnos skalavimo skystis Mi\u0161ko balzamas su \u017eoleli\u0173 nuoviru su \u0161alaviju yra veiksmingas danten\u0173 skalavimas, turintis ry\u0161k\u0173 prie\u0161u\u017edegimin\u012f poveik\u012f. Jis turi imunin\u012f aktyv\u0173 poveik\u012f ir padvigubina burnos ertm\u0117s imuniteto darb\u0105, suma\u017eina danten\u0173 problem\u0173 i\u0161sivystymo rizik\u0105 *. Klini\u0161kai \u012frodytas poveikis: &#8211; danten\u0173 skausmas i\u0161nyksta po pirmojo naudojimo * &#8211; iki 94% suma\u017eina danten\u0173 u\u017edegim\u0105 reguliariai naudojant ** &#8211; 5 kartus suma\u017eina apna\u0161\u0173 susidarymo ant dant\u0173 greit\u012f, suma\u017eina bakterij\u0173 apkrov\u0105 burnos ertm\u0117s audiniai ** &#8211; netrikdo burnos ertm\u0117s pusiausvyros mikrofloros.<\/p>\n<p>Aqua, glicerinas, PEG-40 hidrintas ricinos aliejus, Pinus Sibirica s\u0117kl\u0173 aliejus, Salvia Officinalis (\u0161alavij\u0173) lap\u0173 ekstraktas, Abies Sibirica lap\u0173 ekstraktas, alavijo Barbadensis lap\u0173 sultys, Urtica Dioica (dilg\u0117li\u0173) lap\u0173 milteliai, Chamomilla Recutita (Matricaria) g\u0117li\u0173 ekstraktas, Achillea Millefolium ekstraktas, Hypericum Perforatum g\u0117li\u0173 \/ lap\u0173 \/ stieb\u0173 ekstraktas, Chelidonium Majus ekstraktas, terpentinas, Juniperus Communis vaisi\u0173 ekstraktas, natrio fluoridas, cetilpiridinio chloridas, aromatas, citrin\u0173 r\u016bg\u0161tis, dinatrio EDTA, glicino natrio druskos sojas , Natrio sacharinas, natrio sulfitas, benzilo alkoholis, limonenas, CI 19140, CI 42090<\/p>\n","protected":false},"excerpt":{"rendered":"<p>Skalavimo mi\u0161ko balzamas su \u0161alaviju &#8211; nam\u0173 skalavimo priemon\u0117 nuo danten\u0173 lig\u0173. Suma\u017eina danten\u0173 skausm\u0105 nuo pat pirmojo panaudojimo<\/p>\n","protected":false},"featured_media":3149,"comment_status":"open","ping_status":"closed","template":"","meta":[],"product_brand":[],"product_cat":[189,191],"product_tag":[],"class_list":{"0":"post-5643","1":"product","2":"type-product","3":"status-publish","4":"has-post-thumbnail","6":"product_cat-dantu-prieziura","7":"product_cat-tualeto-reikmenys","9":"first","10":"outofstock","11":"shipping-taxable","12":"purchasable","13":"product-type-simple"},"_links":{"self":[{"href":"https:\/\/beautysba.co.uk\/lt\/wp-json\/wp\/v2\/product\/5643","targetHints":{"allow":["GET"]}}],"collection":[{"href":"https:\/\/beautysba.co.uk\/lt\/wp-json\/wp\/v2\/product"}],"about":[{"href":"https:\/\/beautysba.co.uk\/lt\/wp-json\/wp\/v2\/types\/product"}],"replies":[{"embeddable":true,"href":"https:\/\/beautysba.co.uk\/lt\/wp-json\/wp\/v2\/comments?post=5643"}],"wp:featuredmedia":[{"embeddable":true,"href":"https:\/\/beautysba.co.uk\/lt\/wp-json\/wp\/v2\/media\/3149"}],"wp:attachment":[{"href":"https:\/\/beautysba.co.uk\/lt\/wp-json\/wp\/v2\/media?parent=5643"}],"wp:term":[{"taxonomy":"product_brand","embeddable":true,"href":"https:\/\/beautysba.co.uk\/lt\/wp-json\/wp\/v2\/product_brand?post=5643"},{"taxonomy":"product_cat","embeddable":true,"href":"https:\/\/beautysba.co.uk\/lt\/wp-json\/wp\/v2\/product_cat?post=5643"},{"taxonomy":"product_tag","embeddable":true,"href":"https:\/\/beautysba.co.uk\/lt\/wp-json\/wp\/v2\/product_tag?post=5643"}],"curies":[{"name":"wp","href":"https:\/\/api.w.org\/{rel}","templated":true}]}}