{"id":5736,"date":"2021-09-02T21:32:54","date_gmt":"2021-09-28T12:22:25","guid":{"rendered":"https:\/\/beautysba.co.uk\/product\/zalioji-vaistine-veido-tonikas-roziu-vanduo-ir-migdolai-brandziai-odai-200-ml\/"},"modified":"2023-12-08T09:53:31","modified_gmt":"2023-12-08T09:53:31","slug":"zalia-vaistine-veidas-tonikas-rozinis","status":"publish","type":"product","link":"https:\/\/beautysba.co.uk\/lt\/produktas\/zalia-vaistine-veidas-tonikas-rozinis\/","title":{"rendered":"\u017dalioji vaistin\u0117. Veido tonikas. Ro\u017ei\u0173 vanduo ir migdolai brand\u017eiai odai 200 ml"},"content":{"rendered":"<p><strong>Tonikas \u0161velniai ir efektyviai valo od\u0105<\/strong> nuo makia\u017eo liku\u010di\u0173 ir ne\u0161varum\u0173, o veikli\u0173j\u0173 med\u017eiag\u0173 d\u0117ka i\u0161saugo odos jaunyst\u0119.<br \/>\n<strong>Ro\u017einis vanduo<\/strong><strong> i\u0161lygina rauk\u0161les<\/strong> , pa\u0161alina nuovargio p\u0117dsakus, atkuria jo elastingum\u0105 ir apsaugo nuo ankstyvo sen\u0117jimo.<strong> Migdol\u0173 aliejus<\/strong> giliai<strong> maitina ir dr\u0117kina<\/strong> taip pat atkuria apsaugin\u012f odos hidrolipidin\u012f barjer\u0105.<\/p>\n<p><strong>Kolageno hidrolizatas pagerina odos i\u0161vaizd\u0105 ir j\u0105 stiprina.<\/strong><br \/>\nNaudojant \u0161\u012f tonik\u0105, oda tampa gaivesn\u0117 ir labiau hidratuota. Priemon\u0117 r\u016bpinasi brand\u017eios odos \u0161varumu ir jaunatvi\u0161kumo i\u0161saugojimu.<\/p>\n<p>Sud\u0117tis (INCI): Aqua, Rosa Centifolia g\u0117li\u0173 vanduo, hidroksietil Urea, natrio PCA, Prunus Amygdalus dulcis aliejus, hidrolizuotas kolagenas, Amorphophallus KONJAC \u0161akn\u0173 ekstraktas, polisorbatas 20, karbamidas, etanolamin\u0173, PARFUM, fenoksietanolis, CAPRYLYL glikolis, benzoin\u0117 r\u016bg\u0161tis, natrio benzoatas , CITRONELOLIS, LIMONENAS, GERANIOLIS, HEXILO CINNAMALAS, LINALOOLIS.<\/p>\n","protected":false},"excerpt":{"rendered":"<p><strong>Tonikas \u0161velniai ir efektyviai valo od\u0105<\/strong> nuo makia\u017eo liku\u010di\u0173 ir ne\u0161varum\u0173, o veikli\u0173j\u0173 med\u017eiag\u0173 d\u0117ka i\u0161saugo odos jaunyst\u0119.<\/p>\n","protected":false},"featured_media":3111,"comment_status":"open","ping_status":"closed","template":"","meta":[],"product_brand":[],"product_cat":[127,206],"product_tag":[],"class_list":{"0":"post-5736","1":"product","2":"type-product","3":"status-publish","4":"has-post-thumbnail","6":"product_cat-veidas","7":"product_cat-veido-toneriai","9":"first","10":"outofstock","11":"shipping-taxable","12":"purchasable","13":"product-type-simple"},"_links":{"self":[{"href":"https:\/\/beautysba.co.uk\/lt\/wp-json\/wp\/v2\/product\/5736","targetHints":{"allow":["GET"]}}],"collection":[{"href":"https:\/\/beautysba.co.uk\/lt\/wp-json\/wp\/v2\/product"}],"about":[{"href":"https:\/\/beautysba.co.uk\/lt\/wp-json\/wp\/v2\/types\/product"}],"replies":[{"embeddable":true,"href":"https:\/\/beautysba.co.uk\/lt\/wp-json\/wp\/v2\/comments?post=5736"}],"wp:featuredmedia":[{"embeddable":true,"href":"https:\/\/beautysba.co.uk\/lt\/wp-json\/wp\/v2\/media\/3111"}],"wp:attachment":[{"href":"https:\/\/beautysba.co.uk\/lt\/wp-json\/wp\/v2\/media?parent=5736"}],"wp:term":[{"taxonomy":"product_brand","embeddable":true,"href":"https:\/\/beautysba.co.uk\/lt\/wp-json\/wp\/v2\/product_brand?post=5736"},{"taxonomy":"product_cat","embeddable":true,"href":"https:\/\/beautysba.co.uk\/lt\/wp-json\/wp\/v2\/product_cat?post=5736"},{"taxonomy":"product_tag","embeddable":true,"href":"https:\/\/beautysba.co.uk\/lt\/wp-json\/wp\/v2\/product_tag?post=5736"}],"curies":[{"name":"wp","href":"https:\/\/api.w.org\/{rel}","templated":true}]}}