{"id":5738,"date":"2021-09-02T13:37:46","date_gmt":"2021-09-28T12:22:38","guid":{"rendered":"https:\/\/beautysba.co.uk\/product\/namu-gydytojas-sampunas-raudonieji-pipirai-intensyvus-atkurimas-300-ml\/"},"modified":"2022-12-20T22:15:19","modified_gmt":"2022-12-20T22:15:19","slug":"namai-gydytojas-sampunas-raudonas-rasiklis","status":"publish","type":"product","link":"https:\/\/beautysba.co.uk\/lt\/produktas\/namai-gydytojas-sampunas-raudonas-rasiklis\/","title":{"rendered":"Nam\u0173 gydytojas. \u0160amp\u016bnas. Raudonieji pipirai Intensyvus atk\u016brimas 300 ml"},"content":{"rendered":"<div class=\"MPProductDescriptionContentInfo\">\n<div class=\"text-block full\">\n<p>\u0160amp\u016bnas valo plaukus ir galvos od\u0105. Raudon\u0173j\u0173 aitri\u0173j\u0173 pipir\u0173 ekstraktas ir juod\u0173j\u0173 pipir\u0173 eterinis aliejus stimuliuoja od\u0105. Muilo \u0161aknies ekstraktas (muilo \u0161aknis) suteikia plaukams gerai pri\u017ei\u016brim\u0105 i\u0161vaizd\u0105.<\/p>\n<table class=\"product-features__table\">\n<tbody>\n<tr class=\"product-features__row\">\n<td class=\"product-features__cell\">Vanduo, natrio mireto sulfatas, amonio laurilsulfatas, kokamidopropilbetainas, kokamidas DEA, natrio chloridas, Capsicum Annuum vaisi\u0173 ekstraktas, Saponaria Officinalis \u0161akn\u0173 ekstraktas, glicerinas, Serenoa Serrulata vaisi\u0173 ekstraktas, Piper Nigrum s\u0117kl\u0173 aliejus, gliukoz\u0117 , Kvepalai, citrin\u0173 r\u016bg\u0161tis, hidrinti palmi\u0173 gliceridai citratas, tokoferolis, propilenglikolis, benzilo alkoholis, metilchlorizotiazolinonas, metilizotiazolinonas, trietilenglikolis, kalio sorbatas, natrio benzoatas.<\/td>\n<\/tr>\n<\/tbody>\n<\/table>\n<\/div>\n<\/div>\n","protected":false},"excerpt":{"rendered":"<div class=\"MPProductDescriptionContentInfo\">\n<div class=\"text-block full\">\n<p>\u0160amp\u016bnas valo plaukus ir galvos od\u0105. Raudon\u0173j\u0173 aitri\u0173j\u0173 pipir\u0173 ekstraktas ir juod\u0173j\u0173 pipir\u0173 eterinis aliejus stimuliuoja od\u0105. Muilo \u0161aknies ekstraktas (muilo \u0161aknis) suteikia plaukams gerai pri\u017ei\u016brim\u0105 i\u0161vaizd\u0105.<\/p>\n<\/div>\n<\/div>\n","protected":false},"featured_media":3069,"comment_status":"open","ping_status":"closed","template":"","meta":[],"product_brand":[],"product_cat":[211,216],"product_tag":[],"class_list":{"0":"post-5738","1":"product","2":"type-product","3":"status-publish","4":"has-post-thumbnail","6":"product_cat-hair-lt","7":"product_cat-sampunai","9":"first","10":"outofstock","11":"shipping-taxable","12":"purchasable","13":"product-type-simple"},"_links":{"self":[{"href":"https:\/\/beautysba.co.uk\/lt\/wp-json\/wp\/v2\/product\/5738","targetHints":{"allow":["GET"]}}],"collection":[{"href":"https:\/\/beautysba.co.uk\/lt\/wp-json\/wp\/v2\/product"}],"about":[{"href":"https:\/\/beautysba.co.uk\/lt\/wp-json\/wp\/v2\/types\/product"}],"replies":[{"embeddable":true,"href":"https:\/\/beautysba.co.uk\/lt\/wp-json\/wp\/v2\/comments?post=5738"}],"wp:featuredmedia":[{"embeddable":true,"href":"https:\/\/beautysba.co.uk\/lt\/wp-json\/wp\/v2\/media\/3069"}],"wp:attachment":[{"href":"https:\/\/beautysba.co.uk\/lt\/wp-json\/wp\/v2\/media?parent=5738"}],"wp:term":[{"taxonomy":"product_brand","embeddable":true,"href":"https:\/\/beautysba.co.uk\/lt\/wp-json\/wp\/v2\/product_brand?post=5738"},{"taxonomy":"product_cat","embeddable":true,"href":"https:\/\/beautysba.co.uk\/lt\/wp-json\/wp\/v2\/product_cat?post=5738"},{"taxonomy":"product_tag","embeddable":true,"href":"https:\/\/beautysba.co.uk\/lt\/wp-json\/wp\/v2\/product_tag?post=5738"}],"curies":[{"name":"wp","href":"https:\/\/api.w.org\/{rel}","templated":true}]}}