{"id":5744,"date":"2021-09-03T13:05:46","date_gmt":"2021-09-28T12:23:38","guid":{"rendered":"https:\/\/beautysba.co.uk\/product\/mociutes-agafijos-receptai-zoleles-ir-mokesciai-juodas-skystas-skalbiniu-muilas-1000-ml\/"},"modified":"2022-08-03T11:58:29","modified_gmt":"2022-08-03T11:58:29","slug":"receptai-mociutes-agafijos-zoleles-ir-mokesciai-m","status":"publish","type":"product","link":"https:\/\/beautysba.co.uk\/lt\/produktas\/receptai-mociutes-agafijos-zoleles-ir-mokesciai-m\/","title":{"rendered":"Mo\u010diut\u0117s Agafijos receptai \u017dolel\u0117s ir mokes\u010diai Juodas skystas skalbini\u0173 muilas 1000 ml"},"content":{"rendered":"<p>Muilas sukurtas remiantis vis\u0173 mylimu ir vis\u0173 vartotoj\u0173 patikimu \u201ejuoduoju muilu\u201c, specialiai sukurtam saugiam ir efektyviam valymui. Ruo\u0161iant \u0161\u012f muil\u0105 naudojami tik nat\u016bral\u016bs ingredientai, nepridedant kenksming\u0173 ir pavojing\u0173 \u017emoni\u0173 sveikatai chemini\u0173 med\u017eiag\u0173, o riebal\u0173 r\u016bg\u0161\u010di\u0173 koncentracija yra 72%. Juodasis Agafia skalbini\u0173 muilas \u0161velniai valo ir atnaujina bet kokius pavir\u0161ius, vis\u0173 tip\u0173 grindis ir santechnik\u0105. Sukuria sodri\u0105 put\u0105, idealiai tinka plauti rankomis.<\/p>\n<p><strong>Sud\u0117tis: <\/strong>I\u0161grynintas vanduo, anijonin\u0117 pavir\u0161inio aktyvumo med\u017eiaga, nejonin\u0117 pavir\u0161inio aktyvumo med\u017eiaga, aliejai: kedras, dahros sojos pupel\u0117s, egl\u0117, \u0161altalankis, kadagys, amarantas, er\u0161k\u0117tuog\u0117s, varnal\u0117\u0161a, lin\u0173 s\u0117menys, akmuo, u\u017epilai: \u0161alavijas, ugnia\u017eol\u0117, citrin\u0173 balzamas, plau\u010di\u0173 \u017eol\u0117, ramun\u0117l\u0117s, stygos, dilg\u0117l\u0117s, sor\u0173 ekstraktai: Sibiro maumedis, Altajaus erai\u010dinas, me\u0161kauog\u0117, elecampane, Sibiro istoda, pu\u0161ies derva, juodalksnio spurgai, aukso \u0161aknis, \u0105\u017euolo samanos, drebul\u0117, Sibiro \u0161iksha, baltojo ir raudonojo muilo \u0161aknis, Sibiro rainel\u0117, sniego kladonija, zefyro \u0161aknis, chaga , maral \u0161aknis, Sibiro maumed\u017eio i\u0161spaudos, konservantas katon, kvepal\u0173 kompozicija.<\/p>\n","protected":false},"excerpt":{"rendered":"<p>Muilas sukurtas remiantis vis\u0173 mylimu ir vis\u0173 vartotoj\u0173 patikimu \u201ejuoduoju muilu\u201c, specialiai sukurtam saugiam ir efektyviam valymui. Ruo\u0161iant \u0161\u012f muil\u0105 naudojami tik nat\u016bral\u016bs ingredientai, nepridedant kenksming\u0173 ir pavojing\u0173 \u017emoni\u0173 sveikatai chemini\u0173 med\u017eiag\u0173, o riebal\u0173 r\u016bg\u0161\u010di\u0173 koncentracija yra 72%. Juodasis Agafia skalbini\u0173 muilas \u0161velniai valo ir atnaujina bet kokius pavir\u0161ius, vis\u0173 tip\u0173 grindis ir santechnik\u0105. Sukuria sodri\u0105 put\u0105, idealiai tinka plauti rankomis.<\/p>\n","protected":false},"featured_media":3177,"comment_status":"open","ping_status":"closed","template":"","meta":[],"product_brand":[],"product_cat":[200],"product_tag":[],"class_list":{"0":"post-5744","1":"product","2":"type-product","3":"status-publish","4":"has-post-thumbnail","6":"product_cat-namams","8":"first","9":"outofstock","10":"shipping-taxable","11":"purchasable","12":"product-type-simple"},"_links":{"self":[{"href":"https:\/\/beautysba.co.uk\/lt\/wp-json\/wp\/v2\/product\/5744","targetHints":{"allow":["GET"]}}],"collection":[{"href":"https:\/\/beautysba.co.uk\/lt\/wp-json\/wp\/v2\/product"}],"about":[{"href":"https:\/\/beautysba.co.uk\/lt\/wp-json\/wp\/v2\/types\/product"}],"replies":[{"embeddable":true,"href":"https:\/\/beautysba.co.uk\/lt\/wp-json\/wp\/v2\/comments?post=5744"}],"wp:featuredmedia":[{"embeddable":true,"href":"https:\/\/beautysba.co.uk\/lt\/wp-json\/wp\/v2\/media\/3177"}],"wp:attachment":[{"href":"https:\/\/beautysba.co.uk\/lt\/wp-json\/wp\/v2\/media?parent=5744"}],"wp:term":[{"taxonomy":"product_brand","embeddable":true,"href":"https:\/\/beautysba.co.uk\/lt\/wp-json\/wp\/v2\/product_brand?post=5744"},{"taxonomy":"product_cat","embeddable":true,"href":"https:\/\/beautysba.co.uk\/lt\/wp-json\/wp\/v2\/product_cat?post=5744"},{"taxonomy":"product_tag","embeddable":true,"href":"https:\/\/beautysba.co.uk\/lt\/wp-json\/wp\/v2\/product_tag?post=5744"}],"curies":[{"name":"wp","href":"https:\/\/api.w.org\/{rel}","templated":true}]}}