{"id":5759,"date":"2021-09-03T12:17:07","date_gmt":"2021-09-28T12:24:50","guid":{"rendered":"https:\/\/beautysba.co.uk\/product\/elfa-pharm-7-aliejai-stimuliuojantis-serumas-7in1-100-ml\/"},"modified":"2024-08-10T10:25:55","modified_gmt":"2024-08-10T10:25:55","slug":"elfa-pharm-7-oil-seruma-stimuliuojantis-7in1-100-m","status":"publish","type":"product","link":"https:\/\/beautysba.co.uk\/lt\/produktas\/elfa-pharm-7-oil-seruma-stimuliuojantis-7in1-100-m\/","title":{"rendered":"Elfa Pharm 7 aliejai. Stimuliuojantis serumas 7in1 100 ml"},"content":{"rendered":"<p>Palaidi plaukai, link\u0119 \u012f plauk\u0173 slinkim\u0105, yra viena i\u0161 da\u017eniausiai pasitaikan\u010di\u0173 problem\u0173. Tai gali sukelti sutrikimai bet kuriame i\u0161 trij\u0173 plauk\u0173 sluoksni\u0173.<strong> Kasdienis i\u0161orini\u0173 dirgikli\u0173 poveikis<\/strong> , kar\u0161tas stilius, produktai su alkoholiu ir \u0161arminiais \u0161amp\u016bnais &#8211; visa tai<strong> pa\u017eeid\u017eia i\u0161orin\u012f apsaugin\u012f sluoksn\u012f<\/strong> &#8211; odel\u0117. Skali\u0173 tankis yra sulau\u017eytas, tod\u0117l plaukai nustoja b\u016bti lyg\u016bs ir \u017evilgantys. Be to, dieta daro didel\u0119 \u012ftak\u0105 j\u0173 b\u016bklei. Mityba turi b\u016bti subalansuota ir turi b\u016bti pakankamai vitamin\u0173. Maistini\u0173 med\u017eiag\u0173 tr\u016bkumas sukelia silpno, sugedusio keratino sintez\u0119 ir susilpnina plaukus pa\u010dioje \u0161aknyje, o tai sukelia polink\u012f i\u0161kristi, sausum\u0105 ir trapum\u0105.<\/p>\n<p>\u0160iuo atveju nepakanka \u012fprastos valymo proced\u016bros. Susilpn\u0117jusiems plaukams reikia kompleksin\u0117s atstatomosios ir stiprinan\u010dios prie\u017ei\u016bros. Aliejaus pagrindu pagaminti produktai da\u017eniausiai veikia i\u0161oriniu lygmeniu &#8211; jie pagerina odeli\u0173 b\u016bkl\u0119, o baltym\u0173 veikimas nukreipiamas \u012f pagrindin\u012f sluoksn\u012f, tod\u0117l nepakanka tik vienos i\u0161 \u0161i\u0173 veikli\u0173j\u0173 med\u017eiag\u0173 buvimo. <strong>Ideali prie\u017ei\u016bros priemon\u0117 tur\u0117t\u0173 veikti be i\u0161imties visus tris plauk\u0173 sluoksnius vienu metu, tik tada bus pasiektas norimas efektas.<br \/>\n Stimuliuojantis serumas 7 viename<\/strong> \u201eExpress\u201c formul\u0117, sukurta specialiai silpniems, linkusiems slinkti plaukams pri\u017ei\u016br\u0117ti. Jo subalansuota sud\u0117tis sujungia kelet\u0105 veikli\u0173j\u0173 med\u017eiag\u0173 grupi\u0173, \u012fskaitant aliejus, \u201eprotingus baltymus\u201c ir arginin\u0105, tod\u0117l ji veiksmingai veikia visus tris lygius ir u\u017etikrina sud\u0117ting\u0105 plauk\u0173 atstatym\u0105. Produkte n\u0117ra alkoholio, jis neapsunkina plauk\u0173 ir nereikalauja skalavimo.<\/p>\n<p>Septyni\u0173 specialiai parinkt\u0173 aliej\u0173 kompleksas stiprina \u0161aknis, tonizuoja od\u0105, skatina plauk\u0173 augim\u0105 ir stipr\u0117jim\u0105, sulaiko dr\u0117gm\u0119, taip pat atkuria pa\u017eeist\u0173 sluoksni\u0173 strukt\u016br\u0105. Augaliniai aliejai padeda maitinti plauk\u0173 folikulus, turi stimuliuojant\u012f, skvarb\u0173 ir apgaubiant\u012f poveik\u012f. <strong>\u012e kompozicij\u0105 \u012feina varnal\u0117\u0161\u0173, s\u0117men\u0173, ricin\u0173, kedr\u0173, rozmarin\u0173 aliejus, taip pat avokadas ir taukmed\u017eio sviestas.<\/strong><\/p>\n<p><strong>Protingi baltymai<\/strong> &#8211; med\u017eiagos, pana\u0161ios \u012f pagrindin\u012f plauko baltym\u0105, yra \u012fterptos \u012f pa\u017eeist\u0105 keratino strukt\u016br\u0105. D\u0117l to padid\u0117ja stiprumas ir elastingumas, suma\u017e\u0117ja skerspj\u016bvis. Aminor\u016bg\u0161tis argininas padidina galvos odos kraujotak\u0105, kad plaukai b\u016bt\u0173 stipr\u016bs ir sveiki.<\/p>\n<p>Serumas skatina kraujo mikrocirkuliacij\u0105, pagerindamas \u0161akn\u0173 apr\u016bpinim\u0105 maistin\u0117mis med\u017eiagomis ir deguonimi. Po naudojimo galite naudoti plauk\u0173 d\u017eiovintuv\u0105 ir naudoti stiliaus produktus. <strong>Produktas nereikalauja skalavimo.<\/strong><\/p>\n<p>Vanduo, hidrolizuotas sojos baltymas, Persea Gratissima aliejus, Medicago Sativa lap\u0173 ekstraktas, Daugiakampio \u0161aknies ekstraktas, Centella Asiatica lap\u0173 ekstraktas, Ligusticum Chuaxiong \u0161akn\u0173 ekstraktas, Polisorbatas 20, Niacinamidas, Hidrolizuotas kvie\u010di\u0173 baltymas, Hidrolizuotas lubin\u0173 ro\u017ei\u0173 sviesto ekstraktas Usitatissimum s\u0117kl\u0173 aliejus, Ricinus Communis s\u0117kl\u0173 aliejus, Pinus Sibirica s\u0117kl\u0173 aliejus, Rosmarinus Officinalis lap\u0173 aliejus, citrin\u0173 r\u016bg\u0161tis, BHT, kvepalai, benzilo alkoholis, metilchlorizotiazolinonas, metilizotiazolinonas, linalyloolis, benzilzohenatas, metilpropionalas.<\/p>\n","protected":false},"excerpt":{"rendered":"<p>Palaidi plaukai, link\u0119 \u012f plauk\u0173 slinkim\u0105, yra viena i\u0161 da\u017eniausiai pasitaikan\u010di\u0173 problem\u0173. Tai gali sukelti sutrikimai bet kuriame i\u0161 trij\u0173 plauk\u0173 sluoksni\u0173. Kasdienis i\u0161orini\u0173 dirgikli\u0173 poveikis , kar\u0161tas stilius, produktai su alkoholiu ir \u0161arminiais \u0161amp\u016bnais &#8211; visa tai pa\u017eeid\u017eia i\u0161orin\u012f apsaugin\u012f sluoksn\u012f &#8211; odel\u0117. Skali\u0173 tankis yra sulau\u017eytas, tod\u0117l plaukai nustoja b\u016bti lyg\u016bs ir \u017evilgantys. [&hellip;]<\/p>\n","protected":false},"featured_media":3161,"comment_status":"open","ping_status":"closed","template":"","meta":[],"product_brand":[],"product_cat":[215,211],"product_tag":[],"class_list":{"0":"post-5759","1":"product","2":"type-product","3":"status-publish","4":"has-post-thumbnail","6":"product_cat-aliejai-serumai","7":"product_cat-hair-lt","9":"first","10":"instock","11":"shipping-taxable","12":"purchasable","13":"product-type-simple"},"_links":{"self":[{"href":"https:\/\/beautysba.co.uk\/lt\/wp-json\/wp\/v2\/product\/5759","targetHints":{"allow":["GET"]}}],"collection":[{"href":"https:\/\/beautysba.co.uk\/lt\/wp-json\/wp\/v2\/product"}],"about":[{"href":"https:\/\/beautysba.co.uk\/lt\/wp-json\/wp\/v2\/types\/product"}],"replies":[{"embeddable":true,"href":"https:\/\/beautysba.co.uk\/lt\/wp-json\/wp\/v2\/comments?post=5759"}],"wp:featuredmedia":[{"embeddable":true,"href":"https:\/\/beautysba.co.uk\/lt\/wp-json\/wp\/v2\/media\/3161"}],"wp:attachment":[{"href":"https:\/\/beautysba.co.uk\/lt\/wp-json\/wp\/v2\/media?parent=5759"}],"wp:term":[{"taxonomy":"product_brand","embeddable":true,"href":"https:\/\/beautysba.co.uk\/lt\/wp-json\/wp\/v2\/product_brand?post=5759"},{"taxonomy":"product_cat","embeddable":true,"href":"https:\/\/beautysba.co.uk\/lt\/wp-json\/wp\/v2\/product_cat?post=5759"},{"taxonomy":"product_tag","embeddable":true,"href":"https:\/\/beautysba.co.uk\/lt\/wp-json\/wp\/v2\/product_tag?post=5759"}],"curies":[{"name":"wp","href":"https:\/\/api.w.org\/{rel}","templated":true}]}}