{"id":5767,"date":"2021-09-03T12:16:03","date_gmt":"2021-09-28T12:26:04","guid":{"rendered":"https:\/\/beautysba.co.uk\/product\/elfa-pharm-7-aliejai-plauku-aliejus-7in1-100-ml\/"},"modified":"2026-02-09T15:34:47","modified_gmt":"2026-02-09T15:34:47","slug":"elfa-pharm-7-aliejai-plauku-aliejus-7in1-100-ml","status":"publish","type":"product","link":"https:\/\/beautysba.co.uk\/lt\/produktas\/elfa-pharm-7-aliejai-plauku-aliejus-7in1-100-ml\/","title":{"rendered":"Elfa Pharm 7 aliejai. Plauk\u0173 aliejus 7in1 100 ml"},"content":{"rendered":"<p>Nuobodu spalva, sausumas, trapumas ir suskil\u0119 galiukai &#8211; visi susilpn\u0117jusi\u0173 plauk\u0173 simptomai. <strong>Naudodami aktyvius \u0161arminius \u0161amp\u016bnus, \u012fvairias stiliaus priemones, kuri\u0173 sud\u0117tyje yra alkoholio, ir reguliariai d\u017eiovindami galv\u0105 plauk\u0173 d\u017eiovintuvu, pa\u017eeid\u017eiame odel\u0119 &#8211; i\u0161orin\u012f plauk\u0173 apvalkal\u0105.<\/strong> Sutrikusi apsaugin\u0117s mantijos strukt\u016bra sukelia greit\u0105 dr\u0117gm\u0117s i\u0161garavim\u0105, taip pat padaro pagrind\u0105 labiau pa\u017eeid\u017eiam\u0105. Svarstykl\u0117s nustoja tvirtai prilipti viena prie kitos, tod\u0117l plaukai praranda lygum\u0105 ir \u017evilges\u012f.<\/p>\n<p><strong>Trapumo ir praradimo prie\u017eastis taip pat gali b\u016bti maistini\u0173 med\u017eiag\u0173 ar vitamin\u0173 tr\u016bkumas \u0161akn\u0173 zonoje. <\/strong>\u0160iuo atveju plauk\u0173 augimo vietoje susintetinamas silpnas, nepakankamai i\u0161samus keratinas. Naudodami speciali\u0173 priemoni\u0173 kompleksus, galite papildyti mitybos pusiausvyr\u0105 ir atkurti pa\u017eeistus plauk\u0173 sluoksnius.<br \/>\n<strong>Oil Plauk\u0173 aliejus i\u0161 serijos \u201e7 aliejai\u201c \ud83c\udf31 skirtas silpniems plaukams pri\u017ei\u016br\u0117ti<\/strong> link\u0119 \u012f ply\u0161im\u0105 ir trapum\u0105. Produktas aktyviai ir efektyviai pri\u017ei\u016bri net jautri\u0105 galvos od\u0105, pagerina plauk\u0173 folikul\u0173 apr\u016bpinim\u0105 krauju ir mityb\u0105. Arginino, aminor\u016bg\u0161ties, turin\u010dios vazodilatacin\u012f poveik\u012f, d\u0117ka aliejus skatina maistini\u0173 med\u017eiag\u0173 patekim\u0105 \u012f plauk\u0173 \u0161aknis ir skatina patvaraus ir atsparaus plauko stiebo sintez\u0119.<\/p>\n<h3>\nPreparate yra septyni specialiai atrinkti augaliniai aliejai, kurie garantuoja visapusi\u0161k\u0105 poveik\u012f:<\/h3>\n<p><strong>Skverbiasi:<\/strong> molekul\u0117s kerta odel\u0119 ir atkuria vidinius plauk\u0173 sluoksnius.<br \/>\n<strong>Stimuliuojantis:<\/strong> aliejai pagerina mikrocirkuliacij\u0105, pagerina plauk\u0173 folikul\u0173 apr\u016bpinim\u0105 deguonimi, skatina greit\u0105 augim\u0105.<br \/>\n<strong>Apgaubiantis:<\/strong> suformuoja nematom\u0105 apsaugin\u0119 pl\u0117vel\u0119, kuri neleid\u017eia prarasti nat\u016bralios dr\u0117gm\u0117s ir sustiprina plauk\u0173 apsaug\u0105 bei blizges\u012f.<\/p>\n<p><strong>Taukmed\u017eio sviestas<\/strong> atstato pa\u017eeist\u0173 plauk\u0173 strukt\u016br\u0105, pa\u0161alina sausum\u0105 ir trapum\u0105. <strong>Kedras<\/strong> , ir <strong>lin\u0173 s\u0117men\u0173 ir ricinos<\/strong> aliejai skatina plauk\u0173 augim\u0105, dr\u0117kina, maitina ir suteikia \u017evilgesio. <strong>Rozmarino aliejus<\/strong> pagerina galvos odos apr\u016bpinim\u0105 maistin\u0117mis med\u017eiagomis ir <strong>varnal\u0117\u0161a<\/strong> &#8211; stiprina \u0161aknis ir normalizuoja riebalini\u0173 liauk\u0173 darb\u0105. <strong>Avokad\u0173 aliejus<\/strong> turi prie\u017ei\u016bros savybi\u0173, palaiko dr\u0117gm\u0117s pusiausvyr\u0105, apsaugo nuo plauk\u0173 sausumo.<\/p>\n<p>Aliejus tepamas ant \u0161akn\u0173 pipete ir lengvais masa\u017eo judesiais \u012ftrinamas \u012f galvos od\u0105. Po to turite u\u017esid\u0117ti plastikin\u012f dangtel\u012f ir apvynioti galv\u0105 rank\u0161luos\u010diu. Po 2-3 valand\u0173 nuplaukite aliej\u0173 ir naudokite \u0161amp\u016bn\u0105 i\u0161 serijos &#8220;7 aliejai&#8221;. Taikykite produkt\u0105 1-2 kartus per savait\u0119 du m\u0117nesius, kaip intensyv\u0173 poveik\u012f plauk\u0173 \u0161aknims.<\/p>\n<p>Parafino skystis, Arctium Lappa \u0161akn\u0173 ekstraktas, Persea Gratissima aliejus, Oleth-5, Pinus Sibirica s\u0117kl\u0173 aliejus, Ricinus Communis s\u0117kl\u0173 aliejus, Butyrospermum Parkii sviestas, Linum Usitatissimum s\u0117kl\u0173 aliejus, Rosmarinus Officinalis lap\u0173 aliejus, PEG-8, tokofermitatas, askorbilato r\u016bg\u0161tis R\u016bg\u0161tis, D-limonenas.<\/p>\n","protected":false},"excerpt":{"rendered":"<p>Nuobodu spalva, sausumas, trapumas ir suskil\u0119 galiukai &#8211; visi susilpn\u0117jusi\u0173 plauk\u0173 simptomai. Naudodami aktyvius \u0161arminius \u0161amp\u016bnus, \u012fvairias stiliaus priemones, kuri\u0173 sud\u0117tyje yra alkoholio, ir reguliariai d\u017eiovindami galv\u0105 plauk\u0173 d\u017eiovintuvu, pa\u017eeid\u017eiame odel\u0119 &#8211; i\u0161orin\u012f plauk\u0173 apvalkal\u0105. Sutrikusi apsaugin\u0117s mantijos strukt\u016bra sukelia greit\u0105 dr\u0117gm\u0117s i\u0161garavim\u0105, taip pat padaro pagrind\u0105 labiau pa\u017eeid\u017eiam\u0105. Svarstykl\u0117s nustoja tvirtai prilipti viena prie [&hellip;]<\/p>\n","protected":false},"featured_media":3157,"comment_status":"open","ping_status":"closed","template":"","meta":[],"product_brand":[],"product_cat":[215,211],"product_tag":[],"class_list":{"0":"post-5767","1":"product","2":"type-product","3":"status-publish","4":"has-post-thumbnail","6":"product_cat-aliejai-serumai","7":"product_cat-hair-lt","9":"first","10":"instock","11":"shipping-taxable","12":"purchasable","13":"product-type-simple"},"_links":{"self":[{"href":"https:\/\/beautysba.co.uk\/lt\/wp-json\/wp\/v2\/product\/5767","targetHints":{"allow":["GET"]}}],"collection":[{"href":"https:\/\/beautysba.co.uk\/lt\/wp-json\/wp\/v2\/product"}],"about":[{"href":"https:\/\/beautysba.co.uk\/lt\/wp-json\/wp\/v2\/types\/product"}],"replies":[{"embeddable":true,"href":"https:\/\/beautysba.co.uk\/lt\/wp-json\/wp\/v2\/comments?post=5767"}],"wp:featuredmedia":[{"embeddable":true,"href":"https:\/\/beautysba.co.uk\/lt\/wp-json\/wp\/v2\/media\/3157"}],"wp:attachment":[{"href":"https:\/\/beautysba.co.uk\/lt\/wp-json\/wp\/v2\/media?parent=5767"}],"wp:term":[{"taxonomy":"product_brand","embeddable":true,"href":"https:\/\/beautysba.co.uk\/lt\/wp-json\/wp\/v2\/product_brand?post=5767"},{"taxonomy":"product_cat","embeddable":true,"href":"https:\/\/beautysba.co.uk\/lt\/wp-json\/wp\/v2\/product_cat?post=5767"},{"taxonomy":"product_tag","embeddable":true,"href":"https:\/\/beautysba.co.uk\/lt\/wp-json\/wp\/v2\/product_tag?post=5767"}],"curies":[{"name":"wp","href":"https:\/\/api.w.org\/{rel}","templated":true}]}}