{"id":5771,"date":"2021-09-02T21:30:00","date_gmt":"2021-09-28T12:26:37","guid":{"rendered":"https:\/\/beautysba.co.uk\/product\/zalioji-vaistine-veido-tonikas-zalioji-arbata-visiems-odos-tipams-200-ml\/"},"modified":"2023-03-29T09:46:28","modified_gmt":"2023-03-29T09:46:28","slug":"zalia-vaistine-veidas-tonikas-zalias","status":"publish","type":"product","link":"https:\/\/beautysba.co.uk\/lt\/produktas\/zalia-vaistine-veidas-tonikas-zalias\/","title":{"rendered":"\u017dalioji vaistin\u0117. Veido tonikas. \u017dalioji arbata visiems odos tipams 200 ml"},"content":{"rendered":"<p><strong>Tonikas tinka vis\u0173 tip\u0173 odai.<\/strong> Efektyviai pa\u0161alina makia\u017eo liku\u010dius, valo ir tonizuoja od\u0105. Produktas sukurtas remiantis itin dr\u0117kinan\u010dia formule, kurios d\u0117ka oda tampa elastinga ir stangri.<br \/>\n<strong>\u017dalias ekstraktas<\/strong> arbata turi nat\u016brali\u0173 antioksidacini\u0173 savybi\u0173,<strong> suma\u017eina poras, dr\u0117kina ir tonizuoja od\u0105.<\/strong><strong> Arbatmed\u017eio aliejus mink\u0161tina od\u0105<\/strong><strong> turi prie\u0161u\u017edegimin\u012f ir baktericidin\u012f poveik\u012f.<\/strong><br \/>\nNaudodami \u0161\u012f tonik\u0105, j\u016bs\u0173 oda atrodys gaivesn\u0117 ir \u0161varesn\u0117, giliai dr\u0117kinama ir tonizuota.<\/p>\n<p>Kompozicija (INCI): AQUA, hidroksietil karbamidas, natrio PBS, Camellia sinensis lap\u0173 ekstraktas, Melaleuca alternifolia lap\u0173 aliejus, Amorphophallus konjac \u0161akn\u0173 ekstraktas, polisorbatas 20, polisorbatas 80, PARFUM, propilenglikolis, karbamidas, etanolamino, fenoksietanolio, CAPRYLYL glikolis, natrio benzoatas , LIMONENAS, LINALOOLIS, CITRONELOLIS, HIDROXICITRO- NELLALAS, HIDROXIZOHEKSILAS 3-CIKLOHEKSENO KARBOKSALDEHIDAS.<\/p>\n","protected":false},"excerpt":{"rendered":"<p><strong>Tonikas tinka vis\u0173 tip\u0173 odai.<\/strong> Efektyviai pa\u0161alina makia\u017eo liku\u010dius, valo ir tonizuoja od\u0105. Produktas sukurtas remiantis itin dr\u0117kinan\u010dia formule, kurios d\u0117ka oda tampa elastinga ir stangri.<br \/>\n<strong>\u017dalias ekstraktas<\/strong> arbata turi nat\u016brali\u0173 antioksidacini\u0173 savybi\u0173,<strong> suma\u017eina poras, dr\u0117kina ir tonizuoja od\u0105.<\/strong><strong> Arbatmed\u017eio aliejus mink\u0161tina od\u0105<\/strong><strong> turi prie\u0161u\u017edegimin\u012f ir baktericidin\u012f poveik\u012f.<\/strong><br \/>\nNaudodami \u0161\u012f tonik\u0105, j\u016bs\u0173 oda atrodys gaivesn\u0117 ir \u0161varesn\u0117, giliai dr\u0117kinama ir tonizuota.<\/p>\n","protected":false},"featured_media":3115,"comment_status":"open","ping_status":"closed","template":"","meta":[],"product_brand":[],"product_cat":[127,206],"product_tag":[],"class_list":{"0":"post-5771","1":"product","2":"type-product","3":"status-publish","4":"has-post-thumbnail","6":"product_cat-veidas","7":"product_cat-veido-toneriai","9":"first","10":"outofstock","11":"shipping-taxable","12":"purchasable","13":"product-type-simple"},"_links":{"self":[{"href":"https:\/\/beautysba.co.uk\/lt\/wp-json\/wp\/v2\/product\/5771","targetHints":{"allow":["GET"]}}],"collection":[{"href":"https:\/\/beautysba.co.uk\/lt\/wp-json\/wp\/v2\/product"}],"about":[{"href":"https:\/\/beautysba.co.uk\/lt\/wp-json\/wp\/v2\/types\/product"}],"replies":[{"embeddable":true,"href":"https:\/\/beautysba.co.uk\/lt\/wp-json\/wp\/v2\/comments?post=5771"}],"wp:featuredmedia":[{"embeddable":true,"href":"https:\/\/beautysba.co.uk\/lt\/wp-json\/wp\/v2\/media\/3115"}],"wp:attachment":[{"href":"https:\/\/beautysba.co.uk\/lt\/wp-json\/wp\/v2\/media?parent=5771"}],"wp:term":[{"taxonomy":"product_brand","embeddable":true,"href":"https:\/\/beautysba.co.uk\/lt\/wp-json\/wp\/v2\/product_brand?post=5771"},{"taxonomy":"product_cat","embeddable":true,"href":"https:\/\/beautysba.co.uk\/lt\/wp-json\/wp\/v2\/product_cat?post=5771"},{"taxonomy":"product_tag","embeddable":true,"href":"https:\/\/beautysba.co.uk\/lt\/wp-json\/wp\/v2\/product_tag?post=5771"}],"curies":[{"name":"wp","href":"https:\/\/api.w.org\/{rel}","templated":true}]}}