{"id":5823,"date":"2021-09-01T20:38:04","date_gmt":"2021-10-02T19:24:59","guid":{"rendered":"https:\/\/beautysba.co.uk\/product\/sviezios-sultys-kuno-kremo-sviestas-sokoladas-ir-marcipanas-su-taukmedzio-sviestu-225-ml\/"},"modified":"2022-02-18T11:05:09","modified_gmt":"2022-02-18T11:05:09","slug":"sviezios-sultys-kuno-sviestas-grietinele-sokoladas-ir-marcipas","status":"publish","type":"product","link":"https:\/\/beautysba.co.uk\/lt\/produktas\/sviezios-sultys-kuno-sviestas-grietinele-sokoladas-ir-marcipas\/","title":{"rendered":"\u0160vie\u017eios sultys. K\u016bno kremo sviestas. \u0160okoladas ir marcipanas su taukmed\u017eio sviestu 225 ml"},"content":{"rendered":"<div class=\"docData;DOCY;v5;3363;BAiAAgAABoQCAAADWQsAAAVnCwAAAAAAAAAAAAAAAAAAAAAAAAAAAAAAAAAAAAAAAAAAAAAAAAAAAAAAAAAAAAAAAAAAAAAAAAAAAAAAAAAAAAAAAAAAAAAAAAAAAAAAAAAAAAAAAAAAAAAAAAAAAAAAAAAAAAAAAAAAAAAAAAAAAAAAAAAAAAAAAAAAAAAAAAAAAAAAAAAAAAAAAAAAAAAAAAAAAAAAAAAAAAAAAAAAAAAAAAAAAAAAAAAAAAAAAAAAAAAAAAAAAAAAAAAAAAAAAAAAAAAAAAAAAAAAAAAAAAAAAAAAAAAAAAAAAAAAAAAAAAAAAAAAAAAAAAAAAAAAAAAAAAAAAAAAAAAAAAAAAAAAAAAAAAAAAAAAAAAAAAAAAAAAAAAAAAAAAAAAAAAAAAAAAAAAAAAAAAAAAAAAAAAAAAAAAAAAAAAAAAAAAAAAAAAAAAAAAAAAAAAAAAAAAAAAAAAAAAAAAAAAAAAAAAAAAAAAAAAAAAAAAAAAAAAAAAAAAAAAAAAAAAAAAAAAAAAAAAAAAAAAAAAAAAAAAAAAAAAAAAAAAAAAAAAAAAAAAAAAAAAAAAAAAAAAAAAAAAAAAAAAAAAAAAAAAAAAAAAAAAAAAAAAAAAAAAAAAAAAAAAAAAAAAAAAAAAAAAAAAAAAAAAAAAAAAAAAAAAAAAAAAAAAAAAAAAAAAAAAAAAAAAAAAAAAAAAAAAAAAAAAAAAAAAAAAAAAAAAAAAAAAAAAAAAAAAAAAAAAAAAAAAAAAAAAAAAAAAAAAAAAAAAAAAAAAAAAAAAAAAAAAAAAAAAAAAAAAAAAAAAAAAAAAAAAAAAAAAAAAAAAAAAAAAAAAADRCAAAAGwHAAABIwAAAAEGBgAAAAQFQQ4TAAkGAAAAABoGBQAAAAkDAAAAGwYAAAAAAj8HAAAFSQAAAAEOAAAACQMAAAAcBgMAAAABAQ8IMQAAAAAgAAAAEARABD4EPAQwBEIEIABIBD4EOgQ+BDsEMAQ0BDAEIAAUAAAAAAACAAAAIAAFKQAAAAEOAAAACQMAAAAcBgMAAAABAQ8IEQAAAAAMAAAAOwRDBEcESAQ4BDkEBR8AAAABDgAAAAkDAAAAHAYDAAAAAQEPCAcAAAAAAgAAACAABTEAAAABDgAAAAkDAAAAHAYDAAAAAQEPCBkAAAAAFAAAADAEPQRCBDgEQQRCBEAENQRBBEEEBQcBAAABDgAAAAkDAAAAHAYDAAAAAQEPCO8AAAAA6gAAADoAIABBBD0EOAQ8BDAENQRCBCAAPQQwBD8EQARPBDYENQQ9BDgENQQsACAAPwQ+BDMEQARDBDYEMAQ1BEIEIAAyBCAAMARCBDwEPgRBBEQENQRABEMEIABDBDwEOARABD4EQgQyBD4EQAQ1BD0EOARPBCAAOAQgADQEQwRIBDUEMgQ9BD4EMwQ+BCAAQAQwBDIEPQQ+BDIENQRBBDgETwQuACAAHwQ+BDcEMgQ+BDsETAQgAEEENQQxBDUEIABDBDQEPgQyBD4EOwRMBEEEQgQyBDgENQQgAD0EMARBBDsEMAQ0BDgEQgRMBAV9AAAAAQ4AAAAJAwAAABwGAwAAAAEBDwhlAAAAAGAAAABBBE8EIABABD4EQQQ6BD4ESAQ9BEsEPAQgAEMERQQ+BDQEPgQ8BCwAIAA\/BD4ERwRDBDIEQQRCBDIEPgQyBDAEMgQgAEEENQQxBE8EIAA+BEEEPgQxBDUEPQQ9BD4EOQQFIQAAAAEOAAAACQMAAAAcBgMAAAABAQ8ICQAAAAAEAAAALgAgAAWhAAAAAQ4AAAAJAwAAABwGAwAAAAEBDwiJAAAAAIQAAAAbBDUEMwQ6BDAETwQgAD8EPgRHBEIEOAQgAD0ENQQyBDUEQQQ+BDwEMARPBCAAQgQ1BDoEQQRCBEMEQAQwBCAAOgRABDUEPAQtADwEMARBBDsEMAQgADsENQQzBDoEPgQgAD0EMAQ9BD4EQQQ4BEIEQQRPBCAAPQQwBCAAQgQ1BDsEPgQFrwAAAAEOAAAACQMAAAAcBgMAAAABAQ8IlwAAAACSAAAALAAgADwEMwQ9BD4EMgQ1BD0EPQQ+BCAAMgQ\/BDgEQgRLBDIEMAQ1BEIEQQRPBCAAOAQgAEMEMgQ7BDAENgQ9BE8ENQRCBCAAOgQ+BDYEQwQsACAAPQQwBEEESwRJBDAETwQgADUENQQgAD8EPgQ7BDUENwQ9BEsEPAQ4BCAAMgQ1BEkENQRBBEIEMgQwBDwEOAQFIQAAAAEOAAAACQMAAAAcBgMAAAABAQ8ICQAAAAAEAAAALgAgAAWzAAAAAQ4AAAAJAwAAABwGAwAAAAEBDwibAAAAAJYAAAAaBEAENQQ8BCAAPQQ1BCAAPgRBBEIEMAQyBDsETwQ1BEIEIAA9BDAEIAA6BD4ENgQ1BCAAQQQ7BDUENAQ+BDIELAAgADoEPgQ2BDAEIABBBEIEMAQ9BD4EMgQ4BEIEQQRPBCAAMQQwBEAERQQwBEIEOARBBEIEPgQ5BCAAOAQgAEMERQQ+BDYENQQ9BD0EPgQ5BCwAIAAFSQAAAAEOAAAACQMAAAAcBgMAAAABAQ8IMQAAAAAsAAAANAQ+BDsEMwQ+BDUEIAAyBEAENQQ8BE8EIABBBD4ERQRABDAEPQRPBE8EIAAFOwAAAAEOAAAACQMAAAAcBgMAAAABAQ8IIwAAAAAeAAAAQQQ+BDEEOwQwBDcEPQQ4BEIENQQ7BEwEPQRLBDkEBUEAAAABDgAAAAkDAAAAHAYDAAAAAQEPCCkAAAAAJAAAACAAMARABD4EPAQwBEIEIABIBD4EOgQ+BDsEMAQ0BDAELgAgAAUrAAAAAQ4AAAAJAwAAABwGAwAAAAEBDwgTAAAAAA4AAAAiBDAEOgQ+BDkEIAAyBAVDAAAAAQ4AAAAJAwAAABwGAwAAAAEBDwgrAAAAACYAAAA+BEEERQQ4BEIEOARCBDUEOwRMBD0ESwQ5BCAAQwRFBD4ENAQgAAVFAAAAAQ4AAAAJAwAAABwGAwAAAAEBDwgtAAAAACgAAAA\/BD4ENAQ9BDgEPAQwBDUEQgQgAD0EMARBBEIEQAQ+BDUEPQQ4BDUEBUUAAAABDgAAAAkDAAAAHAYDAAAAAQEPCC0AAAAAKAAAACAAPQQwBCAAPAQwBDoEQQQ4BDwEQwQ8BCAAOAQgADQEMARABDgEQgQFdQAAAAEOAAAACQMAAAAcBgMAAAABAQ8IXQAAAABYAAAAIABDBDQEPgQyBD4EOwRMBEEEQgQyBDgENQQgAD4EQgQgADUENgQ1BDQEPQQ1BDIEPQQ+BDMEPgQgAEMERQQ+BDQEMAQgADcEMAQgADoEPgQ2BDUEOQQhAAUKAAAAAQAAAAAIAAAAAAUPAAAAAQUAAAAJAwAAAAgAAAAAAFsBAAABIwAAAAEGBgAAAAQFQQ4TAAkGAAAAABoGBQAAAAkDAAAAGwYAAAAAAi4BAAAFRAAAAAERAAAAAAEBCQMAAAAcBgMAAAABAQ8IKQAAAAAkAAAAIQQ\/BD4EQQQ+BDEEIAA\/BEAEOAQ8BDUEPQQ1BD0EOARPBDoABR8AAAABDgAAAAkDAAAAHAYDAAAAAQEPCAcAAAAAAgAAACAABY8AAAABDgAAAAkDAAAAHAYDAAAAAQEPCHcAAAAAcgAAAD0EMAQ9BDUEQQRCBDgEIAA6BEAENQQ8BC0APAQwBEEEOwQ+BCAAPQQwBCAARwQ4BEEEQgRDBE4EIABBBEMERQRDBE4EIAA6BD4ENgRDBCAAQgQ1BDsEMAQuACAAHQQ1BCAAQQQ8BEsEMgQwBEIETAQuAAUKAAAAAQAAAAAIAAAAAAUKAAAAAQAAAAAIAAAAAAUKAAAACAUAAAANAAAAAAoAAAAAAAAAABEAAAAAuAEAAADcAAAAAAEAAQYSAAAAAgUAAAAAAwUAAAAABAUAAAAABQEBBgEABwEACAEACQYbAAAACgWLpQEACwEBHAEADAUAAAAAHQEADQVuTgQADgYIAAAAAAEBAQP\/\/\/8ZAQEbBn0AAAAAFAAAAAADAAAAAQUAAAAAAgXmRAAAAwEAARQAAAAAAwAAAAEFAAAAAAIF5kQAAAMBAAIUAAAAAAMAAAABBQAAAAACBeZEAAADAQADFAAAAAADAAAAAQUAAAAAAgXmRAAAAwEACxQAAAAAAwAAAAEFAAAAAAIF5kQAAAMBAAHNAAAAAAEAAQEAAgEAAwEABAYOAAAAQwBhAGwAaQBiAHIAaQAFBg4AAABDAGEAbABpAGIAcgBpAAcGDgAAAEMAYQBsAGkAYgByAGkABgYOAAAAQwBhAGwAaQBiAHIAaQATAQEIBBYAAAAKAQAMAQAOBQAAAAAPAQAQAQARAQASBQAAAAAUAQAVAQAWBBYAAAAXAQAYAQAZBgoAAAByAHUALQBSAFUAGgYKAAAAYQByAC0AUwBBABsGCgAAAGUAbgAtAFUAUwAcBgIAAAAAAB4BAAIAAAAA\">\u0160okolado aromatas yra geriausias antistresas: mal\u0161ina stres\u0105, panardina \u012f ramyb\u0117s ir ramyb\u0117s atmosfer\u0105. Leiskite sau pasilepinti prabangia proced\u016bra, jausit\u0117s ypatingai. Lengva, beveik nesvari kremo-aliejaus tekst\u016bra lengvai tepama ant k\u016bno, akimirksniu \u012fsigeria ir dr\u0117kina od\u0105, prisotina j\u0105 naudingomis med\u017eiagomis. Kremas nepalieka \u017eymi\u0173 ant odos, oda tampa aksomin\u0117 ir gerai pri\u017ei\u016brima, ilgai i\u0161laiko gundant\u012f \u0161okolado aromat\u0105. Tokia maloni prie\u017ei\u016bra maksimaliai pakelia j\u016bs\u0173 nuotaik\u0105 ir suteikia malonum\u0105 kasdieninei odos prie\u017ei\u016brai!<\/div>\n<div><b>Taikymo b\u016bdas:<\/b> tepkite kremo sviest\u0105 ant \u0161varios, sausos k\u016bno odos. Neplaukite.<\/div>\n<div>\n<table class=\"product-features__table\">\n<tbody>\n<tr class=\"product-features__row\">\n<th class=\"product-features__cell product-features__cell--h\">Sud\u0117tis (INCI)<\/th>\n<td class=\"product-features__cell\">Vanduo, etilheksilo stearatas, glicerinas, butyrospermum parkii sviestas, glicerilo stearatas, cetearilo alkoholis, Ceteareth-20, izopropilo palmitatas, natrio poliakrilatas, ksantano guma, Prunus Amygdalus Dulparacis aliejus, Theobroma Cacao CI 15985.<\/td>\n<\/tr>\n<\/tbody>\n<\/table>\n<\/div>\n","protected":false},"excerpt":{"rendered":"<p>\u0160okolado aromatas yra geriausias antistresas: mal\u0161ina stres\u0105, panardina \u012f ramyb\u0117s ir ramyb\u0117s atmosfer\u0105. Leiskite sau pasilepinti prabangia proced\u016bra, jausit\u0117s ypatingai. Lengva, beveik nesvari kremo-aliejaus tekst\u016bra lengvai tepama ant k\u016bno, akimirksniu \u012fsigeria ir dr\u0117kina od\u0105, prisotina j\u0105 naudingomis med\u017eiagomis. Kremas nepalieka \u017eymi\u0173 ant odos, oda tampa aksomin\u0117 ir gerai pri\u017ei\u016brima, ilgai i\u0161laiko gundant\u012f \u0161okolado aromat\u0105. Tokia maloni prie\u017ei\u016bra maksimaliai pakelia j\u016bs\u0173 nuotaik\u0105 ir suteikia malonum\u0105 kasdieninei odos prie\u017ei\u016brai!<\/p>\n","protected":false},"featured_media":2993,"comment_status":"open","ping_status":"closed","template":"","meta":[],"product_brand":[],"product_cat":[121,119],"product_tag":[],"class_list":{"0":"post-5823","1":"product","2":"type-product","3":"status-publish","4":"has-post-thumbnail","6":"product_cat-kuno-kremai-aliejai","7":"product_cat-kuno-produktai","9":"first","10":"outofstock","11":"shipping-taxable","12":"purchasable","13":"product-type-simple"},"_links":{"self":[{"href":"https:\/\/beautysba.co.uk\/lt\/wp-json\/wp\/v2\/product\/5823","targetHints":{"allow":["GET"]}}],"collection":[{"href":"https:\/\/beautysba.co.uk\/lt\/wp-json\/wp\/v2\/product"}],"about":[{"href":"https:\/\/beautysba.co.uk\/lt\/wp-json\/wp\/v2\/types\/product"}],"replies":[{"embeddable":true,"href":"https:\/\/beautysba.co.uk\/lt\/wp-json\/wp\/v2\/comments?post=5823"}],"wp:featuredmedia":[{"embeddable":true,"href":"https:\/\/beautysba.co.uk\/lt\/wp-json\/wp\/v2\/media\/2993"}],"wp:attachment":[{"href":"https:\/\/beautysba.co.uk\/lt\/wp-json\/wp\/v2\/media?parent=5823"}],"wp:term":[{"taxonomy":"product_brand","embeddable":true,"href":"https:\/\/beautysba.co.uk\/lt\/wp-json\/wp\/v2\/product_brand?post=5823"},{"taxonomy":"product_cat","embeddable":true,"href":"https:\/\/beautysba.co.uk\/lt\/wp-json\/wp\/v2\/product_cat?post=5823"},{"taxonomy":"product_tag","embeddable":true,"href":"https:\/\/beautysba.co.uk\/lt\/wp-json\/wp\/v2\/product_tag?post=5823"}],"curies":[{"name":"wp","href":"https:\/\/api.w.org\/{rel}","templated":true}]}}