{"id":5841,"date":"2021-09-01T12:46:27","date_gmt":"2021-09-01T12:46:27","guid":{"rendered":"https:\/\/beautysba.co.uk\/product\/ranku-kremas-home-doctor-mucin-sraiges-42-ml\/"},"modified":"2026-04-24T09:22:39","modified_gmt":"2026-04-24T09:22:39","slug":"ranku-kremas-namai-gydytojas-mucin-uly","status":"publish","type":"product","link":"https:\/\/beautysba.co.uk\/lt\/produktas\/ranku-kremas-namai-gydytojas-mucin-uly\/","title":{"rendered":"Rank\u0173 kremas \u201eHome Doctor Mucin\u201c sraig\u0117s 42 ml"},"content":{"rendered":"<p>Puikiai dr\u0117kina, maitina ir pa\u0161alina pleiskanojim\u0105, daro od\u0105 ne\u012ftik\u0117tinai \u0161velni\u0105, lygi\u0105 ir suteikia rankoms gerai pri\u017ei\u016brim\u0105 i\u0161vaizd\u0105.<\/p>\n<table class=\"product-features__table\">\n<tbody>\n<tr class=\"product-features__row\">\n<th class=\"product-features__cell product-features__cell--h\">Sudedamosios dalys (INCI)<\/th>\n<td class=\"product-features__cell\">Vanduo, Cocos Nucifera aliejus, Paraffinum Liquidum, glicerilo stearatas, stearino r\u016bg\u0161tis, palmitino r\u016bg\u0161tis, sraigi\u0173 sekrecijos filtratas, alantoinas, glicerinas, cetearilo alkoholis, akrilat\u0173\/C10-30 alkilo akrilato kry\u017epolimeras, dimetikonas, natrio hidroksidas, parfumas, fenetilo alkoholis, kaprilio glikolis, fenoksietanolis, etilheksilglicerinas, linalolis, eugenolis.<\/td>\n<\/tr>\n<tr class=\"product-features__row\">\n<th class=\"product-features__cell product-features__cell--h\">Kaip naudoti<\/th>\n<td class=\"product-features__cell\">Tepkite ant sausos, \u0161varios rank\u0173 odos<\/td>\n<\/tr>\n<\/tbody>\n<\/table>\n","protected":false},"excerpt":{"rendered":"<p>Puikiai dr\u0117kina, maitina ir pa\u0161alina pleiskanojim\u0105, daro od\u0105 ne\u012ftik\u0117tinai \u0161velni\u0105, lygi\u0105 ir suteikia rankoms gerai pri\u017ei\u016brim\u0105 i\u0161vaizd\u0105.<\/p>\n","protected":false},"featured_media":2895,"comment_status":"open","ping_status":"closed","template":"","meta":[],"product_brand":[],"product_cat":[119,124],"product_tag":[],"class_list":{"0":"post-5841","1":"product","2":"type-product","3":"status-publish","4":"has-post-thumbnail","6":"product_cat-kuno-produktai","7":"product_cat-ranku-prieziura","9":"first","10":"instock","11":"shipping-taxable","12":"purchasable","13":"product-type-simple"},"_links":{"self":[{"href":"https:\/\/beautysba.co.uk\/lt\/wp-json\/wp\/v2\/product\/5841","targetHints":{"allow":["GET"]}}],"collection":[{"href":"https:\/\/beautysba.co.uk\/lt\/wp-json\/wp\/v2\/product"}],"about":[{"href":"https:\/\/beautysba.co.uk\/lt\/wp-json\/wp\/v2\/types\/product"}],"replies":[{"embeddable":true,"href":"https:\/\/beautysba.co.uk\/lt\/wp-json\/wp\/v2\/comments?post=5841"}],"wp:featuredmedia":[{"embeddable":true,"href":"https:\/\/beautysba.co.uk\/lt\/wp-json\/wp\/v2\/media\/2895"}],"wp:attachment":[{"href":"https:\/\/beautysba.co.uk\/lt\/wp-json\/wp\/v2\/media?parent=5841"}],"wp:term":[{"taxonomy":"product_brand","embeddable":true,"href":"https:\/\/beautysba.co.uk\/lt\/wp-json\/wp\/v2\/product_brand?post=5841"},{"taxonomy":"product_cat","embeddable":true,"href":"https:\/\/beautysba.co.uk\/lt\/wp-json\/wp\/v2\/product_cat?post=5841"},{"taxonomy":"product_tag","embeddable":true,"href":"https:\/\/beautysba.co.uk\/lt\/wp-json\/wp\/v2\/product_tag?post=5841"}],"curies":[{"name":"wp","href":"https:\/\/api.w.org\/{rel}","templated":true}]}}